{"id":6339,"date":"2022-09-30T10:48:58","date_gmt":"2022-09-30T13:48:58","guid":{"rendered":"https:\/\/crunchoil.com\/?post_type=product&#038;p=6339"},"modified":"2022-10-04T10:46:20","modified_gmt":"2022-10-04T13:46:20","slug":"dcr-m","status":"publish","type":"product","link":"http:\/\/crunchoil.com\/pt\/nuestros-productos\/dcr-m\/","title":{"rendered":"DCR-M"},"content":{"rendered":"","protected":false},"excerpt":{"rendered":"<p>Desincrustante de base inibida para a remo\u00e7\u00e3o de sais ou lodo calc\u00e1rio, incrustado e precipitado.<\/p>\n<hr \/>\n<p><strong>Apresenta\u00e7\u00e3o:<\/strong> 5L, 20L, 200L, 1000L<\/p>","protected":false},"featured_media":6360,"comment_status":"open","ping_status":"closed","template":"","meta":{"_et_pb_use_builder":"","_et_pb_old_content":"","_et_gb_content_width":"","inline_featured_image":false},"product_brand":[],"product_cat":[35,41],"product_tag":[],"class_list":{"0":"post-6339","1":"product","2":"type-product","3":"status-publish","4":"has-post-thumbnail","6":"product_cat-limpieza-industrial","7":"product_cat-desincrustantes","9":"first","10":"instock","11":"shipping-taxable","12":"product-type-simple"},"yoast_head":"<!-- This site is optimized with the Yoast SEO plugin v24.3 - https:\/\/yoast.com\/wordpress\/plugins\/seo\/ -->\n<title>DCR-M - CrunchOil<\/title>\n<meta name=\"robots\" content=\"index, follow, max-snippet:-1, max-image-preview:large, max-video-preview:-1\" \/>\n<link rel=\"canonical\" href=\"https:\/\/crunchoil.com\/pt\/es_es\/nuestros-productos\/dcr-m\/\" \/>\n<meta property=\"og:locale\" content=\"pt_BR\" \/>\n<meta property=\"og:type\" content=\"article\" \/>\n<meta property=\"og:title\" content=\"DCR-M - CrunchOil\" \/>\n<meta property=\"og:description\" content=\"Desincrustante base inhibida para la eliminaci\u00f3n de sales calc\u00e1reas, incrustadas, precipitadas o lodos.    Presentaci\u00f3n: 5L, 20L, 200L, 1000L\" \/>\n<meta property=\"og:url\" content=\"https:\/\/crunchoil.com\/pt\/es_es\/nuestros-productos\/dcr-m\/\" \/>\n<meta property=\"og:site_name\" content=\"CrunchOil\" \/>\n<meta property=\"article:modified_time\" content=\"2022-10-04T13:46:20+00:00\" \/>\n<meta property=\"og:image\" content=\"https:\/\/crunchoil.com\/wp-content\/uploads\/2022\/09\/dcr-m-1.jpg\" \/>\n\t<meta property=\"og:image:width\" content=\"500\" \/>\n\t<meta property=\"og:image:height\" content=\"500\" \/>\n\t<meta property=\"og:image:type\" content=\"image\/jpeg\" \/>\n<meta name=\"twitter:card\" content=\"summary_large_image\" \/>\n<script type=\"application\/ld+json\" class=\"yoast-schema-graph\">{\"@context\":\"https:\/\/schema.org\",\"@graph\":[{\"@type\":\"WebPage\",\"@id\":\"https:\/\/crunchoil.com\/es_es\/nuestros-productos\/dcr-m\/\",\"url\":\"https:\/\/crunchoil.com\/es_es\/nuestros-productos\/dcr-m\/\",\"name\":\"DCR-M - CrunchOil\",\"isPartOf\":{\"@id\":\"https:\/\/crunchoil.com\/es_es\/#website\"},\"primaryImageOfPage\":{\"@id\":\"https:\/\/crunchoil.com\/es_es\/nuestros-productos\/dcr-m\/#primaryimage\"},\"image\":{\"@id\":\"https:\/\/crunchoil.com\/es_es\/nuestros-productos\/dcr-m\/#primaryimage\"},\"thumbnailUrl\":\"https:\/\/crunchoil.com\/wp-content\/uploads\/2022\/09\/dcr-m-1.jpg\",\"datePublished\":\"2022-09-30T13:48:58+00:00\",\"dateModified\":\"2022-10-04T13:46:20+00:00\",\"breadcrumb\":{\"@id\":\"https:\/\/crunchoil.com\/es_es\/nuestros-productos\/dcr-m\/#breadcrumb\"},\"inLanguage\":\"pt-BR\",\"potentialAction\":[{\"@type\":\"ReadAction\",\"target\":[\"https:\/\/crunchoil.com\/es_es\/nuestros-productos\/dcr-m\/\"]}]},{\"@type\":\"ImageObject\",\"inLanguage\":\"pt-BR\",\"@id\":\"https:\/\/crunchoil.com\/es_es\/nuestros-productos\/dcr-m\/#primaryimage\",\"url\":\"https:\/\/crunchoil.com\/wp-content\/uploads\/2022\/09\/dcr-m-1.jpg\",\"contentUrl\":\"https:\/\/crunchoil.com\/wp-content\/uploads\/2022\/09\/dcr-m-1.jpg\",\"width\":500,\"height\":500},{\"@type\":\"BreadcrumbList\",\"@id\":\"https:\/\/crunchoil.com\/es_es\/nuestros-productos\/dcr-m\/#breadcrumb\",\"itemListElement\":[{\"@type\":\"ListItem\",\"position\":1,\"name\":\"Portada\",\"item\":\"https:\/\/crunchoil.com\/es\/\"},{\"@type\":\"ListItem\",\"position\":2,\"name\":\"NUESTROS PRODUCTOS\",\"item\":\"https:\/\/crunchoil.com\/nuestros-productos\/\"},{\"@type\":\"ListItem\",\"position\":3,\"name\":\"DCR-M\"}]},{\"@type\":\"WebSite\",\"@id\":\"https:\/\/crunchoil.com\/es_es\/#website\",\"url\":\"https:\/\/crunchoil.com\/es_es\/\",\"name\":\"CrunchOil\",\"description\":\"CrunchOil\",\"potentialAction\":[{\"@type\":\"SearchAction\",\"target\":{\"@type\":\"EntryPoint\",\"urlTemplate\":\"https:\/\/crunchoil.com\/es_es\/?s={search_term_string}\"},\"query-input\":{\"@type\":\"PropertyValueSpecification\",\"valueRequired\":true,\"valueName\":\"search_term_string\"}}],\"inLanguage\":\"pt-BR\"}]}<\/script>\n<!-- \/ Yoast SEO plugin. -->","yoast_head_json":{"title":"DCR-M - CrunchOil","robots":{"index":"index","follow":"follow","max-snippet":"max-snippet:-1","max-image-preview":"max-image-preview:large","max-video-preview":"max-video-preview:-1"},"canonical":"https:\/\/crunchoil.com\/pt\/es_es\/nuestros-productos\/dcr-m\/","og_locale":"pt_BR","og_type":"article","og_title":"DCR-M - CrunchOil","og_description":"Desincrustante base inhibida para la eliminaci\u00f3n de sales calc\u00e1reas, incrustadas, precipitadas o lodos.    Presentaci\u00f3n: 5L, 20L, 200L, 1000L","og_url":"https:\/\/crunchoil.com\/pt\/es_es\/nuestros-productos\/dcr-m\/","og_site_name":"CrunchOil","article_modified_time":"2022-10-04T13:46:20+00:00","og_image":[{"width":500,"height":500,"url":"https:\/\/crunchoil.com\/wp-content\/uploads\/2022\/09\/dcr-m-1.jpg","type":"image\/jpeg"}],"twitter_card":"summary_large_image","schema":{"@context":"https:\/\/schema.org","@graph":[{"@type":"WebPage","@id":"https:\/\/crunchoil.com\/es_es\/nuestros-productos\/dcr-m\/","url":"https:\/\/crunchoil.com\/es_es\/nuestros-productos\/dcr-m\/","name":"DCR-M - CrunchOil","isPartOf":{"@id":"https:\/\/crunchoil.com\/es_es\/#website"},"primaryImageOfPage":{"@id":"https:\/\/crunchoil.com\/es_es\/nuestros-productos\/dcr-m\/#primaryimage"},"image":{"@id":"https:\/\/crunchoil.com\/es_es\/nuestros-productos\/dcr-m\/#primaryimage"},"thumbnailUrl":"https:\/\/crunchoil.com\/wp-content\/uploads\/2022\/09\/dcr-m-1.jpg","datePublished":"2022-09-30T13:48:58+00:00","dateModified":"2022-10-04T13:46:20+00:00","breadcrumb":{"@id":"https:\/\/crunchoil.com\/es_es\/nuestros-productos\/dcr-m\/#breadcrumb"},"inLanguage":"pt-BR","potentialAction":[{"@type":"ReadAction","target":["https:\/\/crunchoil.com\/es_es\/nuestros-productos\/dcr-m\/"]}]},{"@type":"ImageObject","inLanguage":"pt-BR","@id":"https:\/\/crunchoil.com\/es_es\/nuestros-productos\/dcr-m\/#primaryimage","url":"https:\/\/crunchoil.com\/wp-content\/uploads\/2022\/09\/dcr-m-1.jpg","contentUrl":"https:\/\/crunchoil.com\/wp-content\/uploads\/2022\/09\/dcr-m-1.jpg","width":500,"height":500},{"@type":"BreadcrumbList","@id":"https:\/\/crunchoil.com\/es_es\/nuestros-productos\/dcr-m\/#breadcrumb","itemListElement":[{"@type":"ListItem","position":1,"name":"Portada","item":"https:\/\/crunchoil.com\/es\/"},{"@type":"ListItem","position":2,"name":"NUESTROS PRODUCTOS","item":"https:\/\/crunchoil.com\/nuestros-productos\/"},{"@type":"ListItem","position":3,"name":"DCR-M"}]},{"@type":"WebSite","@id":"https:\/\/crunchoil.com\/es_es\/#website","url":"https:\/\/crunchoil.com\/es_es\/","name":"CrunchOil","description":"CrunchOil","potentialAction":[{"@type":"SearchAction","target":{"@type":"EntryPoint","urlTemplate":"https:\/\/crunchoil.com\/es_es\/?s={search_term_string}"},"query-input":{"@type":"PropertyValueSpecification","valueRequired":true,"valueName":"search_term_string"}}],"inLanguage":"pt-BR"}]}},"_links":{"self":[{"href":"http:\/\/crunchoil.com\/pt\/wp-json\/wp\/v2\/product\/6339","targetHints":{"allow":["GET"]}}],"collection":[{"href":"http:\/\/crunchoil.com\/pt\/wp-json\/wp\/v2\/product"}],"about":[{"href":"http:\/\/crunchoil.com\/pt\/wp-json\/wp\/v2\/types\/product"}],"replies":[{"embeddable":true,"href":"http:\/\/crunchoil.com\/pt\/wp-json\/wp\/v2\/comments?post=6339"}],"wp:featuredmedia":[{"embeddable":true,"href":"http:\/\/crunchoil.com\/pt\/wp-json\/wp\/v2\/media\/6360"}],"wp:attachment":[{"href":"http:\/\/crunchoil.com\/pt\/wp-json\/wp\/v2\/media?parent=6339"}],"wp:term":[{"taxonomy":"product_brand","embeddable":true,"href":"http:\/\/crunchoil.com\/pt\/wp-json\/wp\/v2\/product_brand?post=6339"},{"taxonomy":"product_cat","embeddable":true,"href":"http:\/\/crunchoil.com\/pt\/wp-json\/wp\/v2\/product_cat?post=6339"},{"taxonomy":"product_tag","embeddable":true,"href":"http:\/\/crunchoil.com\/pt\/wp-json\/wp\/v2\/product_tag?post=6339"}],"curies":[{"name":"wp","href":"https:\/\/api.w.org\/{rel}","templated":true}]}}