{"id":6336,"date":"2022-09-30T10:13:39","date_gmt":"2022-09-30T13:13:39","guid":{"rendered":"https:\/\/crunchoil.com\/?post_type=product&#038;p=6336"},"modified":"2022-09-30T10:14:47","modified_gmt":"2022-09-30T13:14:47","slug":"ucd-gabinete-antiderrames","status":"publish","type":"product","link":"http:\/\/crunchoil.com\/pt\/nuestros-productos\/ucd-gabinete-antiderrames\/","title":{"rendered":"ARM\u00c1RIO ANTI-DERRAMAMENTO"},"content":{"rendered":"","protected":false},"excerpt":{"rendered":"<p>Unidade fixa, que no seu interior disp\u00f5e de um conjunto de equipamentos e materiais para lidar com uma conting\u00eancia derivada de um vazamento, de pequena ou m\u00e9dia escala, ou para utilizar como elemento preventivo em instala\u00e7\u00f5es operacionais.<\/p>\n<hr \/>\n<p><strong>Apresenta\u00e7\u00e3o:<\/strong> Produto feito sob medida.<\/p>","protected":false},"featured_media":6332,"comment_status":"open","ping_status":"closed","template":"","meta":{"_et_pb_use_builder":"","_et_pb_old_content":"","_et_gb_content_width":"","inline_featured_image":false},"product_brand":[],"product_cat":[30,69],"product_tag":[],"class_list":{"0":"post-6336","1":"product","2":"type-product","3":"status-publish","4":"has-post-thumbnail","6":"product_cat-control-de-derrames","7":"product_cat-ucd","9":"first","10":"instock","11":"shipping-taxable","12":"product-type-simple"},"yoast_head":"<!-- This site is optimized with the Yoast SEO plugin v24.3 - https:\/\/yoast.com\/wordpress\/plugins\/seo\/ -->\n<title>UCD GABINETE ANTIDERRAMES - CrunchOil<\/title>\n<meta name=\"robots\" content=\"index, follow, max-snippet:-1, max-image-preview:large, max-video-preview:-1\" \/>\n<link rel=\"canonical\" href=\"https:\/\/crunchoil.com\/pt\/es_es\/nuestros-productos\/ucd-gabinete-antiderrames\/\" \/>\n<meta property=\"og:locale\" content=\"pt_BR\" \/>\n<meta property=\"og:type\" content=\"article\" \/>\n<meta property=\"og:title\" content=\"UCD GABINETE ANTIDERRAMES - CrunchOil\" \/>\n<meta property=\"og:description\" content=\"Unidad fija con equipos y materiales absorbentes para atender una contingencia derivada de un derrame de peque\u00f1a o mediana escala, o como elemento preventivo en instalaciones operativas.    Presentaci\u00f3n: Producto hecho a medida.\" \/>\n<meta property=\"og:url\" content=\"https:\/\/crunchoil.com\/pt\/es_es\/nuestros-productos\/ucd-gabinete-antiderrames\/\" \/>\n<meta property=\"og:site_name\" content=\"CrunchOil\" \/>\n<meta property=\"article:modified_time\" content=\"2022-09-30T13:14:47+00:00\" \/>\n<meta property=\"og:image\" content=\"https:\/\/crunchoil.com\/wp-content\/uploads\/2022\/04\/ucd-gabinete-antiderrames-1.jpg\" \/>\n\t<meta property=\"og:image:width\" content=\"500\" \/>\n\t<meta property=\"og:image:height\" content=\"500\" \/>\n\t<meta property=\"og:image:type\" content=\"image\/jpeg\" \/>\n<meta name=\"twitter:card\" content=\"summary_large_image\" \/>\n<script type=\"application\/ld+json\" class=\"yoast-schema-graph\">{\"@context\":\"https:\/\/schema.org\",\"@graph\":[{\"@type\":\"WebPage\",\"@id\":\"https:\/\/crunchoil.com\/es_es\/nuestros-productos\/ucd-gabinete-antiderrames\/\",\"url\":\"https:\/\/crunchoil.com\/es_es\/nuestros-productos\/ucd-gabinete-antiderrames\/\",\"name\":\"UCD GABINETE ANTIDERRAMES - CrunchOil\",\"isPartOf\":{\"@id\":\"https:\/\/crunchoil.com\/es_es\/#website\"},\"primaryImageOfPage\":{\"@id\":\"https:\/\/crunchoil.com\/es_es\/nuestros-productos\/ucd-gabinete-antiderrames\/#primaryimage\"},\"image\":{\"@id\":\"https:\/\/crunchoil.com\/es_es\/nuestros-productos\/ucd-gabinete-antiderrames\/#primaryimage\"},\"thumbnailUrl\":\"https:\/\/crunchoil.com\/wp-content\/uploads\/2022\/04\/ucd-gabinete-antiderrames-1.jpg\",\"datePublished\":\"2022-09-30T13:13:39+00:00\",\"dateModified\":\"2022-09-30T13:14:47+00:00\",\"breadcrumb\":{\"@id\":\"https:\/\/crunchoil.com\/es_es\/nuestros-productos\/ucd-gabinete-antiderrames\/#breadcrumb\"},\"inLanguage\":\"pt-BR\",\"potentialAction\":[{\"@type\":\"ReadAction\",\"target\":[\"https:\/\/crunchoil.com\/es_es\/nuestros-productos\/ucd-gabinete-antiderrames\/\"]}]},{\"@type\":\"ImageObject\",\"inLanguage\":\"pt-BR\",\"@id\":\"https:\/\/crunchoil.com\/es_es\/nuestros-productos\/ucd-gabinete-antiderrames\/#primaryimage\",\"url\":\"https:\/\/crunchoil.com\/wp-content\/uploads\/2022\/04\/ucd-gabinete-antiderrames-1.jpg\",\"contentUrl\":\"https:\/\/crunchoil.com\/wp-content\/uploads\/2022\/04\/ucd-gabinete-antiderrames-1.jpg\",\"width\":500,\"height\":500},{\"@type\":\"BreadcrumbList\",\"@id\":\"https:\/\/crunchoil.com\/es_es\/nuestros-productos\/ucd-gabinete-antiderrames\/#breadcrumb\",\"itemListElement\":[{\"@type\":\"ListItem\",\"position\":1,\"name\":\"Portada\",\"item\":\"https:\/\/crunchoil.com\/es\/\"},{\"@type\":\"ListItem\",\"position\":2,\"name\":\"NUESTROS PRODUCTOS\",\"item\":\"https:\/\/crunchoil.com\/nuestros-productos\/\"},{\"@type\":\"ListItem\",\"position\":3,\"name\":\"UCD GABINETE ANTIDERRAMES\"}]},{\"@type\":\"WebSite\",\"@id\":\"https:\/\/crunchoil.com\/es_es\/#website\",\"url\":\"https:\/\/crunchoil.com\/es_es\/\",\"name\":\"CrunchOil\",\"description\":\"CrunchOil\",\"potentialAction\":[{\"@type\":\"SearchAction\",\"target\":{\"@type\":\"EntryPoint\",\"urlTemplate\":\"https:\/\/crunchoil.com\/es_es\/?s={search_term_string}\"},\"query-input\":{\"@type\":\"PropertyValueSpecification\",\"valueRequired\":true,\"valueName\":\"search_term_string\"}}],\"inLanguage\":\"pt-BR\"}]}<\/script>\n<!-- \/ Yoast SEO plugin. -->","yoast_head_json":{"title":"UCD GABINETE ANTIDERRAMES - CrunchOil","robots":{"index":"index","follow":"follow","max-snippet":"max-snippet:-1","max-image-preview":"max-image-preview:large","max-video-preview":"max-video-preview:-1"},"canonical":"https:\/\/crunchoil.com\/pt\/es_es\/nuestros-productos\/ucd-gabinete-antiderrames\/","og_locale":"pt_BR","og_type":"article","og_title":"UCD GABINETE ANTIDERRAMES - CrunchOil","og_description":"Unidad fija con equipos y materiales absorbentes para atender una contingencia derivada de un derrame de peque\u00f1a o mediana escala, o como elemento preventivo en instalaciones operativas.    Presentaci\u00f3n: Producto hecho a medida.","og_url":"https:\/\/crunchoil.com\/pt\/es_es\/nuestros-productos\/ucd-gabinete-antiderrames\/","og_site_name":"CrunchOil","article_modified_time":"2022-09-30T13:14:47+00:00","og_image":[{"width":500,"height":500,"url":"https:\/\/crunchoil.com\/wp-content\/uploads\/2022\/04\/ucd-gabinete-antiderrames-1.jpg","type":"image\/jpeg"}],"twitter_card":"summary_large_image","schema":{"@context":"https:\/\/schema.org","@graph":[{"@type":"WebPage","@id":"https:\/\/crunchoil.com\/es_es\/nuestros-productos\/ucd-gabinete-antiderrames\/","url":"https:\/\/crunchoil.com\/es_es\/nuestros-productos\/ucd-gabinete-antiderrames\/","name":"UCD GABINETE ANTIDERRAMES - CrunchOil","isPartOf":{"@id":"https:\/\/crunchoil.com\/es_es\/#website"},"primaryImageOfPage":{"@id":"https:\/\/crunchoil.com\/es_es\/nuestros-productos\/ucd-gabinete-antiderrames\/#primaryimage"},"image":{"@id":"https:\/\/crunchoil.com\/es_es\/nuestros-productos\/ucd-gabinete-antiderrames\/#primaryimage"},"thumbnailUrl":"https:\/\/crunchoil.com\/wp-content\/uploads\/2022\/04\/ucd-gabinete-antiderrames-1.jpg","datePublished":"2022-09-30T13:13:39+00:00","dateModified":"2022-09-30T13:14:47+00:00","breadcrumb":{"@id":"https:\/\/crunchoil.com\/es_es\/nuestros-productos\/ucd-gabinete-antiderrames\/#breadcrumb"},"inLanguage":"pt-BR","potentialAction":[{"@type":"ReadAction","target":["https:\/\/crunchoil.com\/es_es\/nuestros-productos\/ucd-gabinete-antiderrames\/"]}]},{"@type":"ImageObject","inLanguage":"pt-BR","@id":"https:\/\/crunchoil.com\/es_es\/nuestros-productos\/ucd-gabinete-antiderrames\/#primaryimage","url":"https:\/\/crunchoil.com\/wp-content\/uploads\/2022\/04\/ucd-gabinete-antiderrames-1.jpg","contentUrl":"https:\/\/crunchoil.com\/wp-content\/uploads\/2022\/04\/ucd-gabinete-antiderrames-1.jpg","width":500,"height":500},{"@type":"BreadcrumbList","@id":"https:\/\/crunchoil.com\/es_es\/nuestros-productos\/ucd-gabinete-antiderrames\/#breadcrumb","itemListElement":[{"@type":"ListItem","position":1,"name":"Portada","item":"https:\/\/crunchoil.com\/es\/"},{"@type":"ListItem","position":2,"name":"NUESTROS PRODUCTOS","item":"https:\/\/crunchoil.com\/nuestros-productos\/"},{"@type":"ListItem","position":3,"name":"UCD GABINETE ANTIDERRAMES"}]},{"@type":"WebSite","@id":"https:\/\/crunchoil.com\/es_es\/#website","url":"https:\/\/crunchoil.com\/es_es\/","name":"CrunchOil","description":"CrunchOil","potentialAction":[{"@type":"SearchAction","target":{"@type":"EntryPoint","urlTemplate":"https:\/\/crunchoil.com\/es_es\/?s={search_term_string}"},"query-input":{"@type":"PropertyValueSpecification","valueRequired":true,"valueName":"search_term_string"}}],"inLanguage":"pt-BR"}]}},"_links":{"self":[{"href":"http:\/\/crunchoil.com\/pt\/wp-json\/wp\/v2\/product\/6336","targetHints":{"allow":["GET"]}}],"collection":[{"href":"http:\/\/crunchoil.com\/pt\/wp-json\/wp\/v2\/product"}],"about":[{"href":"http:\/\/crunchoil.com\/pt\/wp-json\/wp\/v2\/types\/product"}],"replies":[{"embeddable":true,"href":"http:\/\/crunchoil.com\/pt\/wp-json\/wp\/v2\/comments?post=6336"}],"wp:featuredmedia":[{"embeddable":true,"href":"http:\/\/crunchoil.com\/pt\/wp-json\/wp\/v2\/media\/6332"}],"wp:attachment":[{"href":"http:\/\/crunchoil.com\/pt\/wp-json\/wp\/v2\/media?parent=6336"}],"wp:term":[{"taxonomy":"product_brand","embeddable":true,"href":"http:\/\/crunchoil.com\/pt\/wp-json\/wp\/v2\/product_brand?post=6336"},{"taxonomy":"product_cat","embeddable":true,"href":"http:\/\/crunchoil.com\/pt\/wp-json\/wp\/v2\/product_cat?post=6336"},{"taxonomy":"product_tag","embeddable":true,"href":"http:\/\/crunchoil.com\/pt\/wp-json\/wp\/v2\/product_tag?post=6336"}],"curies":[{"name":"wp","href":"https:\/\/api.w.org\/{rel}","templated":true}]}}