{"id":5729,"date":"2022-04-26T12:42:13","date_gmt":"2022-04-26T15:42:13","guid":{"rendered":"https:\/\/dev.jfgancia.com\/crunchoil\/?post_type=product&#038;p=5729"},"modified":"2022-09-29T12:09:05","modified_gmt":"2022-09-29T15:09:05","slug":"sistema-de-filtrado","status":"publish","type":"product","link":"http:\/\/crunchoil.com\/pt\/nuestros-productos\/sistema-de-filtrado\/","title":{"rendered":"Sistema de Filtragem"},"content":{"rendered":"","protected":false},"excerpt":{"rendered":"<p>Nas \u00faltimas d\u00e9cadas, o mundo tem se preocupado com os problemas relacionados ao descarte de efluentes l\u00edquidos de suprimentos de \u00e1gua dom\u00e9sticos, comerciais e industriais.<\/p>\n<p>A polui\u00e7\u00e3o qu\u00edmica do meio ambiente se tornou um dos problemas globais mais urgentes da humanidade. Mais de 1 bilh\u00e3o de toneladas de \u00e1guas residuais s\u00e3o despejadas anualmente nos len\u00e7\u00f3is fre\u00e1ticos, rios, lagos e oceanos do mundo, causando s\u00e9rios problemas de polui\u00e7\u00e3o que afetam a flora e a fauna e podem se tornar fontes potenciais de doen\u00e7as. Essas \u00e1guas residuais devem ser tratadas adequadamente para evitar que seu descarte cause os problemas mencionados acima.<\/p>\n<p class=\"translation-block\">Buscando uma solu\u00e7\u00e3o para esse problema crescente, a Negocios Globales S.A. desenvolveu um equipamento para o tratamento e a recupera\u00e7\u00e3o de \u00e1gua com hidrocarbonetos emulsionados.<\/p>\n<p>O desafio foi a constru\u00e7\u00e3o de um filtro capaz de extrair hidrocarbonetos de qualquer matriz de \u00e1gua, gerando condi\u00e7\u00f5es particulares para cada mistura de poluentes na \u00e1gua.<\/p>\n<p>Atualmente, foram realizados testes em v\u00e1rias empresas da prov\u00edncia de Mendoza, obtendo resultados muito positivos.<\/p>\n<p class=\"translation-block\">A proposta de valor agregado da Negocios Globales S.A. \u00e9 fabricar um sistema de filtragem m\u00f3vel, compacto e vers\u00e1til, de f\u00e1cil opera\u00e7\u00e3o, baixa manuten\u00e7\u00e3o e baixo consumo de energia.<\/p>\n<p>Escopo do desenvolvimento:<\/p>\n<p>- Teor m\u00e1ximo de HC na sa\u00edda: menos de 5mg\/L<\/p>\n<p>- Teor m\u00e1ximo de s\u00f3lidos suspensos: menos de 10 mg\/L<\/p>\n<p>- Turbidez da \u00e1gua de sa\u00edda: menos de 20 NTU (clara)<\/p>\n<p>- Volume de \u00e1gua tratada: de acordo com os requisitos<\/p>","protected":false},"featured_media":5732,"comment_status":"open","ping_status":"closed","template":"","meta":{"_et_pb_use_builder":"","_et_pb_old_content":"","_et_gb_content_width":"","inline_featured_image":false},"product_brand":[],"product_cat":[55],"product_tag":[],"class_list":{"0":"post-5729","1":"product","2":"type-product","3":"status-publish","4":"has-post-thumbnail","6":"product_cat-sistema-de-filtrado","8":"first","9":"instock","10":"shipping-taxable","11":"product-type-simple"},"yoast_head":"<!-- This site is optimized with the Yoast SEO plugin v24.3 - https:\/\/yoast.com\/wordpress\/plugins\/seo\/ -->\n<title>Sistema de Filtrado - CrunchOil<\/title>\n<meta name=\"robots\" content=\"index, follow, max-snippet:-1, max-image-preview:large, max-video-preview:-1\" \/>\n<link rel=\"canonical\" href=\"https:\/\/crunchoil.com\/pt\/nuestros-productos\/sistema-de-filtrado\/\" \/>\n<meta property=\"og:locale\" content=\"pt_BR\" \/>\n<meta property=\"og:type\" content=\"article\" \/>\n<meta property=\"og:title\" content=\"Sistema de Filtrado - CrunchOil\" \/>\n<meta property=\"og:description\" content=\"En las \u00faltimas d\u00e9cadas el mundo ha venido mostrando preocupaci\u00f3n por los problemas relacionados con la disposici\u00f3n de los efluentes l\u00edquidos provenientes del uso dom\u00e9stico, comercial e industrial de las aguas de abastecimiento.  La contaminaci\u00f3n qu\u00edmica del medio ambiente se ha convertido en uno de los problemas globales m\u00e1s urgentes de la humanidad. M\u00e1s de 1000 millones de toneladas de aguas residuales son vertidas anualmente al agua subterr\u00e1nea, a r\u00edos, lagos y oc\u00e9anos del mundo, ocasionando graves inconvenientes de contaminaci\u00f3n que afectan la flora y la fauna, y que pueden convertirse en potenciales fuentes de enfermedades. Estas aguas residuales deben recibir un tratamiento adecuado para evitar que su disposici\u00f3n cause los problemas antes mencionados.  Buscando una soluci\u00f3n a la creciente problem\u00e1tica, Negocios Globales S.A. ha desarrollado un equipo para el tratamiento y la recuperaci\u00f3n de agua con hidrocarburos emulsionados.  El desaf\u00edo fue la construcci\u00f3n de un filtro capaz de extraer los hidrocarburos de cualquier matriz de agua, generando condiciones particulares para cada mezcla de contaminantes en agua.  Actualmente, se han realizado pruebas de su funcionamiento en varias empresas de la provincia de Mendoza, obteniendo resultados muy positivos.  La propuesta de valor agregado de Negocios Globales S.A. es realizar un sistema de filtrado m\u00f3vil, compacto y vers\u00e1til; de f\u00e1cil operaci\u00f3n, poco mantenimiento y bajo consumo de energ\u00eda.  Alcances del desarrollo:  \u2013 Contenido m\u00e1x. de HC de salida: inferior a 5mg\/L  \u2013 Contenido m\u00e1x. de s\u00f3lidos en suspensi\u00f3n: inferior a 10mg\/L  \u2013 Turbidez del agua de salida: inferior a 20 NTU (transparente)  \u2013 Volumen de agua tratada: seg\u00fan requerimientos\" \/>\n<meta property=\"og:url\" content=\"https:\/\/crunchoil.com\/pt\/nuestros-productos\/sistema-de-filtrado\/\" \/>\n<meta property=\"og:site_name\" content=\"CrunchOil\" \/>\n<meta property=\"article:modified_time\" content=\"2022-09-29T15:09:05+00:00\" \/>\n<meta property=\"og:image\" content=\"https:\/\/crunchoil.com\/wp-content\/uploads\/2022\/04\/sistema-de-filtrado-3.jpg\" \/>\n\t<meta property=\"og:image:width\" content=\"500\" \/>\n\t<meta property=\"og:image:height\" content=\"500\" \/>\n\t<meta property=\"og:image:type\" content=\"image\/jpeg\" \/>\n<meta name=\"twitter:card\" content=\"summary_large_image\" \/>\n<script type=\"application\/ld+json\" class=\"yoast-schema-graph\">{\"@context\":\"https:\/\/schema.org\",\"@graph\":[{\"@type\":\"WebPage\",\"@id\":\"https:\/\/crunchoil.com\/nuestros-productos\/sistema-de-filtrado\/\",\"url\":\"https:\/\/crunchoil.com\/nuestros-productos\/sistema-de-filtrado\/\",\"name\":\"Sistema de Filtrado - CrunchOil\",\"isPartOf\":{\"@id\":\"https:\/\/crunchoil.com\/es_es\/#website\"},\"primaryImageOfPage\":{\"@id\":\"https:\/\/crunchoil.com\/nuestros-productos\/sistema-de-filtrado\/#primaryimage\"},\"image\":{\"@id\":\"https:\/\/crunchoil.com\/nuestros-productos\/sistema-de-filtrado\/#primaryimage\"},\"thumbnailUrl\":\"https:\/\/crunchoil.com\/wp-content\/uploads\/2022\/04\/sistema-de-filtrado-3.jpg\",\"datePublished\":\"2022-04-26T15:42:13+00:00\",\"dateModified\":\"2022-09-29T15:09:05+00:00\",\"breadcrumb\":{\"@id\":\"https:\/\/crunchoil.com\/nuestros-productos\/sistema-de-filtrado\/#breadcrumb\"},\"inLanguage\":\"pt-BR\",\"potentialAction\":[{\"@type\":\"ReadAction\",\"target\":[\"https:\/\/crunchoil.com\/nuestros-productos\/sistema-de-filtrado\/\"]}]},{\"@type\":\"ImageObject\",\"inLanguage\":\"pt-BR\",\"@id\":\"https:\/\/crunchoil.com\/nuestros-productos\/sistema-de-filtrado\/#primaryimage\",\"url\":\"https:\/\/crunchoil.com\/wp-content\/uploads\/2022\/04\/sistema-de-filtrado-3.jpg\",\"contentUrl\":\"https:\/\/crunchoil.com\/wp-content\/uploads\/2022\/04\/sistema-de-filtrado-3.jpg\",\"width\":500,\"height\":500},{\"@type\":\"BreadcrumbList\",\"@id\":\"https:\/\/crunchoil.com\/nuestros-productos\/sistema-de-filtrado\/#breadcrumb\",\"itemListElement\":[{\"@type\":\"ListItem\",\"position\":1,\"name\":\"Portada\",\"item\":\"https:\/\/crunchoil.com\/es\/\"},{\"@type\":\"ListItem\",\"position\":2,\"name\":\"NUESTROS PRODUCTOS\",\"item\":\"https:\/\/crunchoil.com\/nuestros-productos\/\"},{\"@type\":\"ListItem\",\"position\":3,\"name\":\"Sistema de Filtrado\"}]},{\"@type\":\"WebSite\",\"@id\":\"https:\/\/crunchoil.com\/es_es\/#website\",\"url\":\"https:\/\/crunchoil.com\/es_es\/\",\"name\":\"CrunchOil\",\"description\":\"CrunchOil\",\"potentialAction\":[{\"@type\":\"SearchAction\",\"target\":{\"@type\":\"EntryPoint\",\"urlTemplate\":\"https:\/\/crunchoil.com\/es_es\/?s={search_term_string}\"},\"query-input\":{\"@type\":\"PropertyValueSpecification\",\"valueRequired\":true,\"valueName\":\"search_term_string\"}}],\"inLanguage\":\"pt-BR\"}]}<\/script>\n<!-- \/ Yoast SEO plugin. -->","yoast_head_json":{"title":"Sistema de Filtrado - CrunchOil","robots":{"index":"index","follow":"follow","max-snippet":"max-snippet:-1","max-image-preview":"max-image-preview:large","max-video-preview":"max-video-preview:-1"},"canonical":"https:\/\/crunchoil.com\/pt\/nuestros-productos\/sistema-de-filtrado\/","og_locale":"pt_BR","og_type":"article","og_title":"Sistema de Filtrado - CrunchOil","og_description":"En las \u00faltimas d\u00e9cadas el mundo ha venido mostrando preocupaci\u00f3n por los problemas relacionados con la disposici\u00f3n de los efluentes l\u00edquidos provenientes del uso dom\u00e9stico, comercial e industrial de las aguas de abastecimiento.  La contaminaci\u00f3n qu\u00edmica del medio ambiente se ha convertido en uno de los problemas globales m\u00e1s urgentes de la humanidad. M\u00e1s de 1000 millones de toneladas de aguas residuales son vertidas anualmente al agua subterr\u00e1nea, a r\u00edos, lagos y oc\u00e9anos del mundo, ocasionando graves inconvenientes de contaminaci\u00f3n que afectan la flora y la fauna, y que pueden convertirse en potenciales fuentes de enfermedades. Estas aguas residuales deben recibir un tratamiento adecuado para evitar que su disposici\u00f3n cause los problemas antes mencionados.  Buscando una soluci\u00f3n a la creciente problem\u00e1tica, Negocios Globales S.A. ha desarrollado un equipo para el tratamiento y la recuperaci\u00f3n de agua con hidrocarburos emulsionados.  El desaf\u00edo fue la construcci\u00f3n de un filtro capaz de extraer los hidrocarburos de cualquier matriz de agua, generando condiciones particulares para cada mezcla de contaminantes en agua.  Actualmente, se han realizado pruebas de su funcionamiento en varias empresas de la provincia de Mendoza, obteniendo resultados muy positivos.  La propuesta de valor agregado de Negocios Globales S.A. es realizar un sistema de filtrado m\u00f3vil, compacto y vers\u00e1til; de f\u00e1cil operaci\u00f3n, poco mantenimiento y bajo consumo de energ\u00eda.  Alcances del desarrollo:  \u2013 Contenido m\u00e1x. de HC de salida: inferior a 5mg\/L  \u2013 Contenido m\u00e1x. de s\u00f3lidos en suspensi\u00f3n: inferior a 10mg\/L  \u2013 Turbidez del agua de salida: inferior a 20 NTU (transparente)  \u2013 Volumen de agua tratada: seg\u00fan requerimientos","og_url":"https:\/\/crunchoil.com\/pt\/nuestros-productos\/sistema-de-filtrado\/","og_site_name":"CrunchOil","article_modified_time":"2022-09-29T15:09:05+00:00","og_image":[{"width":500,"height":500,"url":"https:\/\/crunchoil.com\/wp-content\/uploads\/2022\/04\/sistema-de-filtrado-3.jpg","type":"image\/jpeg"}],"twitter_card":"summary_large_image","schema":{"@context":"https:\/\/schema.org","@graph":[{"@type":"WebPage","@id":"https:\/\/crunchoil.com\/nuestros-productos\/sistema-de-filtrado\/","url":"https:\/\/crunchoil.com\/nuestros-productos\/sistema-de-filtrado\/","name":"Sistema de Filtrado - CrunchOil","isPartOf":{"@id":"https:\/\/crunchoil.com\/es_es\/#website"},"primaryImageOfPage":{"@id":"https:\/\/crunchoil.com\/nuestros-productos\/sistema-de-filtrado\/#primaryimage"},"image":{"@id":"https:\/\/crunchoil.com\/nuestros-productos\/sistema-de-filtrado\/#primaryimage"},"thumbnailUrl":"https:\/\/crunchoil.com\/wp-content\/uploads\/2022\/04\/sistema-de-filtrado-3.jpg","datePublished":"2022-04-26T15:42:13+00:00","dateModified":"2022-09-29T15:09:05+00:00","breadcrumb":{"@id":"https:\/\/crunchoil.com\/nuestros-productos\/sistema-de-filtrado\/#breadcrumb"},"inLanguage":"pt-BR","potentialAction":[{"@type":"ReadAction","target":["https:\/\/crunchoil.com\/nuestros-productos\/sistema-de-filtrado\/"]}]},{"@type":"ImageObject","inLanguage":"pt-BR","@id":"https:\/\/crunchoil.com\/nuestros-productos\/sistema-de-filtrado\/#primaryimage","url":"https:\/\/crunchoil.com\/wp-content\/uploads\/2022\/04\/sistema-de-filtrado-3.jpg","contentUrl":"https:\/\/crunchoil.com\/wp-content\/uploads\/2022\/04\/sistema-de-filtrado-3.jpg","width":500,"height":500},{"@type":"BreadcrumbList","@id":"https:\/\/crunchoil.com\/nuestros-productos\/sistema-de-filtrado\/#breadcrumb","itemListElement":[{"@type":"ListItem","position":1,"name":"Portada","item":"https:\/\/crunchoil.com\/es\/"},{"@type":"ListItem","position":2,"name":"NUESTROS PRODUCTOS","item":"https:\/\/crunchoil.com\/nuestros-productos\/"},{"@type":"ListItem","position":3,"name":"Sistema de Filtrado"}]},{"@type":"WebSite","@id":"https:\/\/crunchoil.com\/es_es\/#website","url":"https:\/\/crunchoil.com\/es_es\/","name":"CrunchOil","description":"CrunchOil","potentialAction":[{"@type":"SearchAction","target":{"@type":"EntryPoint","urlTemplate":"https:\/\/crunchoil.com\/es_es\/?s={search_term_string}"},"query-input":{"@type":"PropertyValueSpecification","valueRequired":true,"valueName":"search_term_string"}}],"inLanguage":"pt-BR"}]}},"_links":{"self":[{"href":"http:\/\/crunchoil.com\/pt\/wp-json\/wp\/v2\/product\/5729","targetHints":{"allow":["GET"]}}],"collection":[{"href":"http:\/\/crunchoil.com\/pt\/wp-json\/wp\/v2\/product"}],"about":[{"href":"http:\/\/crunchoil.com\/pt\/wp-json\/wp\/v2\/types\/product"}],"replies":[{"embeddable":true,"href":"http:\/\/crunchoil.com\/pt\/wp-json\/wp\/v2\/comments?post=5729"}],"wp:featuredmedia":[{"embeddable":true,"href":"http:\/\/crunchoil.com\/pt\/wp-json\/wp\/v2\/media\/5732"}],"wp:attachment":[{"href":"http:\/\/crunchoil.com\/pt\/wp-json\/wp\/v2\/media?parent=5729"}],"wp:term":[{"taxonomy":"product_brand","embeddable":true,"href":"http:\/\/crunchoil.com\/pt\/wp-json\/wp\/v2\/product_brand?post=5729"},{"taxonomy":"product_cat","embeddable":true,"href":"http:\/\/crunchoil.com\/pt\/wp-json\/wp\/v2\/product_cat?post=5729"},{"taxonomy":"product_tag","embeddable":true,"href":"http:\/\/crunchoil.com\/pt\/wp-json\/wp\/v2\/product_tag?post=5729"}],"curies":[{"name":"wp","href":"https:\/\/api.w.org\/{rel}","templated":true}]}}