{"id":511,"date":"2022-04-11T10:49:52","date_gmt":"2022-04-11T13:49:52","guid":{"rendered":"https:\/\/dev.jfgancia.com\/crunchoil\/?post_type=product&#038;p=511"},"modified":"2024-06-19T18:42:05","modified_gmt":"2024-06-19T21:42:05","slug":"h-lav","status":"publish","type":"product","link":"http:\/\/crunchoil.com\/pt\/nuestros-productos\/h-lav\/","title":{"rendered":"H-LAV"},"content":{"rendered":"","protected":false},"excerpt":{"rendered":"<p>Uma combina\u00e7\u00e3o de limpadores neutros e agentes umectantes para a remo\u00e7\u00e3o r\u00e1pida e eficaz de sujeira pesada das m\u00e3os.<\/p>\n<hr \/>\n<p><strong>Apresenta\u00e7\u00e3o:<\/strong> 1L, 5L, 20L, 200L, 1000L<\/p>","protected":false},"featured_media":6361,"comment_status":"open","ping_status":"closed","template":"","meta":{"_et_pb_use_builder":"","_et_pb_old_content":"","_et_gb_content_width":"","inline_featured_image":false},"product_brand":[],"product_cat":[39,35],"product_tag":[],"class_list":{"0":"post-511","1":"product","2":"type-product","3":"status-publish","4":"has-post-thumbnail","6":"product_cat-limpiadores","7":"product_cat-limpieza-industrial","9":"first","10":"instock","11":"shipping-taxable","12":"product-type-simple"},"yoast_head":"<!-- This site is optimized with the Yoast SEO plugin v24.3 - https:\/\/yoast.com\/wordpress\/plugins\/seo\/ -->\n<title>H-LAV - CrunchOil<\/title>\n<meta name=\"robots\" content=\"index, follow, max-snippet:-1, max-image-preview:large, max-video-preview:-1\" \/>\n<link rel=\"canonical\" href=\"https:\/\/crunchoil.com\/pt\/nuestros-productos\/h-lav\/\" \/>\n<meta property=\"og:locale\" content=\"pt_BR\" \/>\n<meta property=\"og:type\" content=\"article\" \/>\n<meta property=\"og:title\" content=\"H-LAV - CrunchOil\" \/>\n<meta property=\"og:description\" content=\"Es una combinaci\u00f3n de limpiadores neutros y agentes humectantes para realizar una r\u00e1pida y efectiva remoci\u00f3n de suciedades pesadas de las manos.    Presentaci\u00f3n: 1L, 5L, 20L, 200L, 1000L\" \/>\n<meta property=\"og:url\" content=\"https:\/\/crunchoil.com\/pt\/nuestros-productos\/h-lav\/\" \/>\n<meta property=\"og:site_name\" content=\"CrunchOil\" \/>\n<meta property=\"article:modified_time\" content=\"2024-06-19T21:42:05+00:00\" \/>\n<meta property=\"og:image\" content=\"https:\/\/crunchoil.com\/wp-content\/uploads\/2022\/09\/h-lav-1.jpg\" \/>\n\t<meta property=\"og:image:width\" content=\"500\" \/>\n\t<meta property=\"og:image:height\" content=\"500\" \/>\n\t<meta property=\"og:image:type\" content=\"image\/jpeg\" \/>\n<meta name=\"twitter:card\" content=\"summary_large_image\" \/>\n<meta name=\"twitter:label1\" content=\"Est. tempo de leitura\" \/>\n\t<meta name=\"twitter:data1\" content=\"1 minuto\" \/>\n<script type=\"application\/ld+json\" class=\"yoast-schema-graph\">{\"@context\":\"https:\/\/schema.org\",\"@graph\":[{\"@type\":\"WebPage\",\"@id\":\"https:\/\/crunchoil.com\/nuestros-productos\/h-lav\/\",\"url\":\"https:\/\/crunchoil.com\/nuestros-productos\/h-lav\/\",\"name\":\"H-LAV - CrunchOil\",\"isPartOf\":{\"@id\":\"https:\/\/crunchoil.com\/es_es\/#website\"},\"primaryImageOfPage\":{\"@id\":\"https:\/\/crunchoil.com\/nuestros-productos\/h-lav\/#primaryimage\"},\"image\":{\"@id\":\"https:\/\/crunchoil.com\/nuestros-productos\/h-lav\/#primaryimage\"},\"thumbnailUrl\":\"https:\/\/crunchoil.com\/wp-content\/uploads\/2022\/09\/h-lav-1.jpg\",\"datePublished\":\"2022-04-11T13:49:52+00:00\",\"dateModified\":\"2024-06-19T21:42:05+00:00\",\"breadcrumb\":{\"@id\":\"https:\/\/crunchoil.com\/nuestros-productos\/h-lav\/#breadcrumb\"},\"inLanguage\":\"pt-BR\",\"potentialAction\":[{\"@type\":\"ReadAction\",\"target\":[\"https:\/\/crunchoil.com\/nuestros-productos\/h-lav\/\"]}]},{\"@type\":\"ImageObject\",\"inLanguage\":\"pt-BR\",\"@id\":\"https:\/\/crunchoil.com\/nuestros-productos\/h-lav\/#primaryimage\",\"url\":\"https:\/\/crunchoil.com\/wp-content\/uploads\/2022\/09\/h-lav-1.jpg\",\"contentUrl\":\"https:\/\/crunchoil.com\/wp-content\/uploads\/2022\/09\/h-lav-1.jpg\",\"width\":500,\"height\":500},{\"@type\":\"BreadcrumbList\",\"@id\":\"https:\/\/crunchoil.com\/nuestros-productos\/h-lav\/#breadcrumb\",\"itemListElement\":[{\"@type\":\"ListItem\",\"position\":1,\"name\":\"Portada\",\"item\":\"https:\/\/crunchoil.com\/es\/\"},{\"@type\":\"ListItem\",\"position\":2,\"name\":\"NUESTROS PRODUCTOS\",\"item\":\"https:\/\/crunchoil.com\/nuestros-productos\/\"},{\"@type\":\"ListItem\",\"position\":3,\"name\":\"H-LAV\"}]},{\"@type\":\"WebSite\",\"@id\":\"https:\/\/crunchoil.com\/es_es\/#website\",\"url\":\"https:\/\/crunchoil.com\/es_es\/\",\"name\":\"CrunchOil\",\"description\":\"CrunchOil\",\"potentialAction\":[{\"@type\":\"SearchAction\",\"target\":{\"@type\":\"EntryPoint\",\"urlTemplate\":\"https:\/\/crunchoil.com\/es_es\/?s={search_term_string}\"},\"query-input\":{\"@type\":\"PropertyValueSpecification\",\"valueRequired\":true,\"valueName\":\"search_term_string\"}}],\"inLanguage\":\"pt-BR\"}]}<\/script>\n<!-- \/ Yoast SEO plugin. -->","yoast_head_json":{"title":"H-LAV - CrunchOil","robots":{"index":"index","follow":"follow","max-snippet":"max-snippet:-1","max-image-preview":"max-image-preview:large","max-video-preview":"max-video-preview:-1"},"canonical":"https:\/\/crunchoil.com\/pt\/nuestros-productos\/h-lav\/","og_locale":"pt_BR","og_type":"article","og_title":"H-LAV - CrunchOil","og_description":"Es una combinaci\u00f3n de limpiadores neutros y agentes humectantes para realizar una r\u00e1pida y efectiva remoci\u00f3n de suciedades pesadas de las manos.    Presentaci\u00f3n: 1L, 5L, 20L, 200L, 1000L","og_url":"https:\/\/crunchoil.com\/pt\/nuestros-productos\/h-lav\/","og_site_name":"CrunchOil","article_modified_time":"2024-06-19T21:42:05+00:00","og_image":[{"width":500,"height":500,"url":"https:\/\/crunchoil.com\/wp-content\/uploads\/2022\/09\/h-lav-1.jpg","type":"image\/jpeg"}],"twitter_card":"summary_large_image","twitter_misc":{"Est. tempo de leitura":"1 minuto"},"schema":{"@context":"https:\/\/schema.org","@graph":[{"@type":"WebPage","@id":"https:\/\/crunchoil.com\/nuestros-productos\/h-lav\/","url":"https:\/\/crunchoil.com\/nuestros-productos\/h-lav\/","name":"H-LAV - CrunchOil","isPartOf":{"@id":"https:\/\/crunchoil.com\/es_es\/#website"},"primaryImageOfPage":{"@id":"https:\/\/crunchoil.com\/nuestros-productos\/h-lav\/#primaryimage"},"image":{"@id":"https:\/\/crunchoil.com\/nuestros-productos\/h-lav\/#primaryimage"},"thumbnailUrl":"https:\/\/crunchoil.com\/wp-content\/uploads\/2022\/09\/h-lav-1.jpg","datePublished":"2022-04-11T13:49:52+00:00","dateModified":"2024-06-19T21:42:05+00:00","breadcrumb":{"@id":"https:\/\/crunchoil.com\/nuestros-productos\/h-lav\/#breadcrumb"},"inLanguage":"pt-BR","potentialAction":[{"@type":"ReadAction","target":["https:\/\/crunchoil.com\/nuestros-productos\/h-lav\/"]}]},{"@type":"ImageObject","inLanguage":"pt-BR","@id":"https:\/\/crunchoil.com\/nuestros-productos\/h-lav\/#primaryimage","url":"https:\/\/crunchoil.com\/wp-content\/uploads\/2022\/09\/h-lav-1.jpg","contentUrl":"https:\/\/crunchoil.com\/wp-content\/uploads\/2022\/09\/h-lav-1.jpg","width":500,"height":500},{"@type":"BreadcrumbList","@id":"https:\/\/crunchoil.com\/nuestros-productos\/h-lav\/#breadcrumb","itemListElement":[{"@type":"ListItem","position":1,"name":"Portada","item":"https:\/\/crunchoil.com\/es\/"},{"@type":"ListItem","position":2,"name":"NUESTROS PRODUCTOS","item":"https:\/\/crunchoil.com\/nuestros-productos\/"},{"@type":"ListItem","position":3,"name":"H-LAV"}]},{"@type":"WebSite","@id":"https:\/\/crunchoil.com\/es_es\/#website","url":"https:\/\/crunchoil.com\/es_es\/","name":"CrunchOil","description":"CrunchOil","potentialAction":[{"@type":"SearchAction","target":{"@type":"EntryPoint","urlTemplate":"https:\/\/crunchoil.com\/es_es\/?s={search_term_string}"},"query-input":{"@type":"PropertyValueSpecification","valueRequired":true,"valueName":"search_term_string"}}],"inLanguage":"pt-BR"}]}},"_links":{"self":[{"href":"http:\/\/crunchoil.com\/pt\/wp-json\/wp\/v2\/product\/511","targetHints":{"allow":["GET"]}}],"collection":[{"href":"http:\/\/crunchoil.com\/pt\/wp-json\/wp\/v2\/product"}],"about":[{"href":"http:\/\/crunchoil.com\/pt\/wp-json\/wp\/v2\/types\/product"}],"replies":[{"embeddable":true,"href":"http:\/\/crunchoil.com\/pt\/wp-json\/wp\/v2\/comments?post=511"}],"wp:featuredmedia":[{"embeddable":true,"href":"http:\/\/crunchoil.com\/pt\/wp-json\/wp\/v2\/media\/6361"}],"wp:attachment":[{"href":"http:\/\/crunchoil.com\/pt\/wp-json\/wp\/v2\/media?parent=511"}],"wp:term":[{"taxonomy":"product_brand","embeddable":true,"href":"http:\/\/crunchoil.com\/pt\/wp-json\/wp\/v2\/product_brand?post=511"},{"taxonomy":"product_cat","embeddable":true,"href":"http:\/\/crunchoil.com\/pt\/wp-json\/wp\/v2\/product_cat?post=511"},{"taxonomy":"product_tag","embeddable":true,"href":"http:\/\/crunchoil.com\/pt\/wp-json\/wp\/v2\/product_tag?post=511"}],"curies":[{"name":"wp","href":"https:\/\/api.w.org\/{rel}","templated":true}]}}