{"id":510,"date":"2022-04-11T10:49:52","date_gmt":"2022-04-11T13:49:52","guid":{"rendered":"https:\/\/dev.jfgancia.com\/crunchoil\/?post_type=product&#038;p=510"},"modified":"2022-09-30T10:24:13","modified_gmt":"2022-09-30T13:24:13","slug":"sh-n","status":"publish","type":"product","link":"http:\/\/crunchoil.com\/pt\/nuestros-productos\/sh-n\/","title":{"rendered":"SH-N"},"content":{"rendered":"","protected":false},"excerpt":{"rendered":"<p>\u00c9 um shampoo projetado e formulado para a limpeza e o polimento de carrocerias de autom\u00f3veis e \u00f4nibus.<\/p>\n<hr \/>\n<p><strong>Apresenta\u00e7\u00e3o:<\/strong> 5L, 20L, 200L, 1000L<\/p>","protected":false},"featured_media":537,"comment_status":"open","ping_status":"closed","template":"","meta":{"_et_pb_use_builder":"","_et_pb_old_content":"","_et_gb_content_width":"","inline_featured_image":false},"product_brand":[],"product_cat":[39,35],"product_tag":[],"class_list":{"0":"post-510","1":"product","2":"type-product","3":"status-publish","4":"has-post-thumbnail","6":"product_cat-limpiadores","7":"product_cat-limpieza-industrial","9":"first","10":"instock","11":"shipping-taxable","12":"product-type-simple"},"yoast_head":"<!-- This site is optimized with the Yoast SEO plugin v24.3 - https:\/\/yoast.com\/wordpress\/plugins\/seo\/ -->\n<title>SH-N - CrunchOil<\/title>\n<meta name=\"robots\" content=\"index, follow, max-snippet:-1, max-image-preview:large, max-video-preview:-1\" \/>\n<link rel=\"canonical\" href=\"https:\/\/crunchoil.com\/pt\/nuestros-productos\/sh-n\/\" \/>\n<meta property=\"og:locale\" content=\"pt_BR\" \/>\n<meta property=\"og:type\" content=\"article\" \/>\n<meta property=\"og:title\" content=\"SH-N - CrunchOil\" \/>\n<meta property=\"og:description\" content=\"Es un shampoo pensado y formulado para la limpieza y abrillantado de carrocer\u00edas de autos y \u00f3mnibus.    Presentaci\u00f3n: 5L, 20L, 200L, 1000L\" \/>\n<meta property=\"og:url\" content=\"https:\/\/crunchoil.com\/pt\/nuestros-productos\/sh-n\/\" \/>\n<meta property=\"og:site_name\" content=\"CrunchOil\" \/>\n<meta property=\"article:modified_time\" content=\"2022-09-30T13:24:13+00:00\" \/>\n<meta property=\"og:image\" content=\"https:\/\/crunchoil.com\/wp-content\/uploads\/2022\/04\/07-SH-N.png\" \/>\n\t<meta property=\"og:image:width\" content=\"500\" \/>\n\t<meta property=\"og:image:height\" content=\"500\" \/>\n\t<meta property=\"og:image:type\" content=\"image\/png\" \/>\n<meta name=\"twitter:card\" content=\"summary_large_image\" \/>\n<script type=\"application\/ld+json\" class=\"yoast-schema-graph\">{\"@context\":\"https:\/\/schema.org\",\"@graph\":[{\"@type\":\"WebPage\",\"@id\":\"https:\/\/crunchoil.com\/nuestros-productos\/sh-n\/\",\"url\":\"https:\/\/crunchoil.com\/nuestros-productos\/sh-n\/\",\"name\":\"SH-N - CrunchOil\",\"isPartOf\":{\"@id\":\"https:\/\/crunchoil.com\/es_es\/#website\"},\"primaryImageOfPage\":{\"@id\":\"https:\/\/crunchoil.com\/nuestros-productos\/sh-n\/#primaryimage\"},\"image\":{\"@id\":\"https:\/\/crunchoil.com\/nuestros-productos\/sh-n\/#primaryimage\"},\"thumbnailUrl\":\"https:\/\/crunchoil.com\/wp-content\/uploads\/2022\/04\/07-SH-N.png\",\"datePublished\":\"2022-04-11T13:49:52+00:00\",\"dateModified\":\"2022-09-30T13:24:13+00:00\",\"breadcrumb\":{\"@id\":\"https:\/\/crunchoil.com\/nuestros-productos\/sh-n\/#breadcrumb\"},\"inLanguage\":\"pt-BR\",\"potentialAction\":[{\"@type\":\"ReadAction\",\"target\":[\"https:\/\/crunchoil.com\/nuestros-productos\/sh-n\/\"]}]},{\"@type\":\"ImageObject\",\"inLanguage\":\"pt-BR\",\"@id\":\"https:\/\/crunchoil.com\/nuestros-productos\/sh-n\/#primaryimage\",\"url\":\"https:\/\/crunchoil.com\/wp-content\/uploads\/2022\/04\/07-SH-N.png\",\"contentUrl\":\"https:\/\/crunchoil.com\/wp-content\/uploads\/2022\/04\/07-SH-N.png\",\"width\":500,\"height\":500},{\"@type\":\"BreadcrumbList\",\"@id\":\"https:\/\/crunchoil.com\/nuestros-productos\/sh-n\/#breadcrumb\",\"itemListElement\":[{\"@type\":\"ListItem\",\"position\":1,\"name\":\"Portada\",\"item\":\"https:\/\/crunchoil.com\/es\/\"},{\"@type\":\"ListItem\",\"position\":2,\"name\":\"NUESTROS PRODUCTOS\",\"item\":\"https:\/\/crunchoil.com\/nuestros-productos\/\"},{\"@type\":\"ListItem\",\"position\":3,\"name\":\"SH-N\"}]},{\"@type\":\"WebSite\",\"@id\":\"https:\/\/crunchoil.com\/es_es\/#website\",\"url\":\"https:\/\/crunchoil.com\/es_es\/\",\"name\":\"CrunchOil\",\"description\":\"CrunchOil\",\"potentialAction\":[{\"@type\":\"SearchAction\",\"target\":{\"@type\":\"EntryPoint\",\"urlTemplate\":\"https:\/\/crunchoil.com\/es_es\/?s={search_term_string}\"},\"query-input\":{\"@type\":\"PropertyValueSpecification\",\"valueRequired\":true,\"valueName\":\"search_term_string\"}}],\"inLanguage\":\"pt-BR\"}]}<\/script>\n<!-- \/ Yoast SEO plugin. -->","yoast_head_json":{"title":"SH-N - CrunchOil","robots":{"index":"index","follow":"follow","max-snippet":"max-snippet:-1","max-image-preview":"max-image-preview:large","max-video-preview":"max-video-preview:-1"},"canonical":"https:\/\/crunchoil.com\/pt\/nuestros-productos\/sh-n\/","og_locale":"pt_BR","og_type":"article","og_title":"SH-N - CrunchOil","og_description":"Es un shampoo pensado y formulado para la limpieza y abrillantado de carrocer\u00edas de autos y \u00f3mnibus.    Presentaci\u00f3n: 5L, 20L, 200L, 1000L","og_url":"https:\/\/crunchoil.com\/pt\/nuestros-productos\/sh-n\/","og_site_name":"CrunchOil","article_modified_time":"2022-09-30T13:24:13+00:00","og_image":[{"width":500,"height":500,"url":"https:\/\/crunchoil.com\/wp-content\/uploads\/2022\/04\/07-SH-N.png","type":"image\/png"}],"twitter_card":"summary_large_image","schema":{"@context":"https:\/\/schema.org","@graph":[{"@type":"WebPage","@id":"https:\/\/crunchoil.com\/nuestros-productos\/sh-n\/","url":"https:\/\/crunchoil.com\/nuestros-productos\/sh-n\/","name":"SH-N - CrunchOil","isPartOf":{"@id":"https:\/\/crunchoil.com\/es_es\/#website"},"primaryImageOfPage":{"@id":"https:\/\/crunchoil.com\/nuestros-productos\/sh-n\/#primaryimage"},"image":{"@id":"https:\/\/crunchoil.com\/nuestros-productos\/sh-n\/#primaryimage"},"thumbnailUrl":"https:\/\/crunchoil.com\/wp-content\/uploads\/2022\/04\/07-SH-N.png","datePublished":"2022-04-11T13:49:52+00:00","dateModified":"2022-09-30T13:24:13+00:00","breadcrumb":{"@id":"https:\/\/crunchoil.com\/nuestros-productos\/sh-n\/#breadcrumb"},"inLanguage":"pt-BR","potentialAction":[{"@type":"ReadAction","target":["https:\/\/crunchoil.com\/nuestros-productos\/sh-n\/"]}]},{"@type":"ImageObject","inLanguage":"pt-BR","@id":"https:\/\/crunchoil.com\/nuestros-productos\/sh-n\/#primaryimage","url":"https:\/\/crunchoil.com\/wp-content\/uploads\/2022\/04\/07-SH-N.png","contentUrl":"https:\/\/crunchoil.com\/wp-content\/uploads\/2022\/04\/07-SH-N.png","width":500,"height":500},{"@type":"BreadcrumbList","@id":"https:\/\/crunchoil.com\/nuestros-productos\/sh-n\/#breadcrumb","itemListElement":[{"@type":"ListItem","position":1,"name":"Portada","item":"https:\/\/crunchoil.com\/es\/"},{"@type":"ListItem","position":2,"name":"NUESTROS PRODUCTOS","item":"https:\/\/crunchoil.com\/nuestros-productos\/"},{"@type":"ListItem","position":3,"name":"SH-N"}]},{"@type":"WebSite","@id":"https:\/\/crunchoil.com\/es_es\/#website","url":"https:\/\/crunchoil.com\/es_es\/","name":"CrunchOil","description":"CrunchOil","potentialAction":[{"@type":"SearchAction","target":{"@type":"EntryPoint","urlTemplate":"https:\/\/crunchoil.com\/es_es\/?s={search_term_string}"},"query-input":{"@type":"PropertyValueSpecification","valueRequired":true,"valueName":"search_term_string"}}],"inLanguage":"pt-BR"}]}},"_links":{"self":[{"href":"http:\/\/crunchoil.com\/pt\/wp-json\/wp\/v2\/product\/510","targetHints":{"allow":["GET"]}}],"collection":[{"href":"http:\/\/crunchoil.com\/pt\/wp-json\/wp\/v2\/product"}],"about":[{"href":"http:\/\/crunchoil.com\/pt\/wp-json\/wp\/v2\/types\/product"}],"replies":[{"embeddable":true,"href":"http:\/\/crunchoil.com\/pt\/wp-json\/wp\/v2\/comments?post=510"}],"wp:featuredmedia":[{"embeddable":true,"href":"http:\/\/crunchoil.com\/pt\/wp-json\/wp\/v2\/media\/537"}],"wp:attachment":[{"href":"http:\/\/crunchoil.com\/pt\/wp-json\/wp\/v2\/media?parent=510"}],"wp:term":[{"taxonomy":"product_brand","embeddable":true,"href":"http:\/\/crunchoil.com\/pt\/wp-json\/wp\/v2\/product_brand?post=510"},{"taxonomy":"product_cat","embeddable":true,"href":"http:\/\/crunchoil.com\/pt\/wp-json\/wp\/v2\/product_cat?post=510"},{"taxonomy":"product_tag","embeddable":true,"href":"http:\/\/crunchoil.com\/pt\/wp-json\/wp\/v2\/product_tag?post=510"}],"curies":[{"name":"wp","href":"https:\/\/api.w.org\/{rel}","templated":true}]}}