{"id":465,"date":"2022-04-11T10:35:54","date_gmt":"2022-04-11T13:35:54","guid":{"rendered":"https:\/\/dev.jfgancia.com\/crunchoil\/?post_type=product&#038;p=465"},"modified":"2022-09-30T10:30:40","modified_gmt":"2022-09-30T13:30:40","slug":"kit-area-limpia","status":"publish","type":"product","link":"http:\/\/crunchoil.com\/pt\/nuestros-productos\/kit-area-limpia\/","title":{"rendered":"KIT \u00c1REA LIMPA"},"content":{"rendered":"","protected":false},"excerpt":{"rendered":"<p>Especificamente concebido para o controlo de emerg\u00eancias derivadas de fugas ou derrames que permitem uma interven\u00e7\u00e3o r\u00e1pida ou, tamb\u00e9m para ser utilizado como elemento preventivo em instala\u00e7\u00f5es operacionais, \u00e1reas de armazenamento de combust\u00edvel, esta\u00e7\u00f5es de lubrifica\u00e7\u00e3o, esta\u00e7\u00f5es de servi\u00e7o, etc.<\/p>\n<hr \/>\n<p><strong>Absor\u00e7\u00e3o:<\/strong> AREA LIMPIA: 154L (aprox.) \/ AREA LIMPIA 2: 110L (aprox.)<\/p>","protected":false},"featured_media":523,"comment_status":"open","ping_status":"closed","template":"","meta":{"_et_pb_use_builder":"","_et_pb_old_content":"","_et_gb_content_width":"","inline_featured_image":false},"product_brand":[],"product_cat":[30,34],"product_tag":[],"class_list":{"0":"post-465","1":"product","2":"type-product","3":"status-publish","4":"has-post-thumbnail","6":"product_cat-control-de-derrames","7":"product_cat-kits-de-contingencia","9":"first","10":"instock","11":"shipping-taxable","12":"product-type-simple"},"yoast_head":"<!-- This site is optimized with the Yoast SEO plugin v24.3 - https:\/\/yoast.com\/wordpress\/plugins\/seo\/ -->\n<title>KIT \u00c1REA LIMPIA - CrunchOil<\/title>\n<meta name=\"robots\" content=\"index, follow, max-snippet:-1, max-image-preview:large, max-video-preview:-1\" \/>\n<link rel=\"canonical\" href=\"https:\/\/crunchoil.com\/pt\/nuestros-productos\/kit-area-limpia\/\" \/>\n<meta property=\"og:locale\" content=\"pt_BR\" \/>\n<meta property=\"og:type\" content=\"article\" \/>\n<meta property=\"og:title\" content=\"KIT \u00c1REA LIMPIA - CrunchOil\" \/>\n<meta property=\"og:description\" content=\"Espec\u00edficamente dise\u00f1ados para el control de emergencias derivadas de fugas o derrames que permitan una r\u00e1pida intervenci\u00f3n o tambi\u00e9n para ser usados como elemento preventivo en instalaciones operativas, \u00e1reas de almacenamiento de combustible, lubricentros, estaciones de servicios, etc.    Absorci\u00f3n: AREA LIMPIA: 154L (aprox.) | AREA LIMPIA 2: 110L (aprox.)\" \/>\n<meta property=\"og:url\" content=\"https:\/\/crunchoil.com\/pt\/nuestros-productos\/kit-area-limpia\/\" \/>\n<meta property=\"og:site_name\" content=\"CrunchOil\" \/>\n<meta property=\"article:modified_time\" content=\"2022-09-30T13:30:40+00:00\" \/>\n<meta property=\"og:image\" content=\"https:\/\/crunchoil.com\/wp-content\/uploads\/2022\/04\/kit-area-limpia-1.jpg\" \/>\n\t<meta property=\"og:image:width\" content=\"500\" \/>\n\t<meta property=\"og:image:height\" content=\"500\" \/>\n\t<meta property=\"og:image:type\" content=\"image\/jpeg\" \/>\n<meta name=\"twitter:card\" content=\"summary_large_image\" \/>\n<script type=\"application\/ld+json\" class=\"yoast-schema-graph\">{\"@context\":\"https:\/\/schema.org\",\"@graph\":[{\"@type\":\"WebPage\",\"@id\":\"https:\/\/crunchoil.com\/nuestros-productos\/kit-area-limpia\/\",\"url\":\"https:\/\/crunchoil.com\/nuestros-productos\/kit-area-limpia\/\",\"name\":\"KIT \u00c1REA LIMPIA - CrunchOil\",\"isPartOf\":{\"@id\":\"https:\/\/crunchoil.com\/es_es\/#website\"},\"primaryImageOfPage\":{\"@id\":\"https:\/\/crunchoil.com\/nuestros-productos\/kit-area-limpia\/#primaryimage\"},\"image\":{\"@id\":\"https:\/\/crunchoil.com\/nuestros-productos\/kit-area-limpia\/#primaryimage\"},\"thumbnailUrl\":\"https:\/\/crunchoil.com\/wp-content\/uploads\/2022\/04\/kit-area-limpia-1.jpg\",\"datePublished\":\"2022-04-11T13:35:54+00:00\",\"dateModified\":\"2022-09-30T13:30:40+00:00\",\"breadcrumb\":{\"@id\":\"https:\/\/crunchoil.com\/nuestros-productos\/kit-area-limpia\/#breadcrumb\"},\"inLanguage\":\"pt-BR\",\"potentialAction\":[{\"@type\":\"ReadAction\",\"target\":[\"https:\/\/crunchoil.com\/nuestros-productos\/kit-area-limpia\/\"]}]},{\"@type\":\"ImageObject\",\"inLanguage\":\"pt-BR\",\"@id\":\"https:\/\/crunchoil.com\/nuestros-productos\/kit-area-limpia\/#primaryimage\",\"url\":\"https:\/\/crunchoil.com\/wp-content\/uploads\/2022\/04\/kit-area-limpia-1.jpg\",\"contentUrl\":\"https:\/\/crunchoil.com\/wp-content\/uploads\/2022\/04\/kit-area-limpia-1.jpg\",\"width\":500,\"height\":500},{\"@type\":\"BreadcrumbList\",\"@id\":\"https:\/\/crunchoil.com\/nuestros-productos\/kit-area-limpia\/#breadcrumb\",\"itemListElement\":[{\"@type\":\"ListItem\",\"position\":1,\"name\":\"Portada\",\"item\":\"https:\/\/crunchoil.com\/es\/\"},{\"@type\":\"ListItem\",\"position\":2,\"name\":\"NUESTROS PRODUCTOS\",\"item\":\"https:\/\/crunchoil.com\/nuestros-productos\/\"},{\"@type\":\"ListItem\",\"position\":3,\"name\":\"KIT \u00c1REA LIMPIA\"}]},{\"@type\":\"WebSite\",\"@id\":\"https:\/\/crunchoil.com\/es_es\/#website\",\"url\":\"https:\/\/crunchoil.com\/es_es\/\",\"name\":\"CrunchOil\",\"description\":\"CrunchOil\",\"potentialAction\":[{\"@type\":\"SearchAction\",\"target\":{\"@type\":\"EntryPoint\",\"urlTemplate\":\"https:\/\/crunchoil.com\/es_es\/?s={search_term_string}\"},\"query-input\":{\"@type\":\"PropertyValueSpecification\",\"valueRequired\":true,\"valueName\":\"search_term_string\"}}],\"inLanguage\":\"pt-BR\"}]}<\/script>\n<!-- \/ Yoast SEO plugin. -->","yoast_head_json":{"title":"KIT \u00c1REA LIMPIA - CrunchOil","robots":{"index":"index","follow":"follow","max-snippet":"max-snippet:-1","max-image-preview":"max-image-preview:large","max-video-preview":"max-video-preview:-1"},"canonical":"https:\/\/crunchoil.com\/pt\/nuestros-productos\/kit-area-limpia\/","og_locale":"pt_BR","og_type":"article","og_title":"KIT \u00c1REA LIMPIA - CrunchOil","og_description":"Espec\u00edficamente dise\u00f1ados para el control de emergencias derivadas de fugas o derrames que permitan una r\u00e1pida intervenci\u00f3n o tambi\u00e9n para ser usados como elemento preventivo en instalaciones operativas, \u00e1reas de almacenamiento de combustible, lubricentros, estaciones de servicios, etc.    Absorci\u00f3n: AREA LIMPIA: 154L (aprox.) | AREA LIMPIA 2: 110L (aprox.)","og_url":"https:\/\/crunchoil.com\/pt\/nuestros-productos\/kit-area-limpia\/","og_site_name":"CrunchOil","article_modified_time":"2022-09-30T13:30:40+00:00","og_image":[{"width":500,"height":500,"url":"https:\/\/crunchoil.com\/wp-content\/uploads\/2022\/04\/kit-area-limpia-1.jpg","type":"image\/jpeg"}],"twitter_card":"summary_large_image","schema":{"@context":"https:\/\/schema.org","@graph":[{"@type":"WebPage","@id":"https:\/\/crunchoil.com\/nuestros-productos\/kit-area-limpia\/","url":"https:\/\/crunchoil.com\/nuestros-productos\/kit-area-limpia\/","name":"KIT \u00c1REA LIMPIA - CrunchOil","isPartOf":{"@id":"https:\/\/crunchoil.com\/es_es\/#website"},"primaryImageOfPage":{"@id":"https:\/\/crunchoil.com\/nuestros-productos\/kit-area-limpia\/#primaryimage"},"image":{"@id":"https:\/\/crunchoil.com\/nuestros-productos\/kit-area-limpia\/#primaryimage"},"thumbnailUrl":"https:\/\/crunchoil.com\/wp-content\/uploads\/2022\/04\/kit-area-limpia-1.jpg","datePublished":"2022-04-11T13:35:54+00:00","dateModified":"2022-09-30T13:30:40+00:00","breadcrumb":{"@id":"https:\/\/crunchoil.com\/nuestros-productos\/kit-area-limpia\/#breadcrumb"},"inLanguage":"pt-BR","potentialAction":[{"@type":"ReadAction","target":["https:\/\/crunchoil.com\/nuestros-productos\/kit-area-limpia\/"]}]},{"@type":"ImageObject","inLanguage":"pt-BR","@id":"https:\/\/crunchoil.com\/nuestros-productos\/kit-area-limpia\/#primaryimage","url":"https:\/\/crunchoil.com\/wp-content\/uploads\/2022\/04\/kit-area-limpia-1.jpg","contentUrl":"https:\/\/crunchoil.com\/wp-content\/uploads\/2022\/04\/kit-area-limpia-1.jpg","width":500,"height":500},{"@type":"BreadcrumbList","@id":"https:\/\/crunchoil.com\/nuestros-productos\/kit-area-limpia\/#breadcrumb","itemListElement":[{"@type":"ListItem","position":1,"name":"Portada","item":"https:\/\/crunchoil.com\/es\/"},{"@type":"ListItem","position":2,"name":"NUESTROS PRODUCTOS","item":"https:\/\/crunchoil.com\/nuestros-productos\/"},{"@type":"ListItem","position":3,"name":"KIT \u00c1REA LIMPIA"}]},{"@type":"WebSite","@id":"https:\/\/crunchoil.com\/es_es\/#website","url":"https:\/\/crunchoil.com\/es_es\/","name":"CrunchOil","description":"CrunchOil","potentialAction":[{"@type":"SearchAction","target":{"@type":"EntryPoint","urlTemplate":"https:\/\/crunchoil.com\/es_es\/?s={search_term_string}"},"query-input":{"@type":"PropertyValueSpecification","valueRequired":true,"valueName":"search_term_string"}}],"inLanguage":"pt-BR"}]}},"_links":{"self":[{"href":"http:\/\/crunchoil.com\/pt\/wp-json\/wp\/v2\/product\/465","targetHints":{"allow":["GET"]}}],"collection":[{"href":"http:\/\/crunchoil.com\/pt\/wp-json\/wp\/v2\/product"}],"about":[{"href":"http:\/\/crunchoil.com\/pt\/wp-json\/wp\/v2\/types\/product"}],"replies":[{"embeddable":true,"href":"http:\/\/crunchoil.com\/pt\/wp-json\/wp\/v2\/comments?post=465"}],"wp:featuredmedia":[{"embeddable":true,"href":"http:\/\/crunchoil.com\/pt\/wp-json\/wp\/v2\/media\/523"}],"wp:attachment":[{"href":"http:\/\/crunchoil.com\/pt\/wp-json\/wp\/v2\/media?parent=465"}],"wp:term":[{"taxonomy":"product_brand","embeddable":true,"href":"http:\/\/crunchoil.com\/pt\/wp-json\/wp\/v2\/product_brand?post=465"},{"taxonomy":"product_cat","embeddable":true,"href":"http:\/\/crunchoil.com\/pt\/wp-json\/wp\/v2\/product_cat?post=465"},{"taxonomy":"product_tag","embeddable":true,"href":"http:\/\/crunchoil.com\/pt\/wp-json\/wp\/v2\/product_tag?post=465"}],"curies":[{"name":"wp","href":"https:\/\/api.w.org\/{rel}","templated":true}]}}