{"id":460,"date":"2022-04-11T10:35:54","date_gmt":"2022-04-11T13:35:54","guid":{"rendered":"https:\/\/dev.jfgancia.com\/crunchoil\/?post_type=product&#038;p=460"},"modified":"2022-09-30T09:58:08","modified_gmt":"2022-09-30T12:58:08","slug":"bandeja-antiderrame-linea-f","status":"publish","type":"product","link":"http:\/\/crunchoil.com\/pt\/nuestros-productos\/bandeja-antiderrame-linea-f\/","title":{"rendered":"BANDEJA ANTIDERRAMAMENTO LINHA F"},"content":{"rendered":"","protected":false},"excerpt":{"rendered":"<p>Bandeja de lona de PVC, com bordas semirr\u00edgidas de espuma de borracha de alta densidade. Ideal para reter todos os tipos de fluidos devido ao enchimento excessivo ou gotejamento de m\u00e1quinas industriais, equipamento mec\u00e2nico, ve\u00edculos industriais, etc.<\/p>\n<hr \/>\n<p><strong>Apresenta\u00e7\u00e3o:<\/strong> Produto feito sob medida.<\/p>","protected":false},"featured_media":6323,"comment_status":"open","ping_status":"closed","template":"","meta":{"_et_pb_use_builder":"","_et_pb_old_content":"","_et_gb_content_width":"","inline_featured_image":false},"product_brand":[],"product_cat":[30,33],"product_tag":[],"class_list":{"0":"post-460","1":"product","2":"type-product","3":"status-publish","4":"has-post-thumbnail","6":"product_cat-control-de-derrames","7":"product_cat-elementos-de-contencion","9":"first","10":"instock","11":"shipping-taxable","12":"product-type-simple"},"yoast_head":"<!-- This site is optimized with the Yoast SEO plugin v24.3 - https:\/\/yoast.com\/wordpress\/plugins\/seo\/ -->\n<title>BANDEJA ANTIDERRAME LINEA F - CrunchOil<\/title>\n<meta name=\"robots\" content=\"index, follow, max-snippet:-1, max-image-preview:large, max-video-preview:-1\" \/>\n<link rel=\"canonical\" href=\"https:\/\/crunchoil.com\/pt\/nuestros-productos\/bandeja-antiderrame-linea-f\/\" \/>\n<meta property=\"og:locale\" content=\"pt_BR\" \/>\n<meta property=\"og:type\" content=\"article\" \/>\n<meta property=\"og:title\" content=\"BANDEJA ANTIDERRAME LINEA F - CrunchOil\" \/>\n<meta property=\"og:description\" content=\"Bandeja de lona de PVC, con bordes semirr\u00edgidos de gomaespuma de alta densidad. Ideal para retener todo tipo de fluidos por un sobrellenado o goteo de m\u00e1quinas, equipos, veh\u00edculos industriales, etc.    Presentaci\u00f3n: Producto hecho a medida.\" \/>\n<meta property=\"og:url\" content=\"https:\/\/crunchoil.com\/pt\/nuestros-productos\/bandeja-antiderrame-linea-f\/\" \/>\n<meta property=\"og:site_name\" content=\"CrunchOil\" \/>\n<meta property=\"article:modified_time\" content=\"2022-09-30T12:58:08+00:00\" \/>\n<meta property=\"og:image\" content=\"https:\/\/crunchoil.com\/wp-content\/uploads\/2022\/04\/bandeja-linea-f-10.jpg\" \/>\n\t<meta property=\"og:image:width\" content=\"500\" \/>\n\t<meta property=\"og:image:height\" content=\"500\" \/>\n\t<meta property=\"og:image:type\" content=\"image\/jpeg\" \/>\n<meta name=\"twitter:card\" content=\"summary_large_image\" \/>\n<script type=\"application\/ld+json\" class=\"yoast-schema-graph\">{\"@context\":\"https:\/\/schema.org\",\"@graph\":[{\"@type\":\"WebPage\",\"@id\":\"https:\/\/crunchoil.com\/nuestros-productos\/bandeja-antiderrame-linea-f\/\",\"url\":\"https:\/\/crunchoil.com\/nuestros-productos\/bandeja-antiderrame-linea-f\/\",\"name\":\"BANDEJA ANTIDERRAME LINEA F - CrunchOil\",\"isPartOf\":{\"@id\":\"https:\/\/crunchoil.com\/es_es\/#website\"},\"primaryImageOfPage\":{\"@id\":\"https:\/\/crunchoil.com\/nuestros-productos\/bandeja-antiderrame-linea-f\/#primaryimage\"},\"image\":{\"@id\":\"https:\/\/crunchoil.com\/nuestros-productos\/bandeja-antiderrame-linea-f\/#primaryimage\"},\"thumbnailUrl\":\"https:\/\/crunchoil.com\/wp-content\/uploads\/2022\/04\/bandeja-linea-f-10.jpg\",\"datePublished\":\"2022-04-11T13:35:54+00:00\",\"dateModified\":\"2022-09-30T12:58:08+00:00\",\"breadcrumb\":{\"@id\":\"https:\/\/crunchoil.com\/nuestros-productos\/bandeja-antiderrame-linea-f\/#breadcrumb\"},\"inLanguage\":\"pt-BR\",\"potentialAction\":[{\"@type\":\"ReadAction\",\"target\":[\"https:\/\/crunchoil.com\/nuestros-productos\/bandeja-antiderrame-linea-f\/\"]}]},{\"@type\":\"ImageObject\",\"inLanguage\":\"pt-BR\",\"@id\":\"https:\/\/crunchoil.com\/nuestros-productos\/bandeja-antiderrame-linea-f\/#primaryimage\",\"url\":\"https:\/\/crunchoil.com\/wp-content\/uploads\/2022\/04\/bandeja-linea-f-10.jpg\",\"contentUrl\":\"https:\/\/crunchoil.com\/wp-content\/uploads\/2022\/04\/bandeja-linea-f-10.jpg\",\"width\":500,\"height\":500},{\"@type\":\"BreadcrumbList\",\"@id\":\"https:\/\/crunchoil.com\/nuestros-productos\/bandeja-antiderrame-linea-f\/#breadcrumb\",\"itemListElement\":[{\"@type\":\"ListItem\",\"position\":1,\"name\":\"Portada\",\"item\":\"https:\/\/crunchoil.com\/es\/\"},{\"@type\":\"ListItem\",\"position\":2,\"name\":\"NUESTROS PRODUCTOS\",\"item\":\"https:\/\/crunchoil.com\/nuestros-productos\/\"},{\"@type\":\"ListItem\",\"position\":3,\"name\":\"BANDEJA ANTIDERRAME LINEA F\"}]},{\"@type\":\"WebSite\",\"@id\":\"https:\/\/crunchoil.com\/es_es\/#website\",\"url\":\"https:\/\/crunchoil.com\/es_es\/\",\"name\":\"CrunchOil\",\"description\":\"CrunchOil\",\"potentialAction\":[{\"@type\":\"SearchAction\",\"target\":{\"@type\":\"EntryPoint\",\"urlTemplate\":\"https:\/\/crunchoil.com\/es_es\/?s={search_term_string}\"},\"query-input\":{\"@type\":\"PropertyValueSpecification\",\"valueRequired\":true,\"valueName\":\"search_term_string\"}}],\"inLanguage\":\"pt-BR\"}]}<\/script>\n<!-- \/ Yoast SEO plugin. -->","yoast_head_json":{"title":"BANDEJA ANTIDERRAME LINEA F - CrunchOil","robots":{"index":"index","follow":"follow","max-snippet":"max-snippet:-1","max-image-preview":"max-image-preview:large","max-video-preview":"max-video-preview:-1"},"canonical":"https:\/\/crunchoil.com\/pt\/nuestros-productos\/bandeja-antiderrame-linea-f\/","og_locale":"pt_BR","og_type":"article","og_title":"BANDEJA ANTIDERRAME LINEA F - CrunchOil","og_description":"Bandeja de lona de PVC, con bordes semirr\u00edgidos de gomaespuma de alta densidad. Ideal para retener todo tipo de fluidos por un sobrellenado o goteo de m\u00e1quinas, equipos, veh\u00edculos industriales, etc.    Presentaci\u00f3n: Producto hecho a medida.","og_url":"https:\/\/crunchoil.com\/pt\/nuestros-productos\/bandeja-antiderrame-linea-f\/","og_site_name":"CrunchOil","article_modified_time":"2022-09-30T12:58:08+00:00","og_image":[{"width":500,"height":500,"url":"https:\/\/crunchoil.com\/wp-content\/uploads\/2022\/04\/bandeja-linea-f-10.jpg","type":"image\/jpeg"}],"twitter_card":"summary_large_image","schema":{"@context":"https:\/\/schema.org","@graph":[{"@type":"WebPage","@id":"https:\/\/crunchoil.com\/nuestros-productos\/bandeja-antiderrame-linea-f\/","url":"https:\/\/crunchoil.com\/nuestros-productos\/bandeja-antiderrame-linea-f\/","name":"BANDEJA ANTIDERRAME LINEA F - CrunchOil","isPartOf":{"@id":"https:\/\/crunchoil.com\/es_es\/#website"},"primaryImageOfPage":{"@id":"https:\/\/crunchoil.com\/nuestros-productos\/bandeja-antiderrame-linea-f\/#primaryimage"},"image":{"@id":"https:\/\/crunchoil.com\/nuestros-productos\/bandeja-antiderrame-linea-f\/#primaryimage"},"thumbnailUrl":"https:\/\/crunchoil.com\/wp-content\/uploads\/2022\/04\/bandeja-linea-f-10.jpg","datePublished":"2022-04-11T13:35:54+00:00","dateModified":"2022-09-30T12:58:08+00:00","breadcrumb":{"@id":"https:\/\/crunchoil.com\/nuestros-productos\/bandeja-antiderrame-linea-f\/#breadcrumb"},"inLanguage":"pt-BR","potentialAction":[{"@type":"ReadAction","target":["https:\/\/crunchoil.com\/nuestros-productos\/bandeja-antiderrame-linea-f\/"]}]},{"@type":"ImageObject","inLanguage":"pt-BR","@id":"https:\/\/crunchoil.com\/nuestros-productos\/bandeja-antiderrame-linea-f\/#primaryimage","url":"https:\/\/crunchoil.com\/wp-content\/uploads\/2022\/04\/bandeja-linea-f-10.jpg","contentUrl":"https:\/\/crunchoil.com\/wp-content\/uploads\/2022\/04\/bandeja-linea-f-10.jpg","width":500,"height":500},{"@type":"BreadcrumbList","@id":"https:\/\/crunchoil.com\/nuestros-productos\/bandeja-antiderrame-linea-f\/#breadcrumb","itemListElement":[{"@type":"ListItem","position":1,"name":"Portada","item":"https:\/\/crunchoil.com\/es\/"},{"@type":"ListItem","position":2,"name":"NUESTROS PRODUCTOS","item":"https:\/\/crunchoil.com\/nuestros-productos\/"},{"@type":"ListItem","position":3,"name":"BANDEJA ANTIDERRAME LINEA F"}]},{"@type":"WebSite","@id":"https:\/\/crunchoil.com\/es_es\/#website","url":"https:\/\/crunchoil.com\/es_es\/","name":"CrunchOil","description":"CrunchOil","potentialAction":[{"@type":"SearchAction","target":{"@type":"EntryPoint","urlTemplate":"https:\/\/crunchoil.com\/es_es\/?s={search_term_string}"},"query-input":{"@type":"PropertyValueSpecification","valueRequired":true,"valueName":"search_term_string"}}],"inLanguage":"pt-BR"}]}},"_links":{"self":[{"href":"http:\/\/crunchoil.com\/pt\/wp-json\/wp\/v2\/product\/460","targetHints":{"allow":["GET"]}}],"collection":[{"href":"http:\/\/crunchoil.com\/pt\/wp-json\/wp\/v2\/product"}],"about":[{"href":"http:\/\/crunchoil.com\/pt\/wp-json\/wp\/v2\/types\/product"}],"replies":[{"embeddable":true,"href":"http:\/\/crunchoil.com\/pt\/wp-json\/wp\/v2\/comments?post=460"}],"wp:featuredmedia":[{"embeddable":true,"href":"http:\/\/crunchoil.com\/pt\/wp-json\/wp\/v2\/media\/6323"}],"wp:attachment":[{"href":"http:\/\/crunchoil.com\/pt\/wp-json\/wp\/v2\/media?parent=460"}],"wp:term":[{"taxonomy":"product_brand","embeddable":true,"href":"http:\/\/crunchoil.com\/pt\/wp-json\/wp\/v2\/product_brand?post=460"},{"taxonomy":"product_cat","embeddable":true,"href":"http:\/\/crunchoil.com\/pt\/wp-json\/wp\/v2\/product_cat?post=460"},{"taxonomy":"product_tag","embeddable":true,"href":"http:\/\/crunchoil.com\/pt\/wp-json\/wp\/v2\/product_tag?post=460"}],"curies":[{"name":"wp","href":"https:\/\/api.w.org\/{rel}","templated":true}]}}