{"id":448,"date":"2022-04-11T10:35:53","date_gmt":"2022-04-11T13:35:53","guid":{"rendered":"https:\/\/dev.jfgancia.com\/crunchoil\/?post_type=product&#038;p=448"},"modified":"2022-10-04T10:28:52","modified_gmt":"2022-10-04T13:28:52","slug":"manta-oleofilica","status":"publish","type":"product","link":"http:\/\/crunchoil.com\/pt\/nuestros-productos\/manta-oleofilica\/","title":{"rendered":"MANTAS OLEOF\u00cdLICAS E \u00c0 PROVA DE FOGO"},"content":{"rendered":"","protected":false},"excerpt":{"rendered":"<p>Desenvolvida para ser colocada sob estruturas e subestruturas, de equipamentos de perfura\u00e7\u00e3o de tra\u00e7\u00e3o na ind\u00fastria de petr\u00f3leo e minera\u00e7\u00e3o.<\/p>\n<hr \/>\n<p><strong>Pesagem:<\/strong> 26kg<\/p>\n<p><strong>Tamanho:<\/strong> 200x500cm<\/p>\n<p><strong>Absor\u00e7\u00e3o:<\/strong> 182L (aprox.)<\/p>","protected":false},"featured_media":6330,"comment_status":"open","ping_status":"closed","template":"","meta":{"_et_pb_use_builder":"","_et_pb_old_content":"","_et_gb_content_width":"","inline_featured_image":false},"product_brand":[],"product_cat":[31,30],"product_tag":[],"class_list":{"0":"post-448","1":"product","2":"type-product","3":"status-publish","4":"has-post-thumbnail","6":"product_cat-absorcion-de-hidrocarburos","7":"product_cat-control-de-derrames","9":"first","10":"instock","11":"shipping-taxable","12":"product-type-simple"},"yoast_head":"<!-- This site is optimized with the Yoast SEO plugin v24.3 - https:\/\/yoast.com\/wordpress\/plugins\/seo\/ -->\n<title>MANTA OLEOF\u00cdLICA - CrunchOil<\/title>\n<meta name=\"robots\" content=\"index, follow, max-snippet:-1, max-image-preview:large, max-video-preview:-1\" \/>\n<link rel=\"canonical\" href=\"https:\/\/crunchoil.com\/pt\/nuestros-productos\/manta-oleofilica\/\" \/>\n<meta property=\"og:locale\" content=\"pt_BR\" \/>\n<meta property=\"og:type\" content=\"article\" \/>\n<meta property=\"og:title\" content=\"MANTA OLEOF\u00cdLICA - CrunchOil\" \/>\n<meta property=\"og:description\" content=\"Desarrollada para colocar debajo de estructuras y subestructuras de los equipos de perforaci\u00f3n, workover y pulling de la industria petrolera y minera.    Peso: 26kg  Tama\u00f1o: 200x500cm  Absorci\u00f3n: 182L (aprox.)\" \/>\n<meta property=\"og:url\" content=\"https:\/\/crunchoil.com\/pt\/nuestros-productos\/manta-oleofilica\/\" \/>\n<meta property=\"og:site_name\" content=\"CrunchOil\" \/>\n<meta property=\"article:modified_time\" content=\"2022-10-04T13:28:52+00:00\" \/>\n<meta property=\"og:image\" content=\"https:\/\/crunchoil.com\/wp-content\/uploads\/2022\/04\/manta-absorbente-1.jpg\" \/>\n\t<meta property=\"og:image:width\" content=\"500\" \/>\n\t<meta property=\"og:image:height\" content=\"500\" \/>\n\t<meta property=\"og:image:type\" content=\"image\/jpeg\" \/>\n<meta name=\"twitter:card\" content=\"summary_large_image\" \/>\n<script type=\"application\/ld+json\" class=\"yoast-schema-graph\">{\"@context\":\"https:\/\/schema.org\",\"@graph\":[{\"@type\":\"WebPage\",\"@id\":\"https:\/\/crunchoil.com\/nuestros-productos\/manta-oleofilica\/\",\"url\":\"https:\/\/crunchoil.com\/nuestros-productos\/manta-oleofilica\/\",\"name\":\"MANTA OLEOF\u00cdLICA - CrunchOil\",\"isPartOf\":{\"@id\":\"https:\/\/crunchoil.com\/es_es\/#website\"},\"primaryImageOfPage\":{\"@id\":\"https:\/\/crunchoil.com\/nuestros-productos\/manta-oleofilica\/#primaryimage\"},\"image\":{\"@id\":\"https:\/\/crunchoil.com\/nuestros-productos\/manta-oleofilica\/#primaryimage\"},\"thumbnailUrl\":\"https:\/\/crunchoil.com\/wp-content\/uploads\/2022\/04\/manta-absorbente-1.jpg\",\"datePublished\":\"2022-04-11T13:35:53+00:00\",\"dateModified\":\"2022-10-04T13:28:52+00:00\",\"breadcrumb\":{\"@id\":\"https:\/\/crunchoil.com\/nuestros-productos\/manta-oleofilica\/#breadcrumb\"},\"inLanguage\":\"pt-BR\",\"potentialAction\":[{\"@type\":\"ReadAction\",\"target\":[\"https:\/\/crunchoil.com\/nuestros-productos\/manta-oleofilica\/\"]}]},{\"@type\":\"ImageObject\",\"inLanguage\":\"pt-BR\",\"@id\":\"https:\/\/crunchoil.com\/nuestros-productos\/manta-oleofilica\/#primaryimage\",\"url\":\"https:\/\/crunchoil.com\/wp-content\/uploads\/2022\/04\/manta-absorbente-1.jpg\",\"contentUrl\":\"https:\/\/crunchoil.com\/wp-content\/uploads\/2022\/04\/manta-absorbente-1.jpg\",\"width\":500,\"height\":500},{\"@type\":\"BreadcrumbList\",\"@id\":\"https:\/\/crunchoil.com\/nuestros-productos\/manta-oleofilica\/#breadcrumb\",\"itemListElement\":[{\"@type\":\"ListItem\",\"position\":1,\"name\":\"Portada\",\"item\":\"https:\/\/crunchoil.com\/es\/\"},{\"@type\":\"ListItem\",\"position\":2,\"name\":\"NUESTROS PRODUCTOS\",\"item\":\"https:\/\/crunchoil.com\/nuestros-productos\/\"},{\"@type\":\"ListItem\",\"position\":3,\"name\":\"MANTA OLEOF\u00cdLICA\"}]},{\"@type\":\"WebSite\",\"@id\":\"https:\/\/crunchoil.com\/es_es\/#website\",\"url\":\"https:\/\/crunchoil.com\/es_es\/\",\"name\":\"CrunchOil\",\"description\":\"CrunchOil\",\"potentialAction\":[{\"@type\":\"SearchAction\",\"target\":{\"@type\":\"EntryPoint\",\"urlTemplate\":\"https:\/\/crunchoil.com\/es_es\/?s={search_term_string}\"},\"query-input\":{\"@type\":\"PropertyValueSpecification\",\"valueRequired\":true,\"valueName\":\"search_term_string\"}}],\"inLanguage\":\"pt-BR\"}]}<\/script>\n<!-- \/ Yoast SEO plugin. -->","yoast_head_json":{"title":"MANTA OLEOF\u00cdLICA - CrunchOil","robots":{"index":"index","follow":"follow","max-snippet":"max-snippet:-1","max-image-preview":"max-image-preview:large","max-video-preview":"max-video-preview:-1"},"canonical":"https:\/\/crunchoil.com\/pt\/nuestros-productos\/manta-oleofilica\/","og_locale":"pt_BR","og_type":"article","og_title":"MANTA OLEOF\u00cdLICA - CrunchOil","og_description":"Desarrollada para colocar debajo de estructuras y subestructuras de los equipos de perforaci\u00f3n, workover y pulling de la industria petrolera y minera.    Peso: 26kg  Tama\u00f1o: 200x500cm  Absorci\u00f3n: 182L (aprox.)","og_url":"https:\/\/crunchoil.com\/pt\/nuestros-productos\/manta-oleofilica\/","og_site_name":"CrunchOil","article_modified_time":"2022-10-04T13:28:52+00:00","og_image":[{"width":500,"height":500,"url":"https:\/\/crunchoil.com\/wp-content\/uploads\/2022\/04\/manta-absorbente-1.jpg","type":"image\/jpeg"}],"twitter_card":"summary_large_image","schema":{"@context":"https:\/\/schema.org","@graph":[{"@type":"WebPage","@id":"https:\/\/crunchoil.com\/nuestros-productos\/manta-oleofilica\/","url":"https:\/\/crunchoil.com\/nuestros-productos\/manta-oleofilica\/","name":"MANTA OLEOF\u00cdLICA - CrunchOil","isPartOf":{"@id":"https:\/\/crunchoil.com\/es_es\/#website"},"primaryImageOfPage":{"@id":"https:\/\/crunchoil.com\/nuestros-productos\/manta-oleofilica\/#primaryimage"},"image":{"@id":"https:\/\/crunchoil.com\/nuestros-productos\/manta-oleofilica\/#primaryimage"},"thumbnailUrl":"https:\/\/crunchoil.com\/wp-content\/uploads\/2022\/04\/manta-absorbente-1.jpg","datePublished":"2022-04-11T13:35:53+00:00","dateModified":"2022-10-04T13:28:52+00:00","breadcrumb":{"@id":"https:\/\/crunchoil.com\/nuestros-productos\/manta-oleofilica\/#breadcrumb"},"inLanguage":"pt-BR","potentialAction":[{"@type":"ReadAction","target":["https:\/\/crunchoil.com\/nuestros-productos\/manta-oleofilica\/"]}]},{"@type":"ImageObject","inLanguage":"pt-BR","@id":"https:\/\/crunchoil.com\/nuestros-productos\/manta-oleofilica\/#primaryimage","url":"https:\/\/crunchoil.com\/wp-content\/uploads\/2022\/04\/manta-absorbente-1.jpg","contentUrl":"https:\/\/crunchoil.com\/wp-content\/uploads\/2022\/04\/manta-absorbente-1.jpg","width":500,"height":500},{"@type":"BreadcrumbList","@id":"https:\/\/crunchoil.com\/nuestros-productos\/manta-oleofilica\/#breadcrumb","itemListElement":[{"@type":"ListItem","position":1,"name":"Portada","item":"https:\/\/crunchoil.com\/es\/"},{"@type":"ListItem","position":2,"name":"NUESTROS PRODUCTOS","item":"https:\/\/crunchoil.com\/nuestros-productos\/"},{"@type":"ListItem","position":3,"name":"MANTA OLEOF\u00cdLICA"}]},{"@type":"WebSite","@id":"https:\/\/crunchoil.com\/es_es\/#website","url":"https:\/\/crunchoil.com\/es_es\/","name":"CrunchOil","description":"CrunchOil","potentialAction":[{"@type":"SearchAction","target":{"@type":"EntryPoint","urlTemplate":"https:\/\/crunchoil.com\/es_es\/?s={search_term_string}"},"query-input":{"@type":"PropertyValueSpecification","valueRequired":true,"valueName":"search_term_string"}}],"inLanguage":"pt-BR"}]}},"_links":{"self":[{"href":"http:\/\/crunchoil.com\/pt\/wp-json\/wp\/v2\/product\/448","targetHints":{"allow":["GET"]}}],"collection":[{"href":"http:\/\/crunchoil.com\/pt\/wp-json\/wp\/v2\/product"}],"about":[{"href":"http:\/\/crunchoil.com\/pt\/wp-json\/wp\/v2\/types\/product"}],"replies":[{"embeddable":true,"href":"http:\/\/crunchoil.com\/pt\/wp-json\/wp\/v2\/comments?post=448"}],"wp:featuredmedia":[{"embeddable":true,"href":"http:\/\/crunchoil.com\/pt\/wp-json\/wp\/v2\/media\/6330"}],"wp:attachment":[{"href":"http:\/\/crunchoil.com\/pt\/wp-json\/wp\/v2\/media?parent=448"}],"wp:term":[{"taxonomy":"product_brand","embeddable":true,"href":"http:\/\/crunchoil.com\/pt\/wp-json\/wp\/v2\/product_brand?post=448"},{"taxonomy":"product_cat","embeddable":true,"href":"http:\/\/crunchoil.com\/pt\/wp-json\/wp\/v2\/product_cat?post=448"},{"taxonomy":"product_tag","embeddable":true,"href":"http:\/\/crunchoil.com\/pt\/wp-json\/wp\/v2\/product_tag?post=448"}],"curies":[{"name":"wp","href":"https:\/\/api.w.org\/{rel}","templated":true}]}}