{"id":464,"date":"2022-04-11T10:35:54","date_gmt":"2022-04-11T13:35:54","guid":{"rendered":"https:\/\/dev.jfgancia.com\/crunchoil\/?post_type=product&#038;p=464"},"modified":"2024-06-19T18:16:18","modified_gmt":"2024-06-19T21:16:18","slug":"linea-d-talleres","status":"publish","type":"product","link":"http:\/\/crunchoil.com\/es\/nuestros-productos\/linea-d-talleres\/","title":{"rendered":"LINEA D \u2013 TALLERES"},"content":{"rendered":"","protected":false},"excerpt":{"rendered":"<p>Dise\u00f1ados para dar una r\u00e1pida respuesta a peque\u00f1os derrames de sustancias l\u00edquidas, siendo su principal aplicaci\u00f3n el control de derrames de hidrocarburos o cualquiera de sus derivados.<\/p>\n<hr \/>\n<p><strong>Absorci\u00f3n:<\/strong> D1000: 7L (aprox.) | D2000: 14L (aprox.) | D3000: 17L (aprox.)<\/p>\n","protected":false},"featured_media":6324,"comment_status":"open","ping_status":"closed","template":"","meta":{"_et_pb_use_builder":"","_et_pb_old_content":"","_et_gb_content_width":"","inline_featured_image":false},"product_brand":[],"product_cat":[30,34],"product_tag":[],"class_list":{"0":"post-464","1":"product","2":"type-product","3":"status-publish","4":"has-post-thumbnail","6":"product_cat-control-de-derrames","7":"product_cat-kits-de-contingencia","9":"first","10":"instock","11":"shipping-taxable","12":"product-type-simple"},"yoast_head":"<!-- This site is optimized with the Yoast SEO plugin v24.3 - https:\/\/yoast.com\/wordpress\/plugins\/seo\/ -->\n<title>LINEA D \u2013 TALLERES - CrunchOil<\/title>\n<meta name=\"robots\" content=\"index, follow, max-snippet:-1, max-image-preview:large, max-video-preview:-1\" \/>\n<link rel=\"canonical\" href=\"https:\/\/crunchoil.com\/es\/nuestros-productos\/linea-d-talleres\/\" \/>\n<meta property=\"og:locale\" content=\"es_ES\" \/>\n<meta property=\"og:type\" content=\"article\" \/>\n<meta property=\"og:title\" content=\"LINEA D \u2013 TALLERES - CrunchOil\" \/>\n<meta property=\"og:description\" content=\"Dise\u00f1ados para dar una r\u00e1pida respuesta a peque\u00f1os derrames de sustancias l\u00edquidas, siendo su principal aplicaci\u00f3n el control de derrames de hidrocarburos o cualquiera de sus derivados.    Absorci\u00f3n: D1000: 7L (aprox.) | D2000: 14L (aprox.) | D3000: 17L (aprox.)\" \/>\n<meta property=\"og:url\" content=\"https:\/\/crunchoil.com\/es\/nuestros-productos\/linea-d-talleres\/\" \/>\n<meta property=\"og:site_name\" content=\"CrunchOil\" \/>\n<meta property=\"article:modified_time\" content=\"2024-06-19T21:16:18+00:00\" \/>\n<meta property=\"og:image\" content=\"https:\/\/crunchoil.com\/wp-content\/uploads\/2022\/04\/kit-d1000-10.jpg\" \/>\n\t<meta property=\"og:image:width\" content=\"500\" \/>\n\t<meta property=\"og:image:height\" content=\"500\" \/>\n\t<meta property=\"og:image:type\" content=\"image\/jpeg\" \/>\n<meta name=\"twitter:card\" content=\"summary_large_image\" \/>\n<meta name=\"twitter:label1\" content=\"Tiempo de lectura\" \/>\n\t<meta name=\"twitter:data1\" content=\"1 minuto\" \/>\n<script type=\"application\/ld+json\" class=\"yoast-schema-graph\">{\"@context\":\"https:\/\/schema.org\",\"@graph\":[{\"@type\":\"WebPage\",\"@id\":\"https:\/\/crunchoil.com\/nuestros-productos\/linea-d-talleres\/\",\"url\":\"https:\/\/crunchoil.com\/nuestros-productos\/linea-d-talleres\/\",\"name\":\"LINEA D \u2013 TALLERES - CrunchOil\",\"isPartOf\":{\"@id\":\"https:\/\/crunchoil.com\/es_es\/#website\"},\"primaryImageOfPage\":{\"@id\":\"https:\/\/crunchoil.com\/nuestros-productos\/linea-d-talleres\/#primaryimage\"},\"image\":{\"@id\":\"https:\/\/crunchoil.com\/nuestros-productos\/linea-d-talleres\/#primaryimage\"},\"thumbnailUrl\":\"https:\/\/crunchoil.com\/wp-content\/uploads\/2022\/04\/kit-d1000-10.jpg\",\"datePublished\":\"2022-04-11T13:35:54+00:00\",\"dateModified\":\"2024-06-19T21:16:18+00:00\",\"breadcrumb\":{\"@id\":\"https:\/\/crunchoil.com\/nuestros-productos\/linea-d-talleres\/#breadcrumb\"},\"inLanguage\":\"es\",\"potentialAction\":[{\"@type\":\"ReadAction\",\"target\":[\"https:\/\/crunchoil.com\/nuestros-productos\/linea-d-talleres\/\"]}]},{\"@type\":\"ImageObject\",\"inLanguage\":\"es\",\"@id\":\"https:\/\/crunchoil.com\/nuestros-productos\/linea-d-talleres\/#primaryimage\",\"url\":\"https:\/\/crunchoil.com\/wp-content\/uploads\/2022\/04\/kit-d1000-10.jpg\",\"contentUrl\":\"https:\/\/crunchoil.com\/wp-content\/uploads\/2022\/04\/kit-d1000-10.jpg\",\"width\":500,\"height\":500},{\"@type\":\"BreadcrumbList\",\"@id\":\"https:\/\/crunchoil.com\/nuestros-productos\/linea-d-talleres\/#breadcrumb\",\"itemListElement\":[{\"@type\":\"ListItem\",\"position\":1,\"name\":\"Portada\",\"item\":\"https:\/\/crunchoil.com\/es\/\"},{\"@type\":\"ListItem\",\"position\":2,\"name\":\"NUESTROS PRODUCTOS\",\"item\":\"https:\/\/crunchoil.com\/nuestros-productos\/\"},{\"@type\":\"ListItem\",\"position\":3,\"name\":\"LINEA D \u2013 TALLERES\"}]},{\"@type\":\"WebSite\",\"@id\":\"https:\/\/crunchoil.com\/es_es\/#website\",\"url\":\"https:\/\/crunchoil.com\/es_es\/\",\"name\":\"CrunchOil\",\"description\":\"CrunchOil\",\"potentialAction\":[{\"@type\":\"SearchAction\",\"target\":{\"@type\":\"EntryPoint\",\"urlTemplate\":\"https:\/\/crunchoil.com\/es_es\/?s={search_term_string}\"},\"query-input\":{\"@type\":\"PropertyValueSpecification\",\"valueRequired\":true,\"valueName\":\"search_term_string\"}}],\"inLanguage\":\"es\"}]}<\/script>\n<!-- \/ Yoast SEO plugin. -->","yoast_head_json":{"title":"LINEA D \u2013 TALLERES - CrunchOil","robots":{"index":"index","follow":"follow","max-snippet":"max-snippet:-1","max-image-preview":"max-image-preview:large","max-video-preview":"max-video-preview:-1"},"canonical":"https:\/\/crunchoil.com\/es\/nuestros-productos\/linea-d-talleres\/","og_locale":"es_ES","og_type":"article","og_title":"LINEA D \u2013 TALLERES - CrunchOil","og_description":"Dise\u00f1ados para dar una r\u00e1pida respuesta a peque\u00f1os derrames de sustancias l\u00edquidas, siendo su principal aplicaci\u00f3n el control de derrames de hidrocarburos o cualquiera de sus derivados.    Absorci\u00f3n: D1000: 7L (aprox.) | D2000: 14L (aprox.) | D3000: 17L (aprox.)","og_url":"https:\/\/crunchoil.com\/es\/nuestros-productos\/linea-d-talleres\/","og_site_name":"CrunchOil","article_modified_time":"2024-06-19T21:16:18+00:00","og_image":[{"width":500,"height":500,"url":"https:\/\/crunchoil.com\/wp-content\/uploads\/2022\/04\/kit-d1000-10.jpg","type":"image\/jpeg"}],"twitter_card":"summary_large_image","twitter_misc":{"Tiempo de lectura":"1 minuto"},"schema":{"@context":"https:\/\/schema.org","@graph":[{"@type":"WebPage","@id":"https:\/\/crunchoil.com\/nuestros-productos\/linea-d-talleres\/","url":"https:\/\/crunchoil.com\/nuestros-productos\/linea-d-talleres\/","name":"LINEA D \u2013 TALLERES - CrunchOil","isPartOf":{"@id":"https:\/\/crunchoil.com\/es_es\/#website"},"primaryImageOfPage":{"@id":"https:\/\/crunchoil.com\/nuestros-productos\/linea-d-talleres\/#primaryimage"},"image":{"@id":"https:\/\/crunchoil.com\/nuestros-productos\/linea-d-talleres\/#primaryimage"},"thumbnailUrl":"https:\/\/crunchoil.com\/wp-content\/uploads\/2022\/04\/kit-d1000-10.jpg","datePublished":"2022-04-11T13:35:54+00:00","dateModified":"2024-06-19T21:16:18+00:00","breadcrumb":{"@id":"https:\/\/crunchoil.com\/nuestros-productos\/linea-d-talleres\/#breadcrumb"},"inLanguage":"es","potentialAction":[{"@type":"ReadAction","target":["https:\/\/crunchoil.com\/nuestros-productos\/linea-d-talleres\/"]}]},{"@type":"ImageObject","inLanguage":"es","@id":"https:\/\/crunchoil.com\/nuestros-productos\/linea-d-talleres\/#primaryimage","url":"https:\/\/crunchoil.com\/wp-content\/uploads\/2022\/04\/kit-d1000-10.jpg","contentUrl":"https:\/\/crunchoil.com\/wp-content\/uploads\/2022\/04\/kit-d1000-10.jpg","width":500,"height":500},{"@type":"BreadcrumbList","@id":"https:\/\/crunchoil.com\/nuestros-productos\/linea-d-talleres\/#breadcrumb","itemListElement":[{"@type":"ListItem","position":1,"name":"Portada","item":"https:\/\/crunchoil.com\/es\/"},{"@type":"ListItem","position":2,"name":"NUESTROS PRODUCTOS","item":"https:\/\/crunchoil.com\/nuestros-productos\/"},{"@type":"ListItem","position":3,"name":"LINEA D \u2013 TALLERES"}]},{"@type":"WebSite","@id":"https:\/\/crunchoil.com\/es_es\/#website","url":"https:\/\/crunchoil.com\/es_es\/","name":"CrunchOil","description":"CrunchOil","potentialAction":[{"@type":"SearchAction","target":{"@type":"EntryPoint","urlTemplate":"https:\/\/crunchoil.com\/es_es\/?s={search_term_string}"},"query-input":{"@type":"PropertyValueSpecification","valueRequired":true,"valueName":"search_term_string"}}],"inLanguage":"es"}]}},"_links":{"self":[{"href":"http:\/\/crunchoil.com\/es\/wp-json\/wp\/v2\/product\/464","targetHints":{"allow":["GET"]}}],"collection":[{"href":"http:\/\/crunchoil.com\/es\/wp-json\/wp\/v2\/product"}],"about":[{"href":"http:\/\/crunchoil.com\/es\/wp-json\/wp\/v2\/types\/product"}],"replies":[{"embeddable":true,"href":"http:\/\/crunchoil.com\/es\/wp-json\/wp\/v2\/comments?post=464"}],"wp:featuredmedia":[{"embeddable":true,"href":"http:\/\/crunchoil.com\/es\/wp-json\/wp\/v2\/media\/6324"}],"wp:attachment":[{"href":"http:\/\/crunchoil.com\/es\/wp-json\/wp\/v2\/media?parent=464"}],"wp:term":[{"taxonomy":"product_brand","embeddable":true,"href":"http:\/\/crunchoil.com\/es\/wp-json\/wp\/v2\/product_brand?post=464"},{"taxonomy":"product_cat","embeddable":true,"href":"http:\/\/crunchoil.com\/es\/wp-json\/wp\/v2\/product_cat?post=464"},{"taxonomy":"product_tag","embeddable":true,"href":"http:\/\/crunchoil.com\/es\/wp-json\/wp\/v2\/product_tag?post=464"}],"curies":[{"name":"wp","href":"https:\/\/api.w.org\/{rel}","templated":true}]}}