{"id":456,"date":"2022-04-11T10:35:53","date_gmt":"2022-04-11T13:35:53","guid":{"rendered":"https:\/\/dev.jfgancia.com\/crunchoil\/?post_type=product&#038;p=456"},"modified":"2022-09-29T12:57:12","modified_gmt":"2022-09-29T15:57:12","slug":"boom-hd-con-faldon","status":"publish","type":"product","link":"http:\/\/crunchoil.com\/es\/nuestros-productos\/boom-hd-con-faldon\/","title":{"rendered":"BOOM HD CON FALD\u00d3N"},"content":{"rendered":"","protected":false},"excerpt":{"rendered":"<p>Manga de polipropileno rellena de fibras org\u00e1nicas naturales. Dise\u00f1ada para ser utilizada en derrames de hidrocarburos sobre agua, con accesorios que permiten su uni\u00f3n con otras mangas, para lograr barreras flotantes de contenci\u00f3n.<\/p>\n<hr \/>\n<p><strong>Peso:<\/strong> 9kg<\/p>\n<p><strong>Tama\u00f1o:<\/strong> 320x20cm<\/p>\n<p><strong>Absorci\u00f3n:<\/strong> 49L (aprox.)<\/p>\n","protected":false},"featured_media":494,"comment_status":"open","ping_status":"closed","template":"","meta":{"_et_pb_use_builder":"","_et_pb_old_content":"","_et_gb_content_width":"","inline_featured_image":false},"product_brand":[],"product_cat":[30,32],"product_tag":[],"class_list":{"0":"post-456","1":"product","2":"type-product","3":"status-publish","4":"has-post-thumbnail","6":"product_cat-control-de-derrames","7":"product_cat-contencion-y-absorcion-de-hidrocarburos","9":"first","10":"instock","11":"shipping-taxable","12":"product-type-simple"},"yoast_head":"<!-- This site is optimized with the Yoast SEO plugin v24.3 - https:\/\/yoast.com\/wordpress\/plugins\/seo\/ -->\n<title>BOOM HD CON FALD\u00d3N - CrunchOil<\/title>\n<meta name=\"robots\" content=\"index, follow, max-snippet:-1, max-image-preview:large, max-video-preview:-1\" \/>\n<link rel=\"canonical\" href=\"https:\/\/crunchoil.com\/es\/nuestros-productos\/boom-hd-con-faldon\/\" \/>\n<meta property=\"og:locale\" content=\"es_ES\" \/>\n<meta property=\"og:type\" content=\"article\" \/>\n<meta property=\"og:title\" content=\"BOOM HD CON FALD\u00d3N - CrunchOil\" \/>\n<meta property=\"og:description\" content=\"Manga de polipropileno rellena de fibras org\u00e1nicas naturales. Dise\u00f1ada para ser utilizada en derrames de hidrocarburos sobre agua, con accesorios que permiten su uni\u00f3n con otras mangas, para lograr barreras flotantes de contenci\u00f3n.    Peso: 9kg  Tama\u00f1o: 320x20cm  Absorci\u00f3n: 49L (aprox.)\" \/>\n<meta property=\"og:url\" content=\"https:\/\/crunchoil.com\/es\/nuestros-productos\/boom-hd-con-faldon\/\" \/>\n<meta property=\"og:site_name\" content=\"CrunchOil\" \/>\n<meta property=\"article:modified_time\" content=\"2022-09-29T15:57:12+00:00\" \/>\n<meta property=\"og:image\" content=\"https:\/\/crunchoil.com\/wp-content\/uploads\/2022\/04\/Boom-HD-faldon-1.png\" \/>\n\t<meta property=\"og:image:width\" content=\"500\" \/>\n\t<meta property=\"og:image:height\" content=\"500\" \/>\n\t<meta property=\"og:image:type\" content=\"image\/png\" \/>\n<meta name=\"twitter:card\" content=\"summary_large_image\" \/>\n<script type=\"application\/ld+json\" class=\"yoast-schema-graph\">{\"@context\":\"https:\/\/schema.org\",\"@graph\":[{\"@type\":\"WebPage\",\"@id\":\"https:\/\/crunchoil.com\/nuestros-productos\/boom-hd-con-faldon\/\",\"url\":\"https:\/\/crunchoil.com\/nuestros-productos\/boom-hd-con-faldon\/\",\"name\":\"BOOM HD CON FALD\u00d3N - CrunchOil\",\"isPartOf\":{\"@id\":\"https:\/\/crunchoil.com\/es_es\/#website\"},\"primaryImageOfPage\":{\"@id\":\"https:\/\/crunchoil.com\/nuestros-productos\/boom-hd-con-faldon\/#primaryimage\"},\"image\":{\"@id\":\"https:\/\/crunchoil.com\/nuestros-productos\/boom-hd-con-faldon\/#primaryimage\"},\"thumbnailUrl\":\"https:\/\/crunchoil.com\/wp-content\/uploads\/2022\/04\/Boom-HD-faldon-1.png\",\"datePublished\":\"2022-04-11T13:35:53+00:00\",\"dateModified\":\"2022-09-29T15:57:12+00:00\",\"breadcrumb\":{\"@id\":\"https:\/\/crunchoil.com\/nuestros-productos\/boom-hd-con-faldon\/#breadcrumb\"},\"inLanguage\":\"es\",\"potentialAction\":[{\"@type\":\"ReadAction\",\"target\":[\"https:\/\/crunchoil.com\/nuestros-productos\/boom-hd-con-faldon\/\"]}]},{\"@type\":\"ImageObject\",\"inLanguage\":\"es\",\"@id\":\"https:\/\/crunchoil.com\/nuestros-productos\/boom-hd-con-faldon\/#primaryimage\",\"url\":\"https:\/\/crunchoil.com\/wp-content\/uploads\/2022\/04\/Boom-HD-faldon-1.png\",\"contentUrl\":\"https:\/\/crunchoil.com\/wp-content\/uploads\/2022\/04\/Boom-HD-faldon-1.png\",\"width\":500,\"height\":500},{\"@type\":\"BreadcrumbList\",\"@id\":\"https:\/\/crunchoil.com\/nuestros-productos\/boom-hd-con-faldon\/#breadcrumb\",\"itemListElement\":[{\"@type\":\"ListItem\",\"position\":1,\"name\":\"Portada\",\"item\":\"https:\/\/crunchoil.com\/es\/\"},{\"@type\":\"ListItem\",\"position\":2,\"name\":\"NUESTROS PRODUCTOS\",\"item\":\"https:\/\/crunchoil.com\/nuestros-productos\/\"},{\"@type\":\"ListItem\",\"position\":3,\"name\":\"BOOM HD CON FALD\u00d3N\"}]},{\"@type\":\"WebSite\",\"@id\":\"https:\/\/crunchoil.com\/es_es\/#website\",\"url\":\"https:\/\/crunchoil.com\/es_es\/\",\"name\":\"CrunchOil\",\"description\":\"CrunchOil\",\"potentialAction\":[{\"@type\":\"SearchAction\",\"target\":{\"@type\":\"EntryPoint\",\"urlTemplate\":\"https:\/\/crunchoil.com\/es_es\/?s={search_term_string}\"},\"query-input\":{\"@type\":\"PropertyValueSpecification\",\"valueRequired\":true,\"valueName\":\"search_term_string\"}}],\"inLanguage\":\"es\"}]}<\/script>\n<!-- \/ Yoast SEO plugin. -->","yoast_head_json":{"title":"BOOM HD CON FALD\u00d3N - CrunchOil","robots":{"index":"index","follow":"follow","max-snippet":"max-snippet:-1","max-image-preview":"max-image-preview:large","max-video-preview":"max-video-preview:-1"},"canonical":"https:\/\/crunchoil.com\/es\/nuestros-productos\/boom-hd-con-faldon\/","og_locale":"es_ES","og_type":"article","og_title":"BOOM HD CON FALD\u00d3N - CrunchOil","og_description":"Manga de polipropileno rellena de fibras org\u00e1nicas naturales. Dise\u00f1ada para ser utilizada en derrames de hidrocarburos sobre agua, con accesorios que permiten su uni\u00f3n con otras mangas, para lograr barreras flotantes de contenci\u00f3n.    Peso: 9kg  Tama\u00f1o: 320x20cm  Absorci\u00f3n: 49L (aprox.)","og_url":"https:\/\/crunchoil.com\/es\/nuestros-productos\/boom-hd-con-faldon\/","og_site_name":"CrunchOil","article_modified_time":"2022-09-29T15:57:12+00:00","og_image":[{"width":500,"height":500,"url":"https:\/\/crunchoil.com\/wp-content\/uploads\/2022\/04\/Boom-HD-faldon-1.png","type":"image\/png"}],"twitter_card":"summary_large_image","schema":{"@context":"https:\/\/schema.org","@graph":[{"@type":"WebPage","@id":"https:\/\/crunchoil.com\/nuestros-productos\/boom-hd-con-faldon\/","url":"https:\/\/crunchoil.com\/nuestros-productos\/boom-hd-con-faldon\/","name":"BOOM HD CON FALD\u00d3N - CrunchOil","isPartOf":{"@id":"https:\/\/crunchoil.com\/es_es\/#website"},"primaryImageOfPage":{"@id":"https:\/\/crunchoil.com\/nuestros-productos\/boom-hd-con-faldon\/#primaryimage"},"image":{"@id":"https:\/\/crunchoil.com\/nuestros-productos\/boom-hd-con-faldon\/#primaryimage"},"thumbnailUrl":"https:\/\/crunchoil.com\/wp-content\/uploads\/2022\/04\/Boom-HD-faldon-1.png","datePublished":"2022-04-11T13:35:53+00:00","dateModified":"2022-09-29T15:57:12+00:00","breadcrumb":{"@id":"https:\/\/crunchoil.com\/nuestros-productos\/boom-hd-con-faldon\/#breadcrumb"},"inLanguage":"es","potentialAction":[{"@type":"ReadAction","target":["https:\/\/crunchoil.com\/nuestros-productos\/boom-hd-con-faldon\/"]}]},{"@type":"ImageObject","inLanguage":"es","@id":"https:\/\/crunchoil.com\/nuestros-productos\/boom-hd-con-faldon\/#primaryimage","url":"https:\/\/crunchoil.com\/wp-content\/uploads\/2022\/04\/Boom-HD-faldon-1.png","contentUrl":"https:\/\/crunchoil.com\/wp-content\/uploads\/2022\/04\/Boom-HD-faldon-1.png","width":500,"height":500},{"@type":"BreadcrumbList","@id":"https:\/\/crunchoil.com\/nuestros-productos\/boom-hd-con-faldon\/#breadcrumb","itemListElement":[{"@type":"ListItem","position":1,"name":"Portada","item":"https:\/\/crunchoil.com\/es\/"},{"@type":"ListItem","position":2,"name":"NUESTROS PRODUCTOS","item":"https:\/\/crunchoil.com\/nuestros-productos\/"},{"@type":"ListItem","position":3,"name":"BOOM HD CON FALD\u00d3N"}]},{"@type":"WebSite","@id":"https:\/\/crunchoil.com\/es_es\/#website","url":"https:\/\/crunchoil.com\/es_es\/","name":"CrunchOil","description":"CrunchOil","potentialAction":[{"@type":"SearchAction","target":{"@type":"EntryPoint","urlTemplate":"https:\/\/crunchoil.com\/es_es\/?s={search_term_string}"},"query-input":{"@type":"PropertyValueSpecification","valueRequired":true,"valueName":"search_term_string"}}],"inLanguage":"es"}]}},"_links":{"self":[{"href":"http:\/\/crunchoil.com\/es\/wp-json\/wp\/v2\/product\/456","targetHints":{"allow":["GET"]}}],"collection":[{"href":"http:\/\/crunchoil.com\/es\/wp-json\/wp\/v2\/product"}],"about":[{"href":"http:\/\/crunchoil.com\/es\/wp-json\/wp\/v2\/types\/product"}],"replies":[{"embeddable":true,"href":"http:\/\/crunchoil.com\/es\/wp-json\/wp\/v2\/comments?post=456"}],"wp:featuredmedia":[{"embeddable":true,"href":"http:\/\/crunchoil.com\/es\/wp-json\/wp\/v2\/media\/494"}],"wp:attachment":[{"href":"http:\/\/crunchoil.com\/es\/wp-json\/wp\/v2\/media?parent=456"}],"wp:term":[{"taxonomy":"product_brand","embeddable":true,"href":"http:\/\/crunchoil.com\/es\/wp-json\/wp\/v2\/product_brand?post=456"},{"taxonomy":"product_cat","embeddable":true,"href":"http:\/\/crunchoil.com\/es\/wp-json\/wp\/v2\/product_cat?post=456"},{"taxonomy":"product_tag","embeddable":true,"href":"http:\/\/crunchoil.com\/es\/wp-json\/wp\/v2\/product_tag?post=456"}],"curies":[{"name":"wp","href":"https:\/\/api.w.org\/{rel}","templated":true}]}}