{"id":52,"date":"2022-04-05T14:53:56","date_gmt":"2022-04-05T17:53:56","guid":{"rendered":"https:\/\/dev.jfgancia.com\/crunchoil\/?page_id=52"},"modified":"2022-05-09T12:40:12","modified_gmt":"2022-05-09T15:40:12","slug":"noticias","status":"publish","type":"page","link":"http:\/\/crunchoil.com\/es\/noticias\/","title":{"rendered":"NOTICIAS"},"content":{"rendered":"<p>[et_pb_section fb_built=&#8221;1&#8243; module_class=&#8221;background-black&#8221; _builder_version=&#8221;4.17.3&#8243; _module_preset=&#8221;default&#8221; background_enable_color=&#8221;off&#8221; background_image=&#8221;https:\/\/crunchoil.com\/wp-content\/uploads\/2022\/05\/noticias-portada-10.jpg&#8221; height=&#8221;100vh&#8221; height_tablet=&#8221;100vh&#8221; height_phone=&#8221;80vh&#8221; height_last_edited=&#8221;on|tablet&#8221; hover_enabled=&#8221;0&#8243; background_last_edited=&#8221;on|phone&#8221; background_position_phone=&#8221;center&#8221; custom_css_main_element=&#8221;display: flex;||flex-direction: column;||justify-content: flex-end;&#8221; global_colors_info=&#8221;{}&#8221; title_text=&#8221;noticias-portada-10&#8243; sticky_enabled=&#8221;0&#8243; background_position_tablet=&#8221;center_left&#8221;][et_pb_row _builder_version=&#8221;4.17.0&#8243; _module_preset=&#8221;default&#8221; width_tablet=&#8221;90%&#8221; width_phone=&#8221;85%&#8221; width_last_edited=&#8221;on|phone&#8221; custom_css_main_element=&#8221;margin: 0 auto;&#8221; global_colors_info=&#8221;{}&#8221;][et_pb_column type=&#8221;4_4&#8243; _builder_version=&#8221;4.17.0&#8243; _module_preset=&#8221;default&#8221; global_colors_info=&#8221;{}&#8221;][et_pb_text content_tablet=&#8221;<\/p>\n<h1>PRODUCTOS PARA CONTROL DE<br \/>DERRAMES Y LIMPIEZA INDUSTRIAL<\/h1>\n<p>&#8221; content_phone=&#8221;<\/p>\n<h1>PRODUCTOS PARA CONTROL DE DERRAMES<br \/>Y LIMPIEZA INDUSTRIAL<\/h1>\n<p>&#8221; content_last_edited=&#8221;off|desktop&#8221; _builder_version=&#8221;4.17.1&#8243; _module_preset=&#8221;default&#8221; header_font=&#8221;|800|on||||||&#8221; header_font_size=&#8221;38px&#8221; header_line_height=&#8221;1.3em&#8221; max_width=&#8221;800px&#8221; max_width_tablet=&#8221;100%&#8221; max_width_phone=&#8221;100%&#8221; max_width_last_edited=&#8221;on|tablet&#8221; header_font_size_tablet=&#8221;34px&#8221; header_font_size_phone=&#8221;26px&#8221; header_font_size_last_edited=&#8221;on|tablet&#8221; global_colors_info=&#8221;{}&#8221;]<\/p>\n<h1>NOTICIAS<\/h1>\n<p>[\/et_pb_text][et_pb_text _builder_version=&#8221;4.17.1&#8243; _module_preset=&#8221;default&#8221; max_width=&#8221;500px&#8221; max_width_tablet=&#8221;100%&#8221; max_width_phone=&#8221;100%&#8221; max_width_last_edited=&#8221;on|tablet&#8221; text_font_size_tablet=&#8221;15px&#8221; text_font_size_phone=&#8221;14px&#8221; text_font_size_last_edited=&#8221;on|tablet&#8221; text_line_height_tablet=&#8221;&#8221; text_line_height_phone=&#8221;1.5em&#8221; text_line_height_last_edited=&#8221;on|phone&#8221; global_colors_info=&#8221;{}&#8221;]<\/p>\n<p>Sumamente vers\u00e1tiles, nuestros productos pueden emplearse en diversas formas y situaciones, con una eficacia incomparable.<\/p>\n<p>[\/et_pb_text][\/et_pb_column][\/et_pb_row][\/et_pb_section][et_pb_section fb_built=&#8221;1&#8243; _builder_version=&#8221;4.17.1&#8243; _module_preset=&#8221;default&#8221; background_color=&#8221;#1A1A1A&#8221; global_colors_info=&#8221;{}&#8221;][et_pb_row module_class=&#8221;w-90&#8243; _builder_version=&#8221;4.17.1&#8243; _module_preset=&#8221;default&#8221; global_colors_info=&#8221;{}&#8221;][et_pb_column type=&#8221;4_4&#8243; _builder_version=&#8221;4.17.1&#8243; _module_preset=&#8221;default&#8221; global_colors_info=&#8221;{}&#8221;][et_pb_code module_id=&#8221;noticias-grid&#8221; _builder_version=&#8221;4.17.1&#8243; _module_preset=&#8221;default&#8221; global_colors_info=&#8221;{}&#8221;]\t\t\t\t\t\t\t\t<div class=\"pgcu-posts pgcu-theme-1 \"\n\t\t\t\t\t\t\t\t>\n\n\t\t\t\t\t\n\n    \t\t\t\t<div class=\"pgcu-row pgcu-column-3 pgcu-column-md-3 pgcu-column-sm-1\" style=\"\n\t\t\t\t\t--pgcu-titleColor: #ffffff;\n    \t\t\t\t--pgcu-titleColorHover: #ffe100;\n\t\t\t\t\t--pgcu-excerptColor: #ffffff;\n\t\t\t\t\t--pgcu-readMoreColor: #ffe100;\n    \t\t\t\t--pgcu-readMoreColorHover: #ffe100;\n\t\t\t\t\t--pgcu-buttonFontSize: 14px;\n\t\t\t\t\t--pgcu-buttonColor: #030213;\n\t\t\t\t\t--pgcu-buttonColorHover: #ffffff;\n\t\t\t\t\t--pgcu-buttonBg: #EFEFEF;\n\t\t\t\t\t--pgcu-buttonBgHover: #030213;\n\t\t\t\t\">\n\n\t\t\t\t\t\t\n<div class=\"pgcu-post pgcu-post--rounded-border \">\n    <div class=\"pgcu-post__content\">\n\n                    <div class=\"pgcu-post__img\">\n                <a href=\"http:\/\/crunchoil.com\/es\/oilgas-2023\/\">\n                    <img decoding=\"async\" src=\"https:\/\/crunchoil.com\/wp-content\/uploads\/2024\/06\/crunchoil-noticias-arabia-saudita-300x200.jpg\" alt=\"CRUNCHOIL EXPANDE FRONTERAS: \u00a1AHORA EN ASIA!\">\n                <\/a>\n            <\/div>\n        \n        <div class=\"pgcu-post__details\">\n\n                            <h2 class=\"pgcu-post__title\">\n                    <a href=\"http:\/\/crunchoil.com\/es\/oilgas-2023\/\">CRUNCHOIL EXPANDE FRONTERAS: \u00a1AHORA EN ASIA!<\/a> \n                <\/h2>\n            \n            <ul class=\"pgcu-post__meta pgcu-post__meta--dots\">\n\n                                    <li><a>mayo 22, 2024<\/a><\/li>\n                                \n                    \n\n            <\/ul>\n\n                            <p class=\"pgcu-post__excerpt\">\n                Hemos firmado un contrato internacional que llevar\u00e1 nuestra marca a los pa\u00edses \u00e1rabes. Nuestro presidente, Julio&hellip;                <\/p>\n            \n            \n        <\/div><!-- ends: .pgcu-post__details -->\n    <\/div><!-- ends: .pgcu-post__content -->\n<\/div><!-- ends: .pgcu-post -->\n\n<div class=\"pgcu-post pgcu-post--rounded-border \">\n    <div class=\"pgcu-post__content\">\n\n                    <div class=\"pgcu-post__img\">\n                <a href=\"http:\/\/crunchoil.com\/es\/expo-internacional-san-juan-minera-2024\/\">\n                    <img decoding=\"async\" src=\"https:\/\/crunchoil.com\/wp-content\/uploads\/2024\/06\/crunchoil-noticias-feria-minera-300x200.jpg\" alt=\"EXPO INTERNACIONAL SAN JUAN MINERA 2024\">\n                <\/a>\n            <\/div>\n        \n        <div class=\"pgcu-post__details\">\n\n                            <h2 class=\"pgcu-post__title\">\n                    <a href=\"http:\/\/crunchoil.com\/es\/expo-internacional-san-juan-minera-2024\/\">EXPO INTERNACIONAL SAN JUAN MINERA 2024<\/a> \n                <\/h2>\n            \n            <ul class=\"pgcu-post__meta pgcu-post__meta--dots\">\n\n                                    <li><a>mayo 21, 2024<\/a><\/li>\n                                \n                    \n\n            <\/ul>\n\n                            <p class=\"pgcu-post__excerpt\">\n                La 10\u00b0 Expo Internacional San Juan Minera, es un evento que re\u00fane a las principales empresas&hellip;                <\/p>\n            \n            \n        <\/div><!-- ends: .pgcu-post__details -->\n    <\/div><!-- ends: .pgcu-post__content -->\n<\/div><!-- ends: .pgcu-post -->\n\n<div class=\"pgcu-post pgcu-post--rounded-border \">\n    <div class=\"pgcu-post__content\">\n\n                    <div class=\"pgcu-post__img\">\n                <a href=\"http:\/\/crunchoil.com\/es\/congreso-de-seguridad-2024\/\">\n                    <img decoding=\"async\" src=\"https:\/\/crunchoil.com\/wp-content\/uploads\/2024\/06\/crunchoil-noticias-congreso-argentino-300x200.jpg\" alt=\"CONGRESO DE SEGURIDAD 2024\">\n                <\/a>\n            <\/div>\n        \n        <div class=\"pgcu-post__details\">\n\n                            <h2 class=\"pgcu-post__title\">\n                    <a href=\"http:\/\/crunchoil.com\/es\/congreso-de-seguridad-2024\/\">CONGRESO DE SEGURIDAD 2024<\/a> \n                <\/h2>\n            \n            <ul class=\"pgcu-post__meta pgcu-post__meta--dots\">\n\n                                    <li><a>abril 23, 2024<\/a><\/li>\n                                \n                    \n\n            <\/ul>\n\n                            <p class=\"pgcu-post__excerpt\">\n                Nuestro compromiso con la seguridad y salud en el trabajo va m\u00e1s all\u00e1 de nuestras instalaciones.&hellip;                <\/p>\n            \n            \n        <\/div><!-- ends: .pgcu-post__details -->\n    <\/div><!-- ends: .pgcu-post__content -->\n<\/div><!-- ends: .pgcu-post -->\n\n<div class=\"pgcu-post pgcu-post--rounded-border \">\n    <div class=\"pgcu-post__content\">\n\n                    <div class=\"pgcu-post__img\">\n                <a href=\"http:\/\/crunchoil.com\/es\/capacitacion-otasa-2023\/\">\n                    <img decoding=\"async\" src=\"https:\/\/crunchoil.com\/wp-content\/uploads\/2024\/06\/crunchoil-noticias-capacitacion-otasa-300x200.jpg\" alt=\"CAPACITACI\u00d3N OTASA 2023\">\n                <\/a>\n            <\/div>\n        \n        <div class=\"pgcu-post__details\">\n\n                            <h2 class=\"pgcu-post__title\">\n                    <a href=\"http:\/\/crunchoil.com\/es\/capacitacion-otasa-2023\/\">CAPACITACI\u00d3N OTASA 2023<\/a> \n                <\/h2>\n            \n            <ul class=\"pgcu-post__meta pgcu-post__meta--dots\">\n\n                                    <li><a>diciembre 6, 2023<\/a><\/li>\n                                \n                    \n\n            <\/ul>\n\n                            <p class=\"pgcu-post__excerpt\">\n                Esta semana trabajamos junto a JBS Soluciones Verticales - \u00c1rea Capacitaci\u00f3n para capacitar al personal del&hellip;                <\/p>\n            \n            \n        <\/div><!-- ends: .pgcu-post__details -->\n    <\/div><!-- ends: .pgcu-post__content -->\n<\/div><!-- ends: .pgcu-post -->\n\n<div class=\"pgcu-post pgcu-post--rounded-border \">\n    <div class=\"pgcu-post__content\">\n\n                    <div class=\"pgcu-post__img\">\n                <a href=\"http:\/\/crunchoil.com\/es\/visita-paraguay\/\">\n                    <img decoding=\"async\" src=\"https:\/\/crunchoil.com\/wp-content\/uploads\/2024\/06\/crunchoil-noticias-visita-paraguay-300x200.jpg\" alt=\"VISITA PARAGUAY\">\n                <\/a>\n            <\/div>\n        \n        <div class=\"pgcu-post__details\">\n\n                            <h2 class=\"pgcu-post__title\">\n                    <a href=\"http:\/\/crunchoil.com\/es\/visita-paraguay\/\">VISITA PARAGUAY<\/a> \n                <\/h2>\n            \n            <ul class=\"pgcu-post__meta pgcu-post__meta--dots\">\n\n                                    <li><a>noviembre 15, 2023<\/a><\/li>\n                                \n                    \n\n            <\/ul>\n\n                            <p class=\"pgcu-post__excerpt\">\n                \u00a1Explorando Oportunidades en Paraguay! Recientemente, parte de nuestro equipo CrunchOil\u00ae emprendi\u00f3 una visita t\u00e9cnica\/comercial a Paraguay,&hellip;                <\/p>\n            \n            \n        <\/div><!-- ends: .pgcu-post__details -->\n    <\/div><!-- ends: .pgcu-post__content -->\n<\/div><!-- ends: .pgcu-post -->\n\n<div class=\"pgcu-post pgcu-post--rounded-border \">\n    <div class=\"pgcu-post__content\">\n\n                    <div class=\"pgcu-post__img\">\n                <a href=\"http:\/\/crunchoil.com\/es\/oilgas-2023-2\/\">\n                    <img decoding=\"async\" src=\"https:\/\/crunchoil.com\/wp-content\/uploads\/2024\/06\/crunchoil-noticias-oil-gas-2023-300x200.jpg\" alt=\"OIL&amp;GAS 2023\">\n                <\/a>\n            <\/div>\n        \n        <div class=\"pgcu-post__details\">\n\n                            <h2 class=\"pgcu-post__title\">\n                    <a href=\"http:\/\/crunchoil.com\/es\/oilgas-2023-2\/\">OIL&amp;GAS 2023<\/a> \n                <\/h2>\n            \n            <ul class=\"pgcu-post__meta pgcu-post__meta--dots\">\n\n                                    <li><a>septiembre 14, 2023<\/a><\/li>\n                                \n                    \n\n            <\/ul>\n\n                            <p class=\"pgcu-post__excerpt\">\n                Nos complace compartir que nuestro equipo, encabezado por Juan Bernaola (Director General), Louis Lepoutre (Desarrollo Marketing\/Comercial)&hellip;                <\/p>\n            \n            \n        <\/div><!-- ends: .pgcu-post__details -->\n    <\/div><!-- ends: .pgcu-post__content -->\n<\/div><!-- ends: .pgcu-post -->\n\t\t\t\t\t\t\n\t\t\t\t\t<\/div>\n\n\t\t\t\t\t\t<!-- .pgcu-pagination--left\/.pgcu-pagination--right -->\n<div class=\"pgcu-pagination\" style=\"\n    --pgcu-pagColor: #ffe100;\n    --pgcu-pagColorHover: #1a1a1a;\n    --pgcu-pagBorderColor: #ffe100;\n    --pgcu-pagBorderColorHover: #ffe100;\n    --pgcu-pagBgColor: #fff;\n    --pgcu-pagBgColorHover: #ffe100;\n    --pgcu-pagActiveColor: #1a1a1a;\n    --pgcu-pagActiveBorderColor: #ffe100;\n    --pgcu-pagActiveBgColor: #ffe100;\n\">\n    \n\t<nav class=\"navigation pagination\" aria-label=\" \">\n\t\t<h2 class=\"screen-reader-text\"> <\/h2>\n\t\t<div class=\"nav-links\"><span aria-label=\"P\u00e1gina 1\" aria-current=\"page\" class=\"page-numbers current\">1<\/span>\n<a aria-label=\"P\u00e1gina 2\" class=\"page-numbers\" href=\"http:\/\/crunchoil.com\/es\/wp-json\/wp\/v2\/pages\/52\/page\/2\/\">2<\/a>\n<a aria-label=\"P\u00e1gina 3\" class=\"page-numbers\" href=\"http:\/\/crunchoil.com\/es\/wp-json\/wp\/v2\/pages\/52\/page\/3\/\">3<\/a>\n<a aria-label=\"P\u00e1gina 4\" class=\"page-numbers\" href=\"http:\/\/crunchoil.com\/es\/wp-json\/wp\/v2\/pages\/52\/page\/4\/\">4<\/a>\n<a class=\"next page-numbers\" href=\"http:\/\/crunchoil.com\/es\/wp-json\/wp\/v2\/pages\/52\/page\/2\/\"><svg xmlns=\"http:\/\/www.w3.org\/2000\/svg\" viewBox=\"0 0 448 512\"><path d=\"M190.5 66.9l22.2-22.2c9.4-9.4 24.6-9.4 33.9 0L441 239c9.4 9.4 9.4 24.6 0 33.9L246.6 467.3c-9.4 9.4-24.6 9.4-33.9 0l-22.2-22.2c-9.5-9.5-9.3-25 .4-34.3L311.4 296H24c-13.3 0-24-10.7-24-24v-32c0-13.3 10.7-24 24-24h287.4L190.9 101.2c-9.8-9.3-10-24.8-.4-34.3z\"\/><\/svg><\/a><\/div>\n\t<\/nav><\/div>\n\t\t\t\t<\/div>\n\n\n\t\t\t[\/et_pb_code][\/et_pb_column][\/et_pb_row][\/et_pb_section][et_pb_section fb_built=&#8221;1&#8243; module_class=&#8221;separador&#8221; _builder_version=&#8221;4.17.1&#8243; _module_preset=&#8221;default&#8221; custom_padding=&#8221;0px||0px||true|false&#8221; global_module=&#8221;330&#8243; saved_tabs=&#8221;all&#8221; global_colors_info=&#8221;{}&#8221;][et_pb_row _builder_version=&#8221;4.17.0&#8243; _module_preset=&#8221;default&#8221; width=&#8221;100%&#8221; max_width=&#8221;100%&#8221; custom_padding=&#8221;0px||0px||true|false&#8221; global_colors_info=&#8221;{}&#8221;][et_pb_column type=&#8221;4_4&#8243; _builder_version=&#8221;4.17.1&#8243; _module_preset=&#8221;default&#8221; global_colors_info=&#8221;{}&#8221;][et_pb_image src=&#8221;https:\/\/crunchoil.com\/wp-content\/uploads\/2022\/04\/separador.svg&#8221; title_text=&#8221;separador&#8221; _builder_version=&#8221;4.17.1&#8243; _module_preset=&#8221;default&#8221; height_tablet=&#8221;&#8221; height_phone=&#8221;50px&#8221; height_last_edited=&#8221;on|phone&#8221; global_colors_info=&#8221;{}&#8221;][\/et_pb_image][\/et_pb_column][\/et_pb_row][\/et_pb_section]<\/p>\n","protected":false},"excerpt":{"rendered":"<p>[et_pb_section fb_built=&#8221;1&#8243; module_class=&#8221;background-black&#8221; _builder_version=&#8221;4.17.3&#8243; _module_preset=&#8221;default&#8221; background_enable_color=&#8221;off&#8221; background_image=&#8221;https:\/\/crunchoil.com\/wp-content\/uploads\/2022\/05\/noticias-portada-10.jpg&#8221; height=&#8221;100vh&#8221; height_tablet=&#8221;100vh&#8221; height_phone=&#8221;80vh&#8221; height_last_edited=&#8221;on|tablet&#8221; hover_enabled=&#8221;0&#8243; background_last_edited=&#8221;on|phone&#8221; background_position_phone=&#8221;center&#8221; custom_css_main_element=&#8221;display: flex;||flex-direction: column;||justify-content: flex-end;&#8221; global_colors_info=&#8221;{}&#8221; title_text=&#8221;noticias-portada-10&#8243; sticky_enabled=&#8221;0&#8243; background_position_tablet=&#8221;center_left&#8221;][et_pb_row _builder_version=&#8221;4.17.0&#8243; _module_preset=&#8221;default&#8221; width_tablet=&#8221;90%&#8221; width_phone=&#8221;85%&#8221; width_last_edited=&#8221;on|phone&#8221; custom_css_main_element=&#8221;margin: 0 auto;&#8221; global_colors_info=&#8221;{}&#8221;][et_pb_column type=&#8221;4_4&#8243; _builder_version=&#8221;4.17.0&#8243; _module_preset=&#8221;default&#8221; global_colors_info=&#8221;{}&#8221;][et_pb_text content_tablet=&#8221; PRODUCTOS PARA CONTROL DEDERRAMES Y LIMPIEZA INDUSTRIAL &#8221; content_phone=&#8221; PRODUCTOS PARA CONTROL DE DERRAMESY LIMPIEZA INDUSTRIAL &#8221; content_last_edited=&#8221;off|desktop&#8221; _builder_version=&#8221;4.17.1&#8243; [&hellip;]<\/p>\n","protected":false},"author":1,"featured_media":0,"parent":0,"menu_order":0,"comment_status":"closed","ping_status":"closed","template":"","meta":{"_et_pb_use_builder":"on","_et_pb_old_content":"<!-- wp:divi\/placeholder \/-->","_et_gb_content_width":"","inline_featured_image":false,"footnotes":""},"class_list":["post-52","page","type-page","status-publish","hentry"],"yoast_head":"<!-- This site is optimized with the Yoast SEO plugin v24.3 - https:\/\/yoast.com\/wordpress\/plugins\/seo\/ -->\n<title>NOTICIAS | CRUNCHOIL\u00ae<\/title>\n<meta name=\"description\" content=\"Sumamente vers\u00e1tiles, nuestro productos pueden emplearse en diversas formas y situaciones, con una eficacia incomparable.\" \/>\n<meta name=\"robots\" content=\"index, follow, max-snippet:-1, max-image-preview:large, max-video-preview:-1\" \/>\n<link rel=\"canonical\" href=\"https:\/\/crunchoil.com\/es\/es_es\/noticias\/\" \/>\n<meta property=\"og:locale\" content=\"es_ES\" \/>\n<meta property=\"og:type\" content=\"article\" \/>\n<meta property=\"og:title\" content=\"NOTICIAS | CRUNCHOIL\u00ae\" \/>\n<meta property=\"og:description\" content=\"Sumamente vers\u00e1tiles, nuestro productos pueden emplearse en diversas formas y situaciones, con una eficacia incomparable.\" \/>\n<meta property=\"og:url\" content=\"https:\/\/crunchoil.com\/es\/es_es\/noticias\/\" \/>\n<meta property=\"og:site_name\" content=\"CrunchOil\" \/>\n<meta property=\"article:modified_time\" content=\"2022-05-09T15:40:12+00:00\" \/>\n<meta name=\"twitter:card\" content=\"summary_large_image\" \/>\n<meta name=\"twitter:label1\" content=\"Tiempo de lectura\" \/>\n\t<meta name=\"twitter:data1\" content=\"1 minuto\" \/>\n<script type=\"application\/ld+json\" class=\"yoast-schema-graph\">{\"@context\":\"https:\/\/schema.org\",\"@graph\":[{\"@type\":\"WebPage\",\"@id\":\"https:\/\/crunchoil.com\/es_es\/noticias\/\",\"url\":\"https:\/\/crunchoil.com\/es_es\/noticias\/\",\"name\":\"NOTICIAS | CRUNCHOIL\u00ae\",\"isPartOf\":{\"@id\":\"https:\/\/crunchoil.com\/es_es\/#website\"},\"datePublished\":\"2022-04-05T17:53:56+00:00\",\"dateModified\":\"2022-05-09T15:40:12+00:00\",\"description\":\"Sumamente vers\u00e1tiles, nuestro productos pueden emplearse en diversas formas y situaciones, con una eficacia incomparable.\",\"breadcrumb\":{\"@id\":\"https:\/\/crunchoil.com\/es_es\/noticias\/#breadcrumb\"},\"inLanguage\":\"es\",\"potentialAction\":[{\"@type\":\"ReadAction\",\"target\":[\"https:\/\/crunchoil.com\/es_es\/noticias\/\"]}]},{\"@type\":\"BreadcrumbList\",\"@id\":\"https:\/\/crunchoil.com\/es_es\/noticias\/#breadcrumb\",\"itemListElement\":[{\"@type\":\"ListItem\",\"position\":1,\"name\":\"Portada\",\"item\":\"https:\/\/crunchoil.com\/es\/\"},{\"@type\":\"ListItem\",\"position\":2,\"name\":\"NOTICIAS\"}]},{\"@type\":\"WebSite\",\"@id\":\"https:\/\/crunchoil.com\/es_es\/#website\",\"url\":\"https:\/\/crunchoil.com\/es_es\/\",\"name\":\"CrunchOil\",\"description\":\"CrunchOil\",\"potentialAction\":[{\"@type\":\"SearchAction\",\"target\":{\"@type\":\"EntryPoint\",\"urlTemplate\":\"https:\/\/crunchoil.com\/es_es\/?s={search_term_string}\"},\"query-input\":{\"@type\":\"PropertyValueSpecification\",\"valueRequired\":true,\"valueName\":\"search_term_string\"}}],\"inLanguage\":\"es\"}]}<\/script>\n<!-- \/ Yoast SEO plugin. -->","yoast_head_json":{"title":"NOTICIAS | CRUNCHOIL\u00ae","description":"Sumamente vers\u00e1tiles, nuestro productos pueden emplearse en diversas formas y situaciones, con una eficacia incomparable.","robots":{"index":"index","follow":"follow","max-snippet":"max-snippet:-1","max-image-preview":"max-image-preview:large","max-video-preview":"max-video-preview:-1"},"canonical":"https:\/\/crunchoil.com\/es\/es_es\/noticias\/","og_locale":"es_ES","og_type":"article","og_title":"NOTICIAS | CRUNCHOIL\u00ae","og_description":"Sumamente vers\u00e1tiles, nuestro productos pueden emplearse en diversas formas y situaciones, con una eficacia incomparable.","og_url":"https:\/\/crunchoil.com\/es\/es_es\/noticias\/","og_site_name":"CrunchOil","article_modified_time":"2022-05-09T15:40:12+00:00","twitter_card":"summary_large_image","twitter_misc":{"Tiempo de lectura":"1 minuto"},"schema":{"@context":"https:\/\/schema.org","@graph":[{"@type":"WebPage","@id":"https:\/\/crunchoil.com\/es_es\/noticias\/","url":"https:\/\/crunchoil.com\/es_es\/noticias\/","name":"NOTICIAS | CRUNCHOIL\u00ae","isPartOf":{"@id":"https:\/\/crunchoil.com\/es_es\/#website"},"datePublished":"2022-04-05T17:53:56+00:00","dateModified":"2022-05-09T15:40:12+00:00","description":"Sumamente vers\u00e1tiles, nuestro productos pueden emplearse en diversas formas y situaciones, con una eficacia incomparable.","breadcrumb":{"@id":"https:\/\/crunchoil.com\/es_es\/noticias\/#breadcrumb"},"inLanguage":"es","potentialAction":[{"@type":"ReadAction","target":["https:\/\/crunchoil.com\/es_es\/noticias\/"]}]},{"@type":"BreadcrumbList","@id":"https:\/\/crunchoil.com\/es_es\/noticias\/#breadcrumb","itemListElement":[{"@type":"ListItem","position":1,"name":"Portada","item":"https:\/\/crunchoil.com\/es\/"},{"@type":"ListItem","position":2,"name":"NOTICIAS"}]},{"@type":"WebSite","@id":"https:\/\/crunchoil.com\/es_es\/#website","url":"https:\/\/crunchoil.com\/es_es\/","name":"CrunchOil","description":"CrunchOil","potentialAction":[{"@type":"SearchAction","target":{"@type":"EntryPoint","urlTemplate":"https:\/\/crunchoil.com\/es_es\/?s={search_term_string}"},"query-input":{"@type":"PropertyValueSpecification","valueRequired":true,"valueName":"search_term_string"}}],"inLanguage":"es"}]}},"_links":{"self":[{"href":"http:\/\/crunchoil.com\/es\/wp-json\/wp\/v2\/pages\/52","targetHints":{"allow":["GET"]}}],"collection":[{"href":"http:\/\/crunchoil.com\/es\/wp-json\/wp\/v2\/pages"}],"about":[{"href":"http:\/\/crunchoil.com\/es\/wp-json\/wp\/v2\/types\/page"}],"author":[{"embeddable":true,"href":"http:\/\/crunchoil.com\/es\/wp-json\/wp\/v2\/users\/1"}],"replies":[{"embeddable":true,"href":"http:\/\/crunchoil.com\/es\/wp-json\/wp\/v2\/comments?post=52"}],"version-history":[{"count":9,"href":"http:\/\/crunchoil.com\/es\/wp-json\/wp\/v2\/pages\/52\/revisions"}],"predecessor-version":[{"id":6051,"href":"http:\/\/crunchoil.com\/es\/wp-json\/wp\/v2\/pages\/52\/revisions\/6051"}],"wp:attachment":[{"href":"http:\/\/crunchoil.com\/es\/wp-json\/wp\/v2\/media?parent=52"}],"curies":[{"name":"wp","href":"https:\/\/api.w.org\/{rel}","templated":true}]}}