{"id":5988,"date":"2022-05-05T15:24:01","date_gmt":"2022-05-05T18:24:01","guid":{"rendered":"https:\/\/crunchoil.com\/?post_type=product&#038;p=5988"},"modified":"2024-06-18T17:27:16","modified_gmt":"2024-06-18T20:27:16","slug":"ucd-movil","status":"publish","type":"product","link":"http:\/\/crunchoil.com\/en\/nuestros-productos\/ucd-movil\/","title":{"rendered":"MOBILE SCD"},"content":{"rendered":"","protected":false},"excerpt":{"rendered":"<p>Trailer equipped with absorbent products to quickly reach any site where a spill occurred.<\/p>\n<hr \/>\n<p><strong>Presentation:<\/strong> Made to measure.<\/p>","protected":false},"featured_media":6653,"comment_status":"open","ping_status":"closed","template":"","meta":{"_et_pb_use_builder":"","_et_pb_old_content":"","_et_gb_content_width":"","inline_featured_image":false},"product_brand":[],"product_cat":[30,69],"product_tag":[],"class_list":{"0":"post-5988","1":"product","2":"type-product","3":"status-publish","4":"has-post-thumbnail","6":"product_cat-control-de-derrames","7":"product_cat-ucd","9":"first","10":"instock","11":"shipping-taxable","12":"product-type-simple"},"yoast_head":"<!-- This site is optimized with the Yoast SEO plugin v24.3 - https:\/\/yoast.com\/wordpress\/plugins\/seo\/ -->\n<title>UCD M\u00d3VIL - CrunchOil<\/title>\n<meta name=\"robots\" content=\"index, follow, max-snippet:-1, max-image-preview:large, max-video-preview:-1\" \/>\n<link rel=\"canonical\" href=\"https:\/\/crunchoil.com\/en\/nuestros-productos\/ucd-movil\/\" \/>\n<meta property=\"og:locale\" content=\"en_US\" \/>\n<meta property=\"og:type\" content=\"article\" \/>\n<meta property=\"og:title\" content=\"UCD M\u00d3VIL - CrunchOil\" \/>\n<meta property=\"og:description\" content=\"Tr\u00e1iler equipado con productos absorbentes para poder llegar en forma r\u00e1pida a cualquier sitio donde ocurri\u00f3 un derrame.    Presentaci\u00f3n: Producto hecho a medida.\" \/>\n<meta property=\"og:url\" content=\"https:\/\/crunchoil.com\/en\/nuestros-productos\/ucd-movil\/\" \/>\n<meta property=\"og:site_name\" content=\"CrunchOil\" \/>\n<meta property=\"article:modified_time\" content=\"2024-06-18T20:27:16+00:00\" \/>\n<meta property=\"og:image\" content=\"https:\/\/crunchoil.com\/wp-content\/uploads\/2022\/05\/crunchoil-trailer-cerrado.jpg\" \/>\n\t<meta property=\"og:image:width\" content=\"500\" \/>\n\t<meta property=\"og:image:height\" content=\"500\" \/>\n\t<meta property=\"og:image:type\" content=\"image\/jpeg\" \/>\n<meta name=\"twitter:card\" content=\"summary_large_image\" \/>\n<meta name=\"twitter:label1\" content=\"Est. reading time\" \/>\n\t<meta name=\"twitter:data1\" content=\"1 minute\" \/>\n<script type=\"application\/ld+json\" class=\"yoast-schema-graph\">{\"@context\":\"https:\/\/schema.org\",\"@graph\":[{\"@type\":\"WebPage\",\"@id\":\"https:\/\/crunchoil.com\/nuestros-productos\/ucd-movil\/\",\"url\":\"https:\/\/crunchoil.com\/nuestros-productos\/ucd-movil\/\",\"name\":\"UCD M\u00d3VIL - CrunchOil\",\"isPartOf\":{\"@id\":\"https:\/\/crunchoil.com\/es_es\/#website\"},\"primaryImageOfPage\":{\"@id\":\"https:\/\/crunchoil.com\/nuestros-productos\/ucd-movil\/#primaryimage\"},\"image\":{\"@id\":\"https:\/\/crunchoil.com\/nuestros-productos\/ucd-movil\/#primaryimage\"},\"thumbnailUrl\":\"https:\/\/crunchoil.com\/wp-content\/uploads\/2022\/05\/crunchoil-trailer-cerrado.jpg\",\"datePublished\":\"2022-05-05T18:24:01+00:00\",\"dateModified\":\"2024-06-18T20:27:16+00:00\",\"breadcrumb\":{\"@id\":\"https:\/\/crunchoil.com\/nuestros-productos\/ucd-movil\/#breadcrumb\"},\"inLanguage\":\"en-US\",\"potentialAction\":[{\"@type\":\"ReadAction\",\"target\":[\"https:\/\/crunchoil.com\/nuestros-productos\/ucd-movil\/\"]}]},{\"@type\":\"ImageObject\",\"inLanguage\":\"en-US\",\"@id\":\"https:\/\/crunchoil.com\/nuestros-productos\/ucd-movil\/#primaryimage\",\"url\":\"https:\/\/crunchoil.com\/wp-content\/uploads\/2022\/05\/crunchoil-trailer-cerrado.jpg\",\"contentUrl\":\"https:\/\/crunchoil.com\/wp-content\/uploads\/2022\/05\/crunchoil-trailer-cerrado.jpg\",\"width\":500,\"height\":500},{\"@type\":\"BreadcrumbList\",\"@id\":\"https:\/\/crunchoil.com\/nuestros-productos\/ucd-movil\/#breadcrumb\",\"itemListElement\":[{\"@type\":\"ListItem\",\"position\":1,\"name\":\"Portada\",\"item\":\"https:\/\/crunchoil.com\/es\/\"},{\"@type\":\"ListItem\",\"position\":2,\"name\":\"NUESTROS PRODUCTOS\",\"item\":\"https:\/\/crunchoil.com\/nuestros-productos\/\"},{\"@type\":\"ListItem\",\"position\":3,\"name\":\"UCD M\u00d3VIL\"}]},{\"@type\":\"WebSite\",\"@id\":\"https:\/\/crunchoil.com\/es_es\/#website\",\"url\":\"https:\/\/crunchoil.com\/es_es\/\",\"name\":\"CrunchOil\",\"description\":\"CrunchOil\",\"potentialAction\":[{\"@type\":\"SearchAction\",\"target\":{\"@type\":\"EntryPoint\",\"urlTemplate\":\"https:\/\/crunchoil.com\/es_es\/?s={search_term_string}\"},\"query-input\":{\"@type\":\"PropertyValueSpecification\",\"valueRequired\":true,\"valueName\":\"search_term_string\"}}],\"inLanguage\":\"en-US\"}]}<\/script>\n<!-- \/ Yoast SEO plugin. -->","yoast_head_json":{"title":"UCD M\u00d3VIL - CrunchOil","robots":{"index":"index","follow":"follow","max-snippet":"max-snippet:-1","max-image-preview":"max-image-preview:large","max-video-preview":"max-video-preview:-1"},"canonical":"https:\/\/crunchoil.com\/en\/nuestros-productos\/ucd-movil\/","og_locale":"en_US","og_type":"article","og_title":"UCD M\u00d3VIL - CrunchOil","og_description":"Tr\u00e1iler equipado con productos absorbentes para poder llegar en forma r\u00e1pida a cualquier sitio donde ocurri\u00f3 un derrame.    Presentaci\u00f3n: Producto hecho a medida.","og_url":"https:\/\/crunchoil.com\/en\/nuestros-productos\/ucd-movil\/","og_site_name":"CrunchOil","article_modified_time":"2024-06-18T20:27:16+00:00","og_image":[{"width":500,"height":500,"url":"https:\/\/crunchoil.com\/wp-content\/uploads\/2022\/05\/crunchoil-trailer-cerrado.jpg","type":"image\/jpeg"}],"twitter_card":"summary_large_image","twitter_misc":{"Est. reading time":"1 minute"},"schema":{"@context":"https:\/\/schema.org","@graph":[{"@type":"WebPage","@id":"https:\/\/crunchoil.com\/nuestros-productos\/ucd-movil\/","url":"https:\/\/crunchoil.com\/nuestros-productos\/ucd-movil\/","name":"UCD M\u00d3VIL - CrunchOil","isPartOf":{"@id":"https:\/\/crunchoil.com\/es_es\/#website"},"primaryImageOfPage":{"@id":"https:\/\/crunchoil.com\/nuestros-productos\/ucd-movil\/#primaryimage"},"image":{"@id":"https:\/\/crunchoil.com\/nuestros-productos\/ucd-movil\/#primaryimage"},"thumbnailUrl":"https:\/\/crunchoil.com\/wp-content\/uploads\/2022\/05\/crunchoil-trailer-cerrado.jpg","datePublished":"2022-05-05T18:24:01+00:00","dateModified":"2024-06-18T20:27:16+00:00","breadcrumb":{"@id":"https:\/\/crunchoil.com\/nuestros-productos\/ucd-movil\/#breadcrumb"},"inLanguage":"en-US","potentialAction":[{"@type":"ReadAction","target":["https:\/\/crunchoil.com\/nuestros-productos\/ucd-movil\/"]}]},{"@type":"ImageObject","inLanguage":"en-US","@id":"https:\/\/crunchoil.com\/nuestros-productos\/ucd-movil\/#primaryimage","url":"https:\/\/crunchoil.com\/wp-content\/uploads\/2022\/05\/crunchoil-trailer-cerrado.jpg","contentUrl":"https:\/\/crunchoil.com\/wp-content\/uploads\/2022\/05\/crunchoil-trailer-cerrado.jpg","width":500,"height":500},{"@type":"BreadcrumbList","@id":"https:\/\/crunchoil.com\/nuestros-productos\/ucd-movil\/#breadcrumb","itemListElement":[{"@type":"ListItem","position":1,"name":"Portada","item":"https:\/\/crunchoil.com\/es\/"},{"@type":"ListItem","position":2,"name":"NUESTROS PRODUCTOS","item":"https:\/\/crunchoil.com\/nuestros-productos\/"},{"@type":"ListItem","position":3,"name":"UCD M\u00d3VIL"}]},{"@type":"WebSite","@id":"https:\/\/crunchoil.com\/es_es\/#website","url":"https:\/\/crunchoil.com\/es_es\/","name":"CrunchOil","description":"CrunchOil","potentialAction":[{"@type":"SearchAction","target":{"@type":"EntryPoint","urlTemplate":"https:\/\/crunchoil.com\/es_es\/?s={search_term_string}"},"query-input":{"@type":"PropertyValueSpecification","valueRequired":true,"valueName":"search_term_string"}}],"inLanguage":"en-US"}]}},"_links":{"self":[{"href":"http:\/\/crunchoil.com\/en\/wp-json\/wp\/v2\/product\/5988","targetHints":{"allow":["GET"]}}],"collection":[{"href":"http:\/\/crunchoil.com\/en\/wp-json\/wp\/v2\/product"}],"about":[{"href":"http:\/\/crunchoil.com\/en\/wp-json\/wp\/v2\/types\/product"}],"replies":[{"embeddable":true,"href":"http:\/\/crunchoil.com\/en\/wp-json\/wp\/v2\/comments?post=5988"}],"wp:featuredmedia":[{"embeddable":true,"href":"http:\/\/crunchoil.com\/en\/wp-json\/wp\/v2\/media\/6653"}],"wp:attachment":[{"href":"http:\/\/crunchoil.com\/en\/wp-json\/wp\/v2\/media?parent=5988"}],"wp:term":[{"taxonomy":"product_brand","embeddable":true,"href":"http:\/\/crunchoil.com\/en\/wp-json\/wp\/v2\/product_brand?post=5988"},{"taxonomy":"product_cat","embeddable":true,"href":"http:\/\/crunchoil.com\/en\/wp-json\/wp\/v2\/product_cat?post=5988"},{"taxonomy":"product_tag","embeddable":true,"href":"http:\/\/crunchoil.com\/en\/wp-json\/wp\/v2\/product_tag?post=5988"}],"curies":[{"name":"wp","href":"https:\/\/api.w.org\/{rel}","templated":true}]}}