{"id":5729,"date":"2022-04-26T12:42:13","date_gmt":"2022-04-26T15:42:13","guid":{"rendered":"https:\/\/dev.jfgancia.com\/crunchoil\/?post_type=product&#038;p=5729"},"modified":"2022-09-29T12:09:05","modified_gmt":"2022-09-29T15:09:05","slug":"sistema-de-filtrado","status":"publish","type":"product","link":"http:\/\/crunchoil.com\/en\/nuestros-productos\/sistema-de-filtrado\/","title":{"rendered":"Filter System"},"content":{"rendered":"","protected":false},"excerpt":{"rendered":"<p>Over the last decades, the world has been showing concerns about the problems related to the disposition of the liquid effluents coming from the domestic, commercial and industrial use of the supplying water.<\/p>\n<p>The chemical pollution of the environment has become one of the most urgent global problems of humanity. More than 1,000 thousand tons of sewage water is poured yearly into underground water, rivers, lakes and oceans of the world, causing serious pollution issues that affect the flora and fauna, and can become potential sources of diseases. Such sewage water must receive adequate treatment to prevent its disposition from causing these problems.<\/p>\n<p class=\"translation-block\">Looking for solutions to the growing potential problematic use of substances, <b>Negocios Globales S.A.<\/b> is developing equipment for the treatment and recovery of water with emulsified hydrocarbons.<\/p>\n<p>The challenge is the construction of a filter capable of extracting hydrocarbons from any water matrix, generating particular conditions for each mixture of contaminants in water.<\/p>\n<p>Currently, tests of its operation have been carried out in several companies in the province of Mendoza, obtaining very positive results.<\/p>\n<p class=\"translation-block\">The value-added offer of <b>Negocios Globales S.A.<\/b> is to realize a mobile filtering system, that is compact and versatile, easy to operate, and with low maintenance and low energy consumption.<\/p>\n<p>Reach of the development:<\/p>\n<p>\u2013 Max. HC output: less than 5 mg \/L<\/p>\n<p>\u2013 Max. of solids in suspension: less than 10 mg \/L<\/p>\n<p>\u2013 Output water turbidity: less than 20 NTU (transparent)<\/p>\n<p>\u2013 Volume of treated water: according to requirements<\/p>","protected":false},"featured_media":5732,"comment_status":"open","ping_status":"closed","template":"","meta":{"_et_pb_use_builder":"","_et_pb_old_content":"","_et_gb_content_width":"","inline_featured_image":false},"product_brand":[],"product_cat":[55],"product_tag":[],"class_list":{"0":"post-5729","1":"product","2":"type-product","3":"status-publish","4":"has-post-thumbnail","6":"product_cat-sistema-de-filtrado","8":"first","9":"instock","10":"shipping-taxable","11":"product-type-simple"},"yoast_head":"<!-- This site is optimized with the Yoast SEO plugin v24.3 - https:\/\/yoast.com\/wordpress\/plugins\/seo\/ -->\n<title>Sistema de Filtrado - CrunchOil<\/title>\n<meta name=\"robots\" content=\"index, follow, max-snippet:-1, max-image-preview:large, max-video-preview:-1\" \/>\n<link rel=\"canonical\" href=\"https:\/\/crunchoil.com\/en\/nuestros-productos\/sistema-de-filtrado\/\" \/>\n<meta property=\"og:locale\" content=\"en_US\" \/>\n<meta property=\"og:type\" content=\"article\" \/>\n<meta property=\"og:title\" content=\"Sistema de Filtrado - CrunchOil\" \/>\n<meta property=\"og:description\" content=\"En las \u00faltimas d\u00e9cadas el mundo ha venido mostrando preocupaci\u00f3n por los problemas relacionados con la disposici\u00f3n de los efluentes l\u00edquidos provenientes del uso dom\u00e9stico, comercial e industrial de las aguas de abastecimiento.  La contaminaci\u00f3n qu\u00edmica del medio ambiente se ha convertido en uno de los problemas globales m\u00e1s urgentes de la humanidad. M\u00e1s de 1000 millones de toneladas de aguas residuales son vertidas anualmente al agua subterr\u00e1nea, a r\u00edos, lagos y oc\u00e9anos del mundo, ocasionando graves inconvenientes de contaminaci\u00f3n que afectan la flora y la fauna, y que pueden convertirse en potenciales fuentes de enfermedades. Estas aguas residuales deben recibir un tratamiento adecuado para evitar que su disposici\u00f3n cause los problemas antes mencionados.  Buscando una soluci\u00f3n a la creciente problem\u00e1tica, Negocios Globales S.A. ha desarrollado un equipo para el tratamiento y la recuperaci\u00f3n de agua con hidrocarburos emulsionados.  El desaf\u00edo fue la construcci\u00f3n de un filtro capaz de extraer los hidrocarburos de cualquier matriz de agua, generando condiciones particulares para cada mezcla de contaminantes en agua.  Actualmente, se han realizado pruebas de su funcionamiento en varias empresas de la provincia de Mendoza, obteniendo resultados muy positivos.  La propuesta de valor agregado de Negocios Globales S.A. es realizar un sistema de filtrado m\u00f3vil, compacto y vers\u00e1til; de f\u00e1cil operaci\u00f3n, poco mantenimiento y bajo consumo de energ\u00eda.  Alcances del desarrollo:  \u2013 Contenido m\u00e1x. de HC de salida: inferior a 5mg\/L  \u2013 Contenido m\u00e1x. de s\u00f3lidos en suspensi\u00f3n: inferior a 10mg\/L  \u2013 Turbidez del agua de salida: inferior a 20 NTU (transparente)  \u2013 Volumen de agua tratada: seg\u00fan requerimientos\" \/>\n<meta property=\"og:url\" content=\"https:\/\/crunchoil.com\/en\/nuestros-productos\/sistema-de-filtrado\/\" \/>\n<meta property=\"og:site_name\" content=\"CrunchOil\" \/>\n<meta property=\"article:modified_time\" content=\"2022-09-29T15:09:05+00:00\" \/>\n<meta property=\"og:image\" content=\"https:\/\/crunchoil.com\/wp-content\/uploads\/2022\/04\/sistema-de-filtrado-3.jpg\" \/>\n\t<meta property=\"og:image:width\" content=\"500\" \/>\n\t<meta property=\"og:image:height\" content=\"500\" \/>\n\t<meta property=\"og:image:type\" content=\"image\/jpeg\" \/>\n<meta name=\"twitter:card\" content=\"summary_large_image\" \/>\n<script type=\"application\/ld+json\" class=\"yoast-schema-graph\">{\"@context\":\"https:\/\/schema.org\",\"@graph\":[{\"@type\":\"WebPage\",\"@id\":\"https:\/\/crunchoil.com\/nuestros-productos\/sistema-de-filtrado\/\",\"url\":\"https:\/\/crunchoil.com\/nuestros-productos\/sistema-de-filtrado\/\",\"name\":\"Sistema de Filtrado - CrunchOil\",\"isPartOf\":{\"@id\":\"https:\/\/crunchoil.com\/es_es\/#website\"},\"primaryImageOfPage\":{\"@id\":\"https:\/\/crunchoil.com\/nuestros-productos\/sistema-de-filtrado\/#primaryimage\"},\"image\":{\"@id\":\"https:\/\/crunchoil.com\/nuestros-productos\/sistema-de-filtrado\/#primaryimage\"},\"thumbnailUrl\":\"https:\/\/crunchoil.com\/wp-content\/uploads\/2022\/04\/sistema-de-filtrado-3.jpg\",\"datePublished\":\"2022-04-26T15:42:13+00:00\",\"dateModified\":\"2022-09-29T15:09:05+00:00\",\"breadcrumb\":{\"@id\":\"https:\/\/crunchoil.com\/nuestros-productos\/sistema-de-filtrado\/#breadcrumb\"},\"inLanguage\":\"en-US\",\"potentialAction\":[{\"@type\":\"ReadAction\",\"target\":[\"https:\/\/crunchoil.com\/nuestros-productos\/sistema-de-filtrado\/\"]}]},{\"@type\":\"ImageObject\",\"inLanguage\":\"en-US\",\"@id\":\"https:\/\/crunchoil.com\/nuestros-productos\/sistema-de-filtrado\/#primaryimage\",\"url\":\"https:\/\/crunchoil.com\/wp-content\/uploads\/2022\/04\/sistema-de-filtrado-3.jpg\",\"contentUrl\":\"https:\/\/crunchoil.com\/wp-content\/uploads\/2022\/04\/sistema-de-filtrado-3.jpg\",\"width\":500,\"height\":500},{\"@type\":\"BreadcrumbList\",\"@id\":\"https:\/\/crunchoil.com\/nuestros-productos\/sistema-de-filtrado\/#breadcrumb\",\"itemListElement\":[{\"@type\":\"ListItem\",\"position\":1,\"name\":\"Portada\",\"item\":\"https:\/\/crunchoil.com\/es\/\"},{\"@type\":\"ListItem\",\"position\":2,\"name\":\"NUESTROS PRODUCTOS\",\"item\":\"https:\/\/crunchoil.com\/nuestros-productos\/\"},{\"@type\":\"ListItem\",\"position\":3,\"name\":\"Sistema de Filtrado\"}]},{\"@type\":\"WebSite\",\"@id\":\"https:\/\/crunchoil.com\/es_es\/#website\",\"url\":\"https:\/\/crunchoil.com\/es_es\/\",\"name\":\"CrunchOil\",\"description\":\"CrunchOil\",\"potentialAction\":[{\"@type\":\"SearchAction\",\"target\":{\"@type\":\"EntryPoint\",\"urlTemplate\":\"https:\/\/crunchoil.com\/es_es\/?s={search_term_string}\"},\"query-input\":{\"@type\":\"PropertyValueSpecification\",\"valueRequired\":true,\"valueName\":\"search_term_string\"}}],\"inLanguage\":\"en-US\"}]}<\/script>\n<!-- \/ Yoast SEO plugin. -->","yoast_head_json":{"title":"Sistema de Filtrado - CrunchOil","robots":{"index":"index","follow":"follow","max-snippet":"max-snippet:-1","max-image-preview":"max-image-preview:large","max-video-preview":"max-video-preview:-1"},"canonical":"https:\/\/crunchoil.com\/en\/nuestros-productos\/sistema-de-filtrado\/","og_locale":"en_US","og_type":"article","og_title":"Sistema de Filtrado - CrunchOil","og_description":"En las \u00faltimas d\u00e9cadas el mundo ha venido mostrando preocupaci\u00f3n por los problemas relacionados con la disposici\u00f3n de los efluentes l\u00edquidos provenientes del uso dom\u00e9stico, comercial e industrial de las aguas de abastecimiento.  La contaminaci\u00f3n qu\u00edmica del medio ambiente se ha convertido en uno de los problemas globales m\u00e1s urgentes de la humanidad. M\u00e1s de 1000 millones de toneladas de aguas residuales son vertidas anualmente al agua subterr\u00e1nea, a r\u00edos, lagos y oc\u00e9anos del mundo, ocasionando graves inconvenientes de contaminaci\u00f3n que afectan la flora y la fauna, y que pueden convertirse en potenciales fuentes de enfermedades. Estas aguas residuales deben recibir un tratamiento adecuado para evitar que su disposici\u00f3n cause los problemas antes mencionados.  Buscando una soluci\u00f3n a la creciente problem\u00e1tica, Negocios Globales S.A. ha desarrollado un equipo para el tratamiento y la recuperaci\u00f3n de agua con hidrocarburos emulsionados.  El desaf\u00edo fue la construcci\u00f3n de un filtro capaz de extraer los hidrocarburos de cualquier matriz de agua, generando condiciones particulares para cada mezcla de contaminantes en agua.  Actualmente, se han realizado pruebas de su funcionamiento en varias empresas de la provincia de Mendoza, obteniendo resultados muy positivos.  La propuesta de valor agregado de Negocios Globales S.A. es realizar un sistema de filtrado m\u00f3vil, compacto y vers\u00e1til; de f\u00e1cil operaci\u00f3n, poco mantenimiento y bajo consumo de energ\u00eda.  Alcances del desarrollo:  \u2013 Contenido m\u00e1x. de HC de salida: inferior a 5mg\/L  \u2013 Contenido m\u00e1x. de s\u00f3lidos en suspensi\u00f3n: inferior a 10mg\/L  \u2013 Turbidez del agua de salida: inferior a 20 NTU (transparente)  \u2013 Volumen de agua tratada: seg\u00fan requerimientos","og_url":"https:\/\/crunchoil.com\/en\/nuestros-productos\/sistema-de-filtrado\/","og_site_name":"CrunchOil","article_modified_time":"2022-09-29T15:09:05+00:00","og_image":[{"width":500,"height":500,"url":"https:\/\/crunchoil.com\/wp-content\/uploads\/2022\/04\/sistema-de-filtrado-3.jpg","type":"image\/jpeg"}],"twitter_card":"summary_large_image","schema":{"@context":"https:\/\/schema.org","@graph":[{"@type":"WebPage","@id":"https:\/\/crunchoil.com\/nuestros-productos\/sistema-de-filtrado\/","url":"https:\/\/crunchoil.com\/nuestros-productos\/sistema-de-filtrado\/","name":"Sistema de Filtrado - CrunchOil","isPartOf":{"@id":"https:\/\/crunchoil.com\/es_es\/#website"},"primaryImageOfPage":{"@id":"https:\/\/crunchoil.com\/nuestros-productos\/sistema-de-filtrado\/#primaryimage"},"image":{"@id":"https:\/\/crunchoil.com\/nuestros-productos\/sistema-de-filtrado\/#primaryimage"},"thumbnailUrl":"https:\/\/crunchoil.com\/wp-content\/uploads\/2022\/04\/sistema-de-filtrado-3.jpg","datePublished":"2022-04-26T15:42:13+00:00","dateModified":"2022-09-29T15:09:05+00:00","breadcrumb":{"@id":"https:\/\/crunchoil.com\/nuestros-productos\/sistema-de-filtrado\/#breadcrumb"},"inLanguage":"en-US","potentialAction":[{"@type":"ReadAction","target":["https:\/\/crunchoil.com\/nuestros-productos\/sistema-de-filtrado\/"]}]},{"@type":"ImageObject","inLanguage":"en-US","@id":"https:\/\/crunchoil.com\/nuestros-productos\/sistema-de-filtrado\/#primaryimage","url":"https:\/\/crunchoil.com\/wp-content\/uploads\/2022\/04\/sistema-de-filtrado-3.jpg","contentUrl":"https:\/\/crunchoil.com\/wp-content\/uploads\/2022\/04\/sistema-de-filtrado-3.jpg","width":500,"height":500},{"@type":"BreadcrumbList","@id":"https:\/\/crunchoil.com\/nuestros-productos\/sistema-de-filtrado\/#breadcrumb","itemListElement":[{"@type":"ListItem","position":1,"name":"Portada","item":"https:\/\/crunchoil.com\/es\/"},{"@type":"ListItem","position":2,"name":"NUESTROS PRODUCTOS","item":"https:\/\/crunchoil.com\/nuestros-productos\/"},{"@type":"ListItem","position":3,"name":"Sistema de Filtrado"}]},{"@type":"WebSite","@id":"https:\/\/crunchoil.com\/es_es\/#website","url":"https:\/\/crunchoil.com\/es_es\/","name":"CrunchOil","description":"CrunchOil","potentialAction":[{"@type":"SearchAction","target":{"@type":"EntryPoint","urlTemplate":"https:\/\/crunchoil.com\/es_es\/?s={search_term_string}"},"query-input":{"@type":"PropertyValueSpecification","valueRequired":true,"valueName":"search_term_string"}}],"inLanguage":"en-US"}]}},"_links":{"self":[{"href":"http:\/\/crunchoil.com\/en\/wp-json\/wp\/v2\/product\/5729","targetHints":{"allow":["GET"]}}],"collection":[{"href":"http:\/\/crunchoil.com\/en\/wp-json\/wp\/v2\/product"}],"about":[{"href":"http:\/\/crunchoil.com\/en\/wp-json\/wp\/v2\/types\/product"}],"replies":[{"embeddable":true,"href":"http:\/\/crunchoil.com\/en\/wp-json\/wp\/v2\/comments?post=5729"}],"wp:featuredmedia":[{"embeddable":true,"href":"http:\/\/crunchoil.com\/en\/wp-json\/wp\/v2\/media\/5732"}],"wp:attachment":[{"href":"http:\/\/crunchoil.com\/en\/wp-json\/wp\/v2\/media?parent=5729"}],"wp:term":[{"taxonomy":"product_brand","embeddable":true,"href":"http:\/\/crunchoil.com\/en\/wp-json\/wp\/v2\/product_brand?post=5729"},{"taxonomy":"product_cat","embeddable":true,"href":"http:\/\/crunchoil.com\/en\/wp-json\/wp\/v2\/product_cat?post=5729"},{"taxonomy":"product_tag","embeddable":true,"href":"http:\/\/crunchoil.com\/en\/wp-json\/wp\/v2\/product_tag?post=5729"}],"curies":[{"name":"wp","href":"https:\/\/api.w.org\/{rel}","templated":true}]}}