{"id":488,"date":"2022-04-11T10:49:30","date_gmt":"2022-04-11T13:49:30","guid":{"rendered":"https:\/\/dev.jfgancia.com\/crunchoil\/?post_type=product&#038;p=488"},"modified":"2022-09-30T10:27:06","modified_gmt":"2022-09-30T13:27:06","slug":"svt-di","status":"publish","type":"product","link":"http:\/\/crunchoil.com\/en\/nuestros-productos\/svt-di\/","title":{"rendered":"SVT-DI"},"content":{"rendered":"","protected":false},"excerpt":{"rendered":"<p>Dielectric cleaning solvent, formulated from a combination of special solvents, to obtain a quick action, instantly removing all kinds of grease and dirt.<\/p>\n<hr \/>\n<p><strong>Presentation:<\/strong> 5L, 20L, 200L, 1000L<\/p>","protected":false},"featured_media":534,"comment_status":"open","ping_status":"closed","template":"","meta":{"_et_pb_use_builder":"","_et_pb_old_content":"","_et_gb_content_width":"","inline_featured_image":false},"product_brand":[],"product_cat":[35,37],"product_tag":[],"class_list":{"0":"post-488","1":"product","2":"type-product","3":"status-publish","4":"has-post-thumbnail","6":"product_cat-limpieza-industrial","7":"product_cat-solvente-dielectrico","9":"first","10":"instock","11":"shipping-taxable","12":"product-type-simple"},"yoast_head":"<!-- This site is optimized with the Yoast SEO plugin v24.3 - https:\/\/yoast.com\/wordpress\/plugins\/seo\/ -->\n<title>SVT-DI - CrunchOil<\/title>\n<meta name=\"robots\" content=\"index, follow, max-snippet:-1, max-image-preview:large, max-video-preview:-1\" \/>\n<link rel=\"canonical\" href=\"https:\/\/crunchoil.com\/en\/nuestros-productos\/svt-di\/\" \/>\n<meta property=\"og:locale\" content=\"en_US\" \/>\n<meta property=\"og:type\" content=\"article\" \/>\n<meta property=\"og:title\" content=\"SVT-DI - CrunchOil\" \/>\n<meta property=\"og:description\" content=\"Solvente de limpieza diel\u00e9ctrica, formulado para obtener una r\u00e1pida acci\u00f3n, removiendo instant\u00e1neamente grasas y suciedades.    Presentaci\u00f3n: 5L, 20L, 200L, 1000L\" \/>\n<meta property=\"og:url\" content=\"https:\/\/crunchoil.com\/en\/nuestros-productos\/svt-di\/\" \/>\n<meta property=\"og:site_name\" content=\"CrunchOil\" \/>\n<meta property=\"article:modified_time\" content=\"2022-09-30T13:27:06+00:00\" \/>\n<meta property=\"og:image\" content=\"https:\/\/crunchoil.com\/wp-content\/uploads\/2022\/04\/05-SVT-DI.png\" \/>\n\t<meta property=\"og:image:width\" content=\"500\" \/>\n\t<meta property=\"og:image:height\" content=\"500\" \/>\n\t<meta property=\"og:image:type\" content=\"image\/png\" \/>\n<meta name=\"twitter:card\" content=\"summary_large_image\" \/>\n<script type=\"application\/ld+json\" class=\"yoast-schema-graph\">{\"@context\":\"https:\/\/schema.org\",\"@graph\":[{\"@type\":\"WebPage\",\"@id\":\"https:\/\/crunchoil.com\/nuestros-productos\/svt-di\/\",\"url\":\"https:\/\/crunchoil.com\/nuestros-productos\/svt-di\/\",\"name\":\"SVT-DI - CrunchOil\",\"isPartOf\":{\"@id\":\"https:\/\/crunchoil.com\/es_es\/#website\"},\"primaryImageOfPage\":{\"@id\":\"https:\/\/crunchoil.com\/nuestros-productos\/svt-di\/#primaryimage\"},\"image\":{\"@id\":\"https:\/\/crunchoil.com\/nuestros-productos\/svt-di\/#primaryimage\"},\"thumbnailUrl\":\"https:\/\/crunchoil.com\/wp-content\/uploads\/2022\/04\/05-SVT-DI.png\",\"datePublished\":\"2022-04-11T13:49:30+00:00\",\"dateModified\":\"2022-09-30T13:27:06+00:00\",\"breadcrumb\":{\"@id\":\"https:\/\/crunchoil.com\/nuestros-productos\/svt-di\/#breadcrumb\"},\"inLanguage\":\"en-US\",\"potentialAction\":[{\"@type\":\"ReadAction\",\"target\":[\"https:\/\/crunchoil.com\/nuestros-productos\/svt-di\/\"]}]},{\"@type\":\"ImageObject\",\"inLanguage\":\"en-US\",\"@id\":\"https:\/\/crunchoil.com\/nuestros-productos\/svt-di\/#primaryimage\",\"url\":\"https:\/\/crunchoil.com\/wp-content\/uploads\/2022\/04\/05-SVT-DI.png\",\"contentUrl\":\"https:\/\/crunchoil.com\/wp-content\/uploads\/2022\/04\/05-SVT-DI.png\",\"width\":500,\"height\":500},{\"@type\":\"BreadcrumbList\",\"@id\":\"https:\/\/crunchoil.com\/nuestros-productos\/svt-di\/#breadcrumb\",\"itemListElement\":[{\"@type\":\"ListItem\",\"position\":1,\"name\":\"Portada\",\"item\":\"https:\/\/crunchoil.com\/es\/\"},{\"@type\":\"ListItem\",\"position\":2,\"name\":\"NUESTROS PRODUCTOS\",\"item\":\"https:\/\/crunchoil.com\/nuestros-productos\/\"},{\"@type\":\"ListItem\",\"position\":3,\"name\":\"SVT-DI\"}]},{\"@type\":\"WebSite\",\"@id\":\"https:\/\/crunchoil.com\/es_es\/#website\",\"url\":\"https:\/\/crunchoil.com\/es_es\/\",\"name\":\"CrunchOil\",\"description\":\"CrunchOil\",\"potentialAction\":[{\"@type\":\"SearchAction\",\"target\":{\"@type\":\"EntryPoint\",\"urlTemplate\":\"https:\/\/crunchoil.com\/es_es\/?s={search_term_string}\"},\"query-input\":{\"@type\":\"PropertyValueSpecification\",\"valueRequired\":true,\"valueName\":\"search_term_string\"}}],\"inLanguage\":\"en-US\"}]}<\/script>\n<!-- \/ Yoast SEO plugin. -->","yoast_head_json":{"title":"SVT-DI - CrunchOil","robots":{"index":"index","follow":"follow","max-snippet":"max-snippet:-1","max-image-preview":"max-image-preview:large","max-video-preview":"max-video-preview:-1"},"canonical":"https:\/\/crunchoil.com\/en\/nuestros-productos\/svt-di\/","og_locale":"en_US","og_type":"article","og_title":"SVT-DI - CrunchOil","og_description":"Solvente de limpieza diel\u00e9ctrica, formulado para obtener una r\u00e1pida acci\u00f3n, removiendo instant\u00e1neamente grasas y suciedades.    Presentaci\u00f3n: 5L, 20L, 200L, 1000L","og_url":"https:\/\/crunchoil.com\/en\/nuestros-productos\/svt-di\/","og_site_name":"CrunchOil","article_modified_time":"2022-09-30T13:27:06+00:00","og_image":[{"width":500,"height":500,"url":"https:\/\/crunchoil.com\/wp-content\/uploads\/2022\/04\/05-SVT-DI.png","type":"image\/png"}],"twitter_card":"summary_large_image","schema":{"@context":"https:\/\/schema.org","@graph":[{"@type":"WebPage","@id":"https:\/\/crunchoil.com\/nuestros-productos\/svt-di\/","url":"https:\/\/crunchoil.com\/nuestros-productos\/svt-di\/","name":"SVT-DI - CrunchOil","isPartOf":{"@id":"https:\/\/crunchoil.com\/es_es\/#website"},"primaryImageOfPage":{"@id":"https:\/\/crunchoil.com\/nuestros-productos\/svt-di\/#primaryimage"},"image":{"@id":"https:\/\/crunchoil.com\/nuestros-productos\/svt-di\/#primaryimage"},"thumbnailUrl":"https:\/\/crunchoil.com\/wp-content\/uploads\/2022\/04\/05-SVT-DI.png","datePublished":"2022-04-11T13:49:30+00:00","dateModified":"2022-09-30T13:27:06+00:00","breadcrumb":{"@id":"https:\/\/crunchoil.com\/nuestros-productos\/svt-di\/#breadcrumb"},"inLanguage":"en-US","potentialAction":[{"@type":"ReadAction","target":["https:\/\/crunchoil.com\/nuestros-productos\/svt-di\/"]}]},{"@type":"ImageObject","inLanguage":"en-US","@id":"https:\/\/crunchoil.com\/nuestros-productos\/svt-di\/#primaryimage","url":"https:\/\/crunchoil.com\/wp-content\/uploads\/2022\/04\/05-SVT-DI.png","contentUrl":"https:\/\/crunchoil.com\/wp-content\/uploads\/2022\/04\/05-SVT-DI.png","width":500,"height":500},{"@type":"BreadcrumbList","@id":"https:\/\/crunchoil.com\/nuestros-productos\/svt-di\/#breadcrumb","itemListElement":[{"@type":"ListItem","position":1,"name":"Portada","item":"https:\/\/crunchoil.com\/es\/"},{"@type":"ListItem","position":2,"name":"NUESTROS PRODUCTOS","item":"https:\/\/crunchoil.com\/nuestros-productos\/"},{"@type":"ListItem","position":3,"name":"SVT-DI"}]},{"@type":"WebSite","@id":"https:\/\/crunchoil.com\/es_es\/#website","url":"https:\/\/crunchoil.com\/es_es\/","name":"CrunchOil","description":"CrunchOil","potentialAction":[{"@type":"SearchAction","target":{"@type":"EntryPoint","urlTemplate":"https:\/\/crunchoil.com\/es_es\/?s={search_term_string}"},"query-input":{"@type":"PropertyValueSpecification","valueRequired":true,"valueName":"search_term_string"}}],"inLanguage":"en-US"}]}},"_links":{"self":[{"href":"http:\/\/crunchoil.com\/en\/wp-json\/wp\/v2\/product\/488","targetHints":{"allow":["GET"]}}],"collection":[{"href":"http:\/\/crunchoil.com\/en\/wp-json\/wp\/v2\/product"}],"about":[{"href":"http:\/\/crunchoil.com\/en\/wp-json\/wp\/v2\/types\/product"}],"replies":[{"embeddable":true,"href":"http:\/\/crunchoil.com\/en\/wp-json\/wp\/v2\/comments?post=488"}],"wp:featuredmedia":[{"embeddable":true,"href":"http:\/\/crunchoil.com\/en\/wp-json\/wp\/v2\/media\/534"}],"wp:attachment":[{"href":"http:\/\/crunchoil.com\/en\/wp-json\/wp\/v2\/media?parent=488"}],"wp:term":[{"taxonomy":"product_brand","embeddable":true,"href":"http:\/\/crunchoil.com\/en\/wp-json\/wp\/v2\/product_brand?post=488"},{"taxonomy":"product_cat","embeddable":true,"href":"http:\/\/crunchoil.com\/en\/wp-json\/wp\/v2\/product_cat?post=488"},{"taxonomy":"product_tag","embeddable":true,"href":"http:\/\/crunchoil.com\/en\/wp-json\/wp\/v2\/product_tag?post=488"}],"curies":[{"name":"wp","href":"https:\/\/api.w.org\/{rel}","templated":true}]}}