{"id":467,"date":"2022-04-11T10:35:54","date_gmt":"2022-04-11T13:35:54","guid":{"rendered":"https:\/\/dev.jfgancia.com\/crunchoil\/?post_type=product&#038;p=467"},"modified":"2022-09-30T10:30:31","modified_gmt":"2022-09-30T13:30:31","slug":"kit-area-limpia-quimicos","status":"publish","type":"product","link":"http:\/\/crunchoil.com\/en\/nuestros-productos\/kit-area-limpia-quimicos\/","title":{"rendered":"CLEAN AREA KIT FOR CHEMICALS"},"content":{"rendered":"","protected":false},"excerpt":{"rendered":"<p>Specifically designed to control emergencies arising from leaks or spills of chemical products that allow rapid intervention or also to be used as a preventive element in operational facilities, storage areas of hazardous substances, etc.<\/p>\n<hr \/>\n<p><strong>Absorption:<\/strong> 50L (approx.)<\/p>","protected":false},"featured_media":526,"comment_status":"open","ping_status":"closed","template":"","meta":{"_et_pb_use_builder":"","_et_pb_old_content":"","_et_gb_content_width":"","inline_featured_image":false},"product_brand":[],"product_cat":[30,34],"product_tag":[],"class_list":{"0":"post-467","1":"product","2":"type-product","3":"status-publish","4":"has-post-thumbnail","6":"product_cat-control-de-derrames","7":"product_cat-kits-de-contingencia","9":"first","10":"instock","11":"shipping-taxable","12":"product-type-simple"},"yoast_head":"<!-- This site is optimized with the Yoast SEO plugin v24.3 - https:\/\/yoast.com\/wordpress\/plugins\/seo\/ -->\n<title>KIT \u00c1REA LIMPIA QU\u00cdMICOS - CrunchOil<\/title>\n<meta name=\"robots\" content=\"index, follow, max-snippet:-1, max-image-preview:large, max-video-preview:-1\" \/>\n<link rel=\"canonical\" href=\"https:\/\/crunchoil.com\/en\/nuestros-productos\/kit-area-limpia-quimicos\/\" \/>\n<meta property=\"og:locale\" content=\"en_US\" \/>\n<meta property=\"og:type\" content=\"article\" \/>\n<meta property=\"og:title\" content=\"KIT \u00c1REA LIMPIA QU\u00cdMICOS - CrunchOil\" \/>\n<meta property=\"og:description\" content=\"Dise\u00f1ado para el control de contingencias derivadas de derrames de una gran variedad de sustancias qu\u00edmicas como \u00e1cidos, \u00e1lcalisis, solventes, etc. Ideal para ser usado como elemento preventivo en instalaciones operativas, \u00e1reas de almacenamiento de sustancias peligrosas, etc.    Absorci\u00f3n: 50L (aprox.)\" \/>\n<meta property=\"og:url\" content=\"https:\/\/crunchoil.com\/en\/nuestros-productos\/kit-area-limpia-quimicos\/\" \/>\n<meta property=\"og:site_name\" content=\"CrunchOil\" \/>\n<meta property=\"article:modified_time\" content=\"2022-09-30T13:30:31+00:00\" \/>\n<meta property=\"og:image\" content=\"https:\/\/crunchoil.com\/wp-content\/uploads\/2022\/04\/kit-area-limpia-quimicos.jpg\" \/>\n\t<meta property=\"og:image:width\" content=\"500\" \/>\n\t<meta property=\"og:image:height\" content=\"500\" \/>\n\t<meta property=\"og:image:type\" content=\"image\/jpeg\" \/>\n<meta name=\"twitter:card\" content=\"summary_large_image\" \/>\n<script type=\"application\/ld+json\" class=\"yoast-schema-graph\">{\"@context\":\"https:\/\/schema.org\",\"@graph\":[{\"@type\":\"WebPage\",\"@id\":\"https:\/\/crunchoil.com\/nuestros-productos\/kit-area-limpia-quimicos\/\",\"url\":\"https:\/\/crunchoil.com\/nuestros-productos\/kit-area-limpia-quimicos\/\",\"name\":\"KIT \u00c1REA LIMPIA QU\u00cdMICOS - CrunchOil\",\"isPartOf\":{\"@id\":\"https:\/\/crunchoil.com\/es_es\/#website\"},\"primaryImageOfPage\":{\"@id\":\"https:\/\/crunchoil.com\/nuestros-productos\/kit-area-limpia-quimicos\/#primaryimage\"},\"image\":{\"@id\":\"https:\/\/crunchoil.com\/nuestros-productos\/kit-area-limpia-quimicos\/#primaryimage\"},\"thumbnailUrl\":\"https:\/\/crunchoil.com\/wp-content\/uploads\/2022\/04\/kit-area-limpia-quimicos.jpg\",\"datePublished\":\"2022-04-11T13:35:54+00:00\",\"dateModified\":\"2022-09-30T13:30:31+00:00\",\"breadcrumb\":{\"@id\":\"https:\/\/crunchoil.com\/nuestros-productos\/kit-area-limpia-quimicos\/#breadcrumb\"},\"inLanguage\":\"en-US\",\"potentialAction\":[{\"@type\":\"ReadAction\",\"target\":[\"https:\/\/crunchoil.com\/nuestros-productos\/kit-area-limpia-quimicos\/\"]}]},{\"@type\":\"ImageObject\",\"inLanguage\":\"en-US\",\"@id\":\"https:\/\/crunchoil.com\/nuestros-productos\/kit-area-limpia-quimicos\/#primaryimage\",\"url\":\"https:\/\/crunchoil.com\/wp-content\/uploads\/2022\/04\/kit-area-limpia-quimicos.jpg\",\"contentUrl\":\"https:\/\/crunchoil.com\/wp-content\/uploads\/2022\/04\/kit-area-limpia-quimicos.jpg\",\"width\":500,\"height\":500},{\"@type\":\"BreadcrumbList\",\"@id\":\"https:\/\/crunchoil.com\/nuestros-productos\/kit-area-limpia-quimicos\/#breadcrumb\",\"itemListElement\":[{\"@type\":\"ListItem\",\"position\":1,\"name\":\"Portada\",\"item\":\"https:\/\/crunchoil.com\/es\/\"},{\"@type\":\"ListItem\",\"position\":2,\"name\":\"NUESTROS PRODUCTOS\",\"item\":\"https:\/\/crunchoil.com\/nuestros-productos\/\"},{\"@type\":\"ListItem\",\"position\":3,\"name\":\"KIT \u00c1REA LIMPIA QU\u00cdMICOS\"}]},{\"@type\":\"WebSite\",\"@id\":\"https:\/\/crunchoil.com\/es_es\/#website\",\"url\":\"https:\/\/crunchoil.com\/es_es\/\",\"name\":\"CrunchOil\",\"description\":\"CrunchOil\",\"potentialAction\":[{\"@type\":\"SearchAction\",\"target\":{\"@type\":\"EntryPoint\",\"urlTemplate\":\"https:\/\/crunchoil.com\/es_es\/?s={search_term_string}\"},\"query-input\":{\"@type\":\"PropertyValueSpecification\",\"valueRequired\":true,\"valueName\":\"search_term_string\"}}],\"inLanguage\":\"en-US\"}]}<\/script>\n<!-- \/ Yoast SEO plugin. -->","yoast_head_json":{"title":"KIT \u00c1REA LIMPIA QU\u00cdMICOS - CrunchOil","robots":{"index":"index","follow":"follow","max-snippet":"max-snippet:-1","max-image-preview":"max-image-preview:large","max-video-preview":"max-video-preview:-1"},"canonical":"https:\/\/crunchoil.com\/en\/nuestros-productos\/kit-area-limpia-quimicos\/","og_locale":"en_US","og_type":"article","og_title":"KIT \u00c1REA LIMPIA QU\u00cdMICOS - CrunchOil","og_description":"Dise\u00f1ado para el control de contingencias derivadas de derrames de una gran variedad de sustancias qu\u00edmicas como \u00e1cidos, \u00e1lcalisis, solventes, etc. Ideal para ser usado como elemento preventivo en instalaciones operativas, \u00e1reas de almacenamiento de sustancias peligrosas, etc.    Absorci\u00f3n: 50L (aprox.)","og_url":"https:\/\/crunchoil.com\/en\/nuestros-productos\/kit-area-limpia-quimicos\/","og_site_name":"CrunchOil","article_modified_time":"2022-09-30T13:30:31+00:00","og_image":[{"width":500,"height":500,"url":"https:\/\/crunchoil.com\/wp-content\/uploads\/2022\/04\/kit-area-limpia-quimicos.jpg","type":"image\/jpeg"}],"twitter_card":"summary_large_image","schema":{"@context":"https:\/\/schema.org","@graph":[{"@type":"WebPage","@id":"https:\/\/crunchoil.com\/nuestros-productos\/kit-area-limpia-quimicos\/","url":"https:\/\/crunchoil.com\/nuestros-productos\/kit-area-limpia-quimicos\/","name":"KIT \u00c1REA LIMPIA QU\u00cdMICOS - CrunchOil","isPartOf":{"@id":"https:\/\/crunchoil.com\/es_es\/#website"},"primaryImageOfPage":{"@id":"https:\/\/crunchoil.com\/nuestros-productos\/kit-area-limpia-quimicos\/#primaryimage"},"image":{"@id":"https:\/\/crunchoil.com\/nuestros-productos\/kit-area-limpia-quimicos\/#primaryimage"},"thumbnailUrl":"https:\/\/crunchoil.com\/wp-content\/uploads\/2022\/04\/kit-area-limpia-quimicos.jpg","datePublished":"2022-04-11T13:35:54+00:00","dateModified":"2022-09-30T13:30:31+00:00","breadcrumb":{"@id":"https:\/\/crunchoil.com\/nuestros-productos\/kit-area-limpia-quimicos\/#breadcrumb"},"inLanguage":"en-US","potentialAction":[{"@type":"ReadAction","target":["https:\/\/crunchoil.com\/nuestros-productos\/kit-area-limpia-quimicos\/"]}]},{"@type":"ImageObject","inLanguage":"en-US","@id":"https:\/\/crunchoil.com\/nuestros-productos\/kit-area-limpia-quimicos\/#primaryimage","url":"https:\/\/crunchoil.com\/wp-content\/uploads\/2022\/04\/kit-area-limpia-quimicos.jpg","contentUrl":"https:\/\/crunchoil.com\/wp-content\/uploads\/2022\/04\/kit-area-limpia-quimicos.jpg","width":500,"height":500},{"@type":"BreadcrumbList","@id":"https:\/\/crunchoil.com\/nuestros-productos\/kit-area-limpia-quimicos\/#breadcrumb","itemListElement":[{"@type":"ListItem","position":1,"name":"Portada","item":"https:\/\/crunchoil.com\/es\/"},{"@type":"ListItem","position":2,"name":"NUESTROS PRODUCTOS","item":"https:\/\/crunchoil.com\/nuestros-productos\/"},{"@type":"ListItem","position":3,"name":"KIT \u00c1REA LIMPIA QU\u00cdMICOS"}]},{"@type":"WebSite","@id":"https:\/\/crunchoil.com\/es_es\/#website","url":"https:\/\/crunchoil.com\/es_es\/","name":"CrunchOil","description":"CrunchOil","potentialAction":[{"@type":"SearchAction","target":{"@type":"EntryPoint","urlTemplate":"https:\/\/crunchoil.com\/es_es\/?s={search_term_string}"},"query-input":{"@type":"PropertyValueSpecification","valueRequired":true,"valueName":"search_term_string"}}],"inLanguage":"en-US"}]}},"_links":{"self":[{"href":"http:\/\/crunchoil.com\/en\/wp-json\/wp\/v2\/product\/467","targetHints":{"allow":["GET"]}}],"collection":[{"href":"http:\/\/crunchoil.com\/en\/wp-json\/wp\/v2\/product"}],"about":[{"href":"http:\/\/crunchoil.com\/en\/wp-json\/wp\/v2\/types\/product"}],"replies":[{"embeddable":true,"href":"http:\/\/crunchoil.com\/en\/wp-json\/wp\/v2\/comments?post=467"}],"wp:featuredmedia":[{"embeddable":true,"href":"http:\/\/crunchoil.com\/en\/wp-json\/wp\/v2\/media\/526"}],"wp:attachment":[{"href":"http:\/\/crunchoil.com\/en\/wp-json\/wp\/v2\/media?parent=467"}],"wp:term":[{"taxonomy":"product_brand","embeddable":true,"href":"http:\/\/crunchoil.com\/en\/wp-json\/wp\/v2\/product_brand?post=467"},{"taxonomy":"product_cat","embeddable":true,"href":"http:\/\/crunchoil.com\/en\/wp-json\/wp\/v2\/product_cat?post=467"},{"taxonomy":"product_tag","embeddable":true,"href":"http:\/\/crunchoil.com\/en\/wp-json\/wp\/v2\/product_tag?post=467"}],"curies":[{"name":"wp","href":"https:\/\/api.w.org\/{rel}","templated":true}]}}