{"id":458,"date":"2022-04-11T10:35:54","date_gmt":"2022-04-11T13:35:54","guid":{"rendered":"https:\/\/dev.jfgancia.com\/crunchoil\/?post_type=product&#038;p=458"},"modified":"2022-09-29T14:23:10","modified_gmt":"2022-09-29T17:23:10","slug":"barreras-flotantes","status":"publish","type":"product","link":"http:\/\/crunchoil.com\/en\/nuestros-productos\/barreras-flotantes\/","title":{"rendered":"FLOATING BARRIERS"},"content":{"rendered":"","protected":false},"excerpt":{"rendered":"<p>Made of polyester covered with PVC. The floating element in them is inside the flotation chamber, forming 1.5m sections. Total length of the barrier: 25m.<\/p>\n<hr \/>\n<p><strong>Presentation:<\/strong> Made to measure.<\/p>","protected":false},"featured_media":496,"comment_status":"open","ping_status":"closed","template":"","meta":{"_et_pb_use_builder":"","_et_pb_old_content":"","_et_gb_content_width":"","inline_featured_image":false},"product_brand":[],"product_cat":[30,33],"product_tag":[],"class_list":{"0":"post-458","1":"product","2":"type-product","3":"status-publish","4":"has-post-thumbnail","6":"product_cat-control-de-derrames","7":"product_cat-elementos-de-contencion","9":"first","10":"instock","11":"shipping-taxable","12":"product-type-simple"},"yoast_head":"<!-- This site is optimized with the Yoast SEO plugin v24.3 - https:\/\/yoast.com\/wordpress\/plugins\/seo\/ -->\n<title>BARRERAS FLOTANTES - CrunchOil<\/title>\n<meta name=\"robots\" content=\"index, follow, max-snippet:-1, max-image-preview:large, max-video-preview:-1\" \/>\n<link rel=\"canonical\" href=\"https:\/\/crunchoil.com\/en\/nuestros-productos\/barreras-flotantes\/\" \/>\n<meta property=\"og:locale\" content=\"en_US\" \/>\n<meta property=\"og:type\" content=\"article\" \/>\n<meta property=\"og:title\" content=\"BARRERAS FLOTANTES - CrunchOil\" \/>\n<meta property=\"og:description\" content=\"Fabricadas en poli\u00e9ster recubierto de PVC, en ellas el elemento flotante se encuentra dentro de la c\u00e1mara de flotaci\u00f3n formando tramos de 1,5m. Longitud total de la barrera: 25m.    Presentaci\u00f3n: Producto hecho a medida.\" \/>\n<meta property=\"og:url\" content=\"https:\/\/crunchoil.com\/en\/nuestros-productos\/barreras-flotantes\/\" \/>\n<meta property=\"og:site_name\" content=\"CrunchOil\" \/>\n<meta property=\"article:modified_time\" content=\"2022-09-29T17:23:10+00:00\" \/>\n<meta property=\"og:image\" content=\"https:\/\/crunchoil.com\/wp-content\/uploads\/2022\/04\/Barrera-Flotante-2.png\" \/>\n\t<meta property=\"og:image:width\" content=\"500\" \/>\n\t<meta property=\"og:image:height\" content=\"500\" \/>\n\t<meta property=\"og:image:type\" content=\"image\/png\" \/>\n<meta name=\"twitter:card\" content=\"summary_large_image\" \/>\n<script type=\"application\/ld+json\" class=\"yoast-schema-graph\">{\"@context\":\"https:\/\/schema.org\",\"@graph\":[{\"@type\":\"WebPage\",\"@id\":\"https:\/\/crunchoil.com\/nuestros-productos\/barreras-flotantes\/\",\"url\":\"https:\/\/crunchoil.com\/nuestros-productos\/barreras-flotantes\/\",\"name\":\"BARRERAS FLOTANTES - CrunchOil\",\"isPartOf\":{\"@id\":\"https:\/\/crunchoil.com\/es_es\/#website\"},\"primaryImageOfPage\":{\"@id\":\"https:\/\/crunchoil.com\/nuestros-productos\/barreras-flotantes\/#primaryimage\"},\"image\":{\"@id\":\"https:\/\/crunchoil.com\/nuestros-productos\/barreras-flotantes\/#primaryimage\"},\"thumbnailUrl\":\"https:\/\/crunchoil.com\/wp-content\/uploads\/2022\/04\/Barrera-Flotante-2.png\",\"datePublished\":\"2022-04-11T13:35:54+00:00\",\"dateModified\":\"2022-09-29T17:23:10+00:00\",\"breadcrumb\":{\"@id\":\"https:\/\/crunchoil.com\/nuestros-productos\/barreras-flotantes\/#breadcrumb\"},\"inLanguage\":\"en-US\",\"potentialAction\":[{\"@type\":\"ReadAction\",\"target\":[\"https:\/\/crunchoil.com\/nuestros-productos\/barreras-flotantes\/\"]}]},{\"@type\":\"ImageObject\",\"inLanguage\":\"en-US\",\"@id\":\"https:\/\/crunchoil.com\/nuestros-productos\/barreras-flotantes\/#primaryimage\",\"url\":\"https:\/\/crunchoil.com\/wp-content\/uploads\/2022\/04\/Barrera-Flotante-2.png\",\"contentUrl\":\"https:\/\/crunchoil.com\/wp-content\/uploads\/2022\/04\/Barrera-Flotante-2.png\",\"width\":500,\"height\":500},{\"@type\":\"BreadcrumbList\",\"@id\":\"https:\/\/crunchoil.com\/nuestros-productos\/barreras-flotantes\/#breadcrumb\",\"itemListElement\":[{\"@type\":\"ListItem\",\"position\":1,\"name\":\"Portada\",\"item\":\"https:\/\/crunchoil.com\/es\/\"},{\"@type\":\"ListItem\",\"position\":2,\"name\":\"NUESTROS PRODUCTOS\",\"item\":\"https:\/\/crunchoil.com\/nuestros-productos\/\"},{\"@type\":\"ListItem\",\"position\":3,\"name\":\"BARRERAS FLOTANTES\"}]},{\"@type\":\"WebSite\",\"@id\":\"https:\/\/crunchoil.com\/es_es\/#website\",\"url\":\"https:\/\/crunchoil.com\/es_es\/\",\"name\":\"CrunchOil\",\"description\":\"CrunchOil\",\"potentialAction\":[{\"@type\":\"SearchAction\",\"target\":{\"@type\":\"EntryPoint\",\"urlTemplate\":\"https:\/\/crunchoil.com\/es_es\/?s={search_term_string}\"},\"query-input\":{\"@type\":\"PropertyValueSpecification\",\"valueRequired\":true,\"valueName\":\"search_term_string\"}}],\"inLanguage\":\"en-US\"}]}<\/script>\n<!-- \/ Yoast SEO plugin. -->","yoast_head_json":{"title":"BARRERAS FLOTANTES - CrunchOil","robots":{"index":"index","follow":"follow","max-snippet":"max-snippet:-1","max-image-preview":"max-image-preview:large","max-video-preview":"max-video-preview:-1"},"canonical":"https:\/\/crunchoil.com\/en\/nuestros-productos\/barreras-flotantes\/","og_locale":"en_US","og_type":"article","og_title":"BARRERAS FLOTANTES - CrunchOil","og_description":"Fabricadas en poli\u00e9ster recubierto de PVC, en ellas el elemento flotante se encuentra dentro de la c\u00e1mara de flotaci\u00f3n formando tramos de 1,5m. Longitud total de la barrera: 25m.    Presentaci\u00f3n: Producto hecho a medida.","og_url":"https:\/\/crunchoil.com\/en\/nuestros-productos\/barreras-flotantes\/","og_site_name":"CrunchOil","article_modified_time":"2022-09-29T17:23:10+00:00","og_image":[{"width":500,"height":500,"url":"https:\/\/crunchoil.com\/wp-content\/uploads\/2022\/04\/Barrera-Flotante-2.png","type":"image\/png"}],"twitter_card":"summary_large_image","schema":{"@context":"https:\/\/schema.org","@graph":[{"@type":"WebPage","@id":"https:\/\/crunchoil.com\/nuestros-productos\/barreras-flotantes\/","url":"https:\/\/crunchoil.com\/nuestros-productos\/barreras-flotantes\/","name":"BARRERAS FLOTANTES - CrunchOil","isPartOf":{"@id":"https:\/\/crunchoil.com\/es_es\/#website"},"primaryImageOfPage":{"@id":"https:\/\/crunchoil.com\/nuestros-productos\/barreras-flotantes\/#primaryimage"},"image":{"@id":"https:\/\/crunchoil.com\/nuestros-productos\/barreras-flotantes\/#primaryimage"},"thumbnailUrl":"https:\/\/crunchoil.com\/wp-content\/uploads\/2022\/04\/Barrera-Flotante-2.png","datePublished":"2022-04-11T13:35:54+00:00","dateModified":"2022-09-29T17:23:10+00:00","breadcrumb":{"@id":"https:\/\/crunchoil.com\/nuestros-productos\/barreras-flotantes\/#breadcrumb"},"inLanguage":"en-US","potentialAction":[{"@type":"ReadAction","target":["https:\/\/crunchoil.com\/nuestros-productos\/barreras-flotantes\/"]}]},{"@type":"ImageObject","inLanguage":"en-US","@id":"https:\/\/crunchoil.com\/nuestros-productos\/barreras-flotantes\/#primaryimage","url":"https:\/\/crunchoil.com\/wp-content\/uploads\/2022\/04\/Barrera-Flotante-2.png","contentUrl":"https:\/\/crunchoil.com\/wp-content\/uploads\/2022\/04\/Barrera-Flotante-2.png","width":500,"height":500},{"@type":"BreadcrumbList","@id":"https:\/\/crunchoil.com\/nuestros-productos\/barreras-flotantes\/#breadcrumb","itemListElement":[{"@type":"ListItem","position":1,"name":"Portada","item":"https:\/\/crunchoil.com\/es\/"},{"@type":"ListItem","position":2,"name":"NUESTROS PRODUCTOS","item":"https:\/\/crunchoil.com\/nuestros-productos\/"},{"@type":"ListItem","position":3,"name":"BARRERAS FLOTANTES"}]},{"@type":"WebSite","@id":"https:\/\/crunchoil.com\/es_es\/#website","url":"https:\/\/crunchoil.com\/es_es\/","name":"CrunchOil","description":"CrunchOil","potentialAction":[{"@type":"SearchAction","target":{"@type":"EntryPoint","urlTemplate":"https:\/\/crunchoil.com\/es_es\/?s={search_term_string}"},"query-input":{"@type":"PropertyValueSpecification","valueRequired":true,"valueName":"search_term_string"}}],"inLanguage":"en-US"}]}},"_links":{"self":[{"href":"http:\/\/crunchoil.com\/en\/wp-json\/wp\/v2\/product\/458","targetHints":{"allow":["GET"]}}],"collection":[{"href":"http:\/\/crunchoil.com\/en\/wp-json\/wp\/v2\/product"}],"about":[{"href":"http:\/\/crunchoil.com\/en\/wp-json\/wp\/v2\/types\/product"}],"replies":[{"embeddable":true,"href":"http:\/\/crunchoil.com\/en\/wp-json\/wp\/v2\/comments?post=458"}],"wp:featuredmedia":[{"embeddable":true,"href":"http:\/\/crunchoil.com\/en\/wp-json\/wp\/v2\/media\/496"}],"wp:attachment":[{"href":"http:\/\/crunchoil.com\/en\/wp-json\/wp\/v2\/media?parent=458"}],"wp:term":[{"taxonomy":"product_brand","embeddable":true,"href":"http:\/\/crunchoil.com\/en\/wp-json\/wp\/v2\/product_brand?post=458"},{"taxonomy":"product_cat","embeddable":true,"href":"http:\/\/crunchoil.com\/en\/wp-json\/wp\/v2\/product_cat?post=458"},{"taxonomy":"product_tag","embeddable":true,"href":"http:\/\/crunchoil.com\/en\/wp-json\/wp\/v2\/product_tag?post=458"}],"curies":[{"name":"wp","href":"https:\/\/api.w.org\/{rel}","templated":true}]}}