{"id":451,"date":"2022-04-11T10:35:53","date_gmt":"2022-04-11T13:35:53","guid":{"rendered":"https:\/\/dev.jfgancia.com\/crunchoil\/?post_type=product&#038;p=451"},"modified":"2023-06-09T13:06:57","modified_gmt":"2023-06-09T16:06:57","slug":"panos-absorbentes-con-cara-impermeable","status":"publish","type":"product","link":"http:\/\/crunchoil.com\/en\/nuestros-productos\/panos-absorbentes-con-cara-impermeable\/","title":{"rendered":"ABSORBENT PAD WITH WATERPROOF SURFACE"},"content":{"rendered":"","protected":false},"excerpt":{"rendered":"<p>Specially designed to be used for hydrocarbon leaks and spills, where the released substance will be absorbed by the synthetic fibers, while being completely isolated from the soil, thanks to their polyethylene surface (waterproof).<\/p>\n<hr \/>\n<p><strong>Presentation:<\/strong> Pack of 100 pads, Roll.<\/p>\n<p><strong>Specs:<\/strong>\u00a0See commercial sheet.<\/p>","protected":false},"featured_media":489,"comment_status":"open","ping_status":"closed","template":"","meta":{"_et_pb_use_builder":"","_et_pb_old_content":"","_et_gb_content_width":"","inline_featured_image":false},"product_brand":[],"product_cat":[31,30],"product_tag":[],"class_list":{"0":"post-451","1":"product","2":"type-product","3":"status-publish","4":"has-post-thumbnail","6":"product_cat-absorcion-de-hidrocarburos","7":"product_cat-control-de-derrames","9":"first","10":"instock","11":"shipping-taxable","12":"product-type-simple"},"yoast_head":"<!-- This site is optimized with the Yoast SEO plugin v24.3 - https:\/\/yoast.com\/wordpress\/plugins\/seo\/ -->\n<title>PA\u00d1OS ABSORBENTES CON CARA IMPERMEABLE - CrunchOil<\/title>\n<meta name=\"robots\" content=\"index, follow, max-snippet:-1, max-image-preview:large, max-video-preview:-1\" \/>\n<link rel=\"canonical\" href=\"https:\/\/crunchoil.com\/en\/nuestros-productos\/panos-absorbentes-con-cara-impermeable\/\" \/>\n<meta property=\"og:locale\" content=\"en_US\" \/>\n<meta property=\"og:type\" content=\"article\" \/>\n<meta property=\"og:title\" content=\"PA\u00d1OS ABSORBENTES CON CARA IMPERMEABLE - CrunchOil\" \/>\n<meta property=\"og:description\" content=\"Producto dise\u00f1ado para ser utilizado en situaciones de goteos y fugas de hidrocarburos, donde la sustancia liberada ser\u00e1 absorbida por las fibras sint\u00e9ticas quedando aislada completamente del suelo, gracias a su cara impermeable.    Presentaci\u00f3n: Paquete 100 pa\u00f1os, Rollo.  Especificaciones:\u00a0Ver hoja comercial.\" \/>\n<meta property=\"og:url\" content=\"https:\/\/crunchoil.com\/en\/nuestros-productos\/panos-absorbentes-con-cara-impermeable\/\" \/>\n<meta property=\"og:site_name\" content=\"CrunchOil\" \/>\n<meta property=\"article:modified_time\" content=\"2023-06-09T16:06:57+00:00\" \/>\n<meta property=\"og:image\" content=\"https:\/\/crunchoil.com\/wp-content\/uploads\/2022\/04\/PANOS-ABSORBENTES-CON-CARA-IMPERMEABLE3.png\" \/>\n\t<meta property=\"og:image:width\" content=\"750\" \/>\n\t<meta property=\"og:image:height\" content=\"500\" \/>\n\t<meta property=\"og:image:type\" content=\"image\/png\" \/>\n<meta name=\"twitter:card\" content=\"summary_large_image\" \/>\n<script type=\"application\/ld+json\" class=\"yoast-schema-graph\">{\"@context\":\"https:\/\/schema.org\",\"@graph\":[{\"@type\":\"WebPage\",\"@id\":\"https:\/\/crunchoil.com\/nuestros-productos\/panos-absorbentes-con-cara-impermeable\/\",\"url\":\"https:\/\/crunchoil.com\/nuestros-productos\/panos-absorbentes-con-cara-impermeable\/\",\"name\":\"PA\u00d1OS ABSORBENTES CON CARA IMPERMEABLE - CrunchOil\",\"isPartOf\":{\"@id\":\"https:\/\/crunchoil.com\/es_es\/#website\"},\"primaryImageOfPage\":{\"@id\":\"https:\/\/crunchoil.com\/nuestros-productos\/panos-absorbentes-con-cara-impermeable\/#primaryimage\"},\"image\":{\"@id\":\"https:\/\/crunchoil.com\/nuestros-productos\/panos-absorbentes-con-cara-impermeable\/#primaryimage\"},\"thumbnailUrl\":\"https:\/\/crunchoil.com\/wp-content\/uploads\/2022\/04\/PANOS-ABSORBENTES-CON-CARA-IMPERMEABLE3.png\",\"datePublished\":\"2022-04-11T13:35:53+00:00\",\"dateModified\":\"2023-06-09T16:06:57+00:00\",\"breadcrumb\":{\"@id\":\"https:\/\/crunchoil.com\/nuestros-productos\/panos-absorbentes-con-cara-impermeable\/#breadcrumb\"},\"inLanguage\":\"en-US\",\"potentialAction\":[{\"@type\":\"ReadAction\",\"target\":[\"https:\/\/crunchoil.com\/nuestros-productos\/panos-absorbentes-con-cara-impermeable\/\"]}]},{\"@type\":\"ImageObject\",\"inLanguage\":\"en-US\",\"@id\":\"https:\/\/crunchoil.com\/nuestros-productos\/panos-absorbentes-con-cara-impermeable\/#primaryimage\",\"url\":\"https:\/\/crunchoil.com\/wp-content\/uploads\/2022\/04\/PANOS-ABSORBENTES-CON-CARA-IMPERMEABLE3.png\",\"contentUrl\":\"https:\/\/crunchoil.com\/wp-content\/uploads\/2022\/04\/PANOS-ABSORBENTES-CON-CARA-IMPERMEABLE3.png\",\"width\":750,\"height\":500},{\"@type\":\"BreadcrumbList\",\"@id\":\"https:\/\/crunchoil.com\/nuestros-productos\/panos-absorbentes-con-cara-impermeable\/#breadcrumb\",\"itemListElement\":[{\"@type\":\"ListItem\",\"position\":1,\"name\":\"Portada\",\"item\":\"https:\/\/crunchoil.com\/es\/\"},{\"@type\":\"ListItem\",\"position\":2,\"name\":\"NUESTROS PRODUCTOS\",\"item\":\"https:\/\/crunchoil.com\/nuestros-productos\/\"},{\"@type\":\"ListItem\",\"position\":3,\"name\":\"PA\u00d1OS ABSORBENTES CON CARA IMPERMEABLE\"}]},{\"@type\":\"WebSite\",\"@id\":\"https:\/\/crunchoil.com\/es_es\/#website\",\"url\":\"https:\/\/crunchoil.com\/es_es\/\",\"name\":\"CrunchOil\",\"description\":\"CrunchOil\",\"potentialAction\":[{\"@type\":\"SearchAction\",\"target\":{\"@type\":\"EntryPoint\",\"urlTemplate\":\"https:\/\/crunchoil.com\/es_es\/?s={search_term_string}\"},\"query-input\":{\"@type\":\"PropertyValueSpecification\",\"valueRequired\":true,\"valueName\":\"search_term_string\"}}],\"inLanguage\":\"en-US\"}]}<\/script>\n<!-- \/ Yoast SEO plugin. -->","yoast_head_json":{"title":"PA\u00d1OS ABSORBENTES CON CARA IMPERMEABLE - CrunchOil","robots":{"index":"index","follow":"follow","max-snippet":"max-snippet:-1","max-image-preview":"max-image-preview:large","max-video-preview":"max-video-preview:-1"},"canonical":"https:\/\/crunchoil.com\/en\/nuestros-productos\/panos-absorbentes-con-cara-impermeable\/","og_locale":"en_US","og_type":"article","og_title":"PA\u00d1OS ABSORBENTES CON CARA IMPERMEABLE - CrunchOil","og_description":"Producto dise\u00f1ado para ser utilizado en situaciones de goteos y fugas de hidrocarburos, donde la sustancia liberada ser\u00e1 absorbida por las fibras sint\u00e9ticas quedando aislada completamente del suelo, gracias a su cara impermeable.    Presentaci\u00f3n: Paquete 100 pa\u00f1os, Rollo.  Especificaciones:\u00a0Ver hoja comercial.","og_url":"https:\/\/crunchoil.com\/en\/nuestros-productos\/panos-absorbentes-con-cara-impermeable\/","og_site_name":"CrunchOil","article_modified_time":"2023-06-09T16:06:57+00:00","og_image":[{"width":750,"height":500,"url":"https:\/\/crunchoil.com\/wp-content\/uploads\/2022\/04\/PANOS-ABSORBENTES-CON-CARA-IMPERMEABLE3.png","type":"image\/png"}],"twitter_card":"summary_large_image","schema":{"@context":"https:\/\/schema.org","@graph":[{"@type":"WebPage","@id":"https:\/\/crunchoil.com\/nuestros-productos\/panos-absorbentes-con-cara-impermeable\/","url":"https:\/\/crunchoil.com\/nuestros-productos\/panos-absorbentes-con-cara-impermeable\/","name":"PA\u00d1OS ABSORBENTES CON CARA IMPERMEABLE - CrunchOil","isPartOf":{"@id":"https:\/\/crunchoil.com\/es_es\/#website"},"primaryImageOfPage":{"@id":"https:\/\/crunchoil.com\/nuestros-productos\/panos-absorbentes-con-cara-impermeable\/#primaryimage"},"image":{"@id":"https:\/\/crunchoil.com\/nuestros-productos\/panos-absorbentes-con-cara-impermeable\/#primaryimage"},"thumbnailUrl":"https:\/\/crunchoil.com\/wp-content\/uploads\/2022\/04\/PANOS-ABSORBENTES-CON-CARA-IMPERMEABLE3.png","datePublished":"2022-04-11T13:35:53+00:00","dateModified":"2023-06-09T16:06:57+00:00","breadcrumb":{"@id":"https:\/\/crunchoil.com\/nuestros-productos\/panos-absorbentes-con-cara-impermeable\/#breadcrumb"},"inLanguage":"en-US","potentialAction":[{"@type":"ReadAction","target":["https:\/\/crunchoil.com\/nuestros-productos\/panos-absorbentes-con-cara-impermeable\/"]}]},{"@type":"ImageObject","inLanguage":"en-US","@id":"https:\/\/crunchoil.com\/nuestros-productos\/panos-absorbentes-con-cara-impermeable\/#primaryimage","url":"https:\/\/crunchoil.com\/wp-content\/uploads\/2022\/04\/PANOS-ABSORBENTES-CON-CARA-IMPERMEABLE3.png","contentUrl":"https:\/\/crunchoil.com\/wp-content\/uploads\/2022\/04\/PANOS-ABSORBENTES-CON-CARA-IMPERMEABLE3.png","width":750,"height":500},{"@type":"BreadcrumbList","@id":"https:\/\/crunchoil.com\/nuestros-productos\/panos-absorbentes-con-cara-impermeable\/#breadcrumb","itemListElement":[{"@type":"ListItem","position":1,"name":"Portada","item":"https:\/\/crunchoil.com\/es\/"},{"@type":"ListItem","position":2,"name":"NUESTROS PRODUCTOS","item":"https:\/\/crunchoil.com\/nuestros-productos\/"},{"@type":"ListItem","position":3,"name":"PA\u00d1OS ABSORBENTES CON CARA IMPERMEABLE"}]},{"@type":"WebSite","@id":"https:\/\/crunchoil.com\/es_es\/#website","url":"https:\/\/crunchoil.com\/es_es\/","name":"CrunchOil","description":"CrunchOil","potentialAction":[{"@type":"SearchAction","target":{"@type":"EntryPoint","urlTemplate":"https:\/\/crunchoil.com\/es_es\/?s={search_term_string}"},"query-input":{"@type":"PropertyValueSpecification","valueRequired":true,"valueName":"search_term_string"}}],"inLanguage":"en-US"}]}},"_links":{"self":[{"href":"http:\/\/crunchoil.com\/en\/wp-json\/wp\/v2\/product\/451","targetHints":{"allow":["GET"]}}],"collection":[{"href":"http:\/\/crunchoil.com\/en\/wp-json\/wp\/v2\/product"}],"about":[{"href":"http:\/\/crunchoil.com\/en\/wp-json\/wp\/v2\/types\/product"}],"replies":[{"embeddable":true,"href":"http:\/\/crunchoil.com\/en\/wp-json\/wp\/v2\/comments?post=451"}],"wp:featuredmedia":[{"embeddable":true,"href":"http:\/\/crunchoil.com\/en\/wp-json\/wp\/v2\/media\/489"}],"wp:attachment":[{"href":"http:\/\/crunchoil.com\/en\/wp-json\/wp\/v2\/media?parent=451"}],"wp:term":[{"taxonomy":"product_brand","embeddable":true,"href":"http:\/\/crunchoil.com\/en\/wp-json\/wp\/v2\/product_brand?post=451"},{"taxonomy":"product_cat","embeddable":true,"href":"http:\/\/crunchoil.com\/en\/wp-json\/wp\/v2\/product_cat?post=451"},{"taxonomy":"product_tag","embeddable":true,"href":"http:\/\/crunchoil.com\/en\/wp-json\/wp\/v2\/product_tag?post=451"}],"curies":[{"name":"wp","href":"https:\/\/api.w.org\/{rel}","templated":true}]}}