{"id":450,"date":"2022-04-11T10:35:53","date_gmt":"2022-04-11T13:35:53","guid":{"rendered":"https:\/\/dev.jfgancia.com\/crunchoil\/?post_type=product&#038;p=450"},"modified":"2022-09-29T12:46:30","modified_gmt":"2022-09-29T15:46:30","slug":"panos-absorbentes-para-tambores","status":"publish","type":"product","link":"http:\/\/crunchoil.com\/en\/nuestros-productos\/panos-absorbentes-para-tambores\/","title":{"rendered":"DRUM TOP ABSORBENT PADS"},"content":{"rendered":"","protected":false},"excerpt":{"rendered":"<p>Specially designed to fit on 200 litre drum tops. They have pre-cut holes for bungs, to provide an ideal fit. They are ideal for keeping drums clean and tidy during the extraction of oil and other hydrocarbons.<\/p>\n<hr \/>\n<p><strong>Size:<\/strong> 59cm in diameter<\/p>\n<p><strong>Absorption:<\/strong> 17L (approx.)<\/p>\n<p><strong>Presentation:<\/strong> Pack of 100 pads<\/p>","protected":false},"featured_media":487,"comment_status":"open","ping_status":"closed","template":"","meta":{"_et_pb_use_builder":"","_et_pb_old_content":"","_et_gb_content_width":"","inline_featured_image":false},"product_brand":[],"product_cat":[31,30],"product_tag":[],"class_list":{"0":"post-450","1":"product","2":"type-product","3":"status-publish","4":"has-post-thumbnail","6":"product_cat-absorcion-de-hidrocarburos","7":"product_cat-control-de-derrames","9":"first","10":"instock","11":"shipping-taxable","12":"product-type-simple"},"yoast_head":"<!-- This site is optimized with the Yoast SEO plugin v24.3 - https:\/\/yoast.com\/wordpress\/plugins\/seo\/ -->\n<title>PA\u00d1OS ABSORBENTES PARA TAMBORES - CrunchOil<\/title>\n<meta name=\"robots\" content=\"index, follow, max-snippet:-1, max-image-preview:large, max-video-preview:-1\" \/>\n<link rel=\"canonical\" href=\"https:\/\/crunchoil.com\/en\/nuestros-productos\/panos-absorbentes-para-tambores\/\" \/>\n<meta property=\"og:locale\" content=\"en_US\" \/>\n<meta property=\"og:type\" content=\"article\" \/>\n<meta property=\"og:title\" content=\"PA\u00d1OS ABSORBENTES PARA TAMBORES - CrunchOil\" \/>\n<meta property=\"og:description\" content=\"Dise\u00f1ados para colocar en las tapas de tambores industriales de 200 litros. Poseen aberturas en las bocas de descarga, para mantener la limpieza y el orden al momento de extraer aceites y otros hidrocarburos.    Tama\u00f1o: 59cm de di\u00e1metro  Absorci\u00f3n: 17L (aprox.)  Presentaci\u00f3n: Paquete 100 pa\u00f1os\" \/>\n<meta property=\"og:url\" content=\"https:\/\/crunchoil.com\/en\/nuestros-productos\/panos-absorbentes-para-tambores\/\" \/>\n<meta property=\"og:site_name\" content=\"CrunchOil\" \/>\n<meta property=\"article:modified_time\" content=\"2022-09-29T15:46:30+00:00\" \/>\n<meta property=\"og:image\" content=\"https:\/\/crunchoil.com\/wp-content\/uploads\/2022\/04\/PANOS-ABSORBENTES-PARA-TAMBORES-1.png\" \/>\n\t<meta property=\"og:image:width\" content=\"1500\" \/>\n\t<meta property=\"og:image:height\" content=\"1999\" \/>\n\t<meta property=\"og:image:type\" content=\"image\/png\" \/>\n<meta name=\"twitter:card\" content=\"summary_large_image\" \/>\n<script type=\"application\/ld+json\" class=\"yoast-schema-graph\">{\"@context\":\"https:\/\/schema.org\",\"@graph\":[{\"@type\":\"WebPage\",\"@id\":\"https:\/\/crunchoil.com\/nuestros-productos\/panos-absorbentes-para-tambores\/\",\"url\":\"https:\/\/crunchoil.com\/nuestros-productos\/panos-absorbentes-para-tambores\/\",\"name\":\"PA\u00d1OS ABSORBENTES PARA TAMBORES - CrunchOil\",\"isPartOf\":{\"@id\":\"https:\/\/crunchoil.com\/es_es\/#website\"},\"primaryImageOfPage\":{\"@id\":\"https:\/\/crunchoil.com\/nuestros-productos\/panos-absorbentes-para-tambores\/#primaryimage\"},\"image\":{\"@id\":\"https:\/\/crunchoil.com\/nuestros-productos\/panos-absorbentes-para-tambores\/#primaryimage\"},\"thumbnailUrl\":\"https:\/\/crunchoil.com\/wp-content\/uploads\/2022\/04\/PANOS-ABSORBENTES-PARA-TAMBORES-1.png\",\"datePublished\":\"2022-04-11T13:35:53+00:00\",\"dateModified\":\"2022-09-29T15:46:30+00:00\",\"breadcrumb\":{\"@id\":\"https:\/\/crunchoil.com\/nuestros-productos\/panos-absorbentes-para-tambores\/#breadcrumb\"},\"inLanguage\":\"en-US\",\"potentialAction\":[{\"@type\":\"ReadAction\",\"target\":[\"https:\/\/crunchoil.com\/nuestros-productos\/panos-absorbentes-para-tambores\/\"]}]},{\"@type\":\"ImageObject\",\"inLanguage\":\"en-US\",\"@id\":\"https:\/\/crunchoil.com\/nuestros-productos\/panos-absorbentes-para-tambores\/#primaryimage\",\"url\":\"https:\/\/crunchoil.com\/wp-content\/uploads\/2022\/04\/PANOS-ABSORBENTES-PARA-TAMBORES-1.png\",\"contentUrl\":\"https:\/\/crunchoil.com\/wp-content\/uploads\/2022\/04\/PANOS-ABSORBENTES-PARA-TAMBORES-1.png\",\"width\":1500,\"height\":1999},{\"@type\":\"BreadcrumbList\",\"@id\":\"https:\/\/crunchoil.com\/nuestros-productos\/panos-absorbentes-para-tambores\/#breadcrumb\",\"itemListElement\":[{\"@type\":\"ListItem\",\"position\":1,\"name\":\"Portada\",\"item\":\"https:\/\/crunchoil.com\/es\/\"},{\"@type\":\"ListItem\",\"position\":2,\"name\":\"NUESTROS PRODUCTOS\",\"item\":\"https:\/\/crunchoil.com\/nuestros-productos\/\"},{\"@type\":\"ListItem\",\"position\":3,\"name\":\"PA\u00d1OS ABSORBENTES PARA TAMBORES\"}]},{\"@type\":\"WebSite\",\"@id\":\"https:\/\/crunchoil.com\/es_es\/#website\",\"url\":\"https:\/\/crunchoil.com\/es_es\/\",\"name\":\"CrunchOil\",\"description\":\"CrunchOil\",\"potentialAction\":[{\"@type\":\"SearchAction\",\"target\":{\"@type\":\"EntryPoint\",\"urlTemplate\":\"https:\/\/crunchoil.com\/es_es\/?s={search_term_string}\"},\"query-input\":{\"@type\":\"PropertyValueSpecification\",\"valueRequired\":true,\"valueName\":\"search_term_string\"}}],\"inLanguage\":\"en-US\"}]}<\/script>\n<!-- \/ Yoast SEO plugin. -->","yoast_head_json":{"title":"PA\u00d1OS ABSORBENTES PARA TAMBORES - CrunchOil","robots":{"index":"index","follow":"follow","max-snippet":"max-snippet:-1","max-image-preview":"max-image-preview:large","max-video-preview":"max-video-preview:-1"},"canonical":"https:\/\/crunchoil.com\/en\/nuestros-productos\/panos-absorbentes-para-tambores\/","og_locale":"en_US","og_type":"article","og_title":"PA\u00d1OS ABSORBENTES PARA TAMBORES - CrunchOil","og_description":"Dise\u00f1ados para colocar en las tapas de tambores industriales de 200 litros. Poseen aberturas en las bocas de descarga, para mantener la limpieza y el orden al momento de extraer aceites y otros hidrocarburos.    Tama\u00f1o: 59cm de di\u00e1metro  Absorci\u00f3n: 17L (aprox.)  Presentaci\u00f3n: Paquete 100 pa\u00f1os","og_url":"https:\/\/crunchoil.com\/en\/nuestros-productos\/panos-absorbentes-para-tambores\/","og_site_name":"CrunchOil","article_modified_time":"2022-09-29T15:46:30+00:00","og_image":[{"width":1500,"height":1999,"url":"https:\/\/crunchoil.com\/wp-content\/uploads\/2022\/04\/PANOS-ABSORBENTES-PARA-TAMBORES-1.png","type":"image\/png"}],"twitter_card":"summary_large_image","schema":{"@context":"https:\/\/schema.org","@graph":[{"@type":"WebPage","@id":"https:\/\/crunchoil.com\/nuestros-productos\/panos-absorbentes-para-tambores\/","url":"https:\/\/crunchoil.com\/nuestros-productos\/panos-absorbentes-para-tambores\/","name":"PA\u00d1OS ABSORBENTES PARA TAMBORES - CrunchOil","isPartOf":{"@id":"https:\/\/crunchoil.com\/es_es\/#website"},"primaryImageOfPage":{"@id":"https:\/\/crunchoil.com\/nuestros-productos\/panos-absorbentes-para-tambores\/#primaryimage"},"image":{"@id":"https:\/\/crunchoil.com\/nuestros-productos\/panos-absorbentes-para-tambores\/#primaryimage"},"thumbnailUrl":"https:\/\/crunchoil.com\/wp-content\/uploads\/2022\/04\/PANOS-ABSORBENTES-PARA-TAMBORES-1.png","datePublished":"2022-04-11T13:35:53+00:00","dateModified":"2022-09-29T15:46:30+00:00","breadcrumb":{"@id":"https:\/\/crunchoil.com\/nuestros-productos\/panos-absorbentes-para-tambores\/#breadcrumb"},"inLanguage":"en-US","potentialAction":[{"@type":"ReadAction","target":["https:\/\/crunchoil.com\/nuestros-productos\/panos-absorbentes-para-tambores\/"]}]},{"@type":"ImageObject","inLanguage":"en-US","@id":"https:\/\/crunchoil.com\/nuestros-productos\/panos-absorbentes-para-tambores\/#primaryimage","url":"https:\/\/crunchoil.com\/wp-content\/uploads\/2022\/04\/PANOS-ABSORBENTES-PARA-TAMBORES-1.png","contentUrl":"https:\/\/crunchoil.com\/wp-content\/uploads\/2022\/04\/PANOS-ABSORBENTES-PARA-TAMBORES-1.png","width":1500,"height":1999},{"@type":"BreadcrumbList","@id":"https:\/\/crunchoil.com\/nuestros-productos\/panos-absorbentes-para-tambores\/#breadcrumb","itemListElement":[{"@type":"ListItem","position":1,"name":"Portada","item":"https:\/\/crunchoil.com\/es\/"},{"@type":"ListItem","position":2,"name":"NUESTROS PRODUCTOS","item":"https:\/\/crunchoil.com\/nuestros-productos\/"},{"@type":"ListItem","position":3,"name":"PA\u00d1OS ABSORBENTES PARA TAMBORES"}]},{"@type":"WebSite","@id":"https:\/\/crunchoil.com\/es_es\/#website","url":"https:\/\/crunchoil.com\/es_es\/","name":"CrunchOil","description":"CrunchOil","potentialAction":[{"@type":"SearchAction","target":{"@type":"EntryPoint","urlTemplate":"https:\/\/crunchoil.com\/es_es\/?s={search_term_string}"},"query-input":{"@type":"PropertyValueSpecification","valueRequired":true,"valueName":"search_term_string"}}],"inLanguage":"en-US"}]}},"_links":{"self":[{"href":"http:\/\/crunchoil.com\/en\/wp-json\/wp\/v2\/product\/450","targetHints":{"allow":["GET"]}}],"collection":[{"href":"http:\/\/crunchoil.com\/en\/wp-json\/wp\/v2\/product"}],"about":[{"href":"http:\/\/crunchoil.com\/en\/wp-json\/wp\/v2\/types\/product"}],"replies":[{"embeddable":true,"href":"http:\/\/crunchoil.com\/en\/wp-json\/wp\/v2\/comments?post=450"}],"wp:featuredmedia":[{"embeddable":true,"href":"http:\/\/crunchoil.com\/en\/wp-json\/wp\/v2\/media\/487"}],"wp:attachment":[{"href":"http:\/\/crunchoil.com\/en\/wp-json\/wp\/v2\/media?parent=450"}],"wp:term":[{"taxonomy":"product_brand","embeddable":true,"href":"http:\/\/crunchoil.com\/en\/wp-json\/wp\/v2\/product_brand?post=450"},{"taxonomy":"product_cat","embeddable":true,"href":"http:\/\/crunchoil.com\/en\/wp-json\/wp\/v2\/product_cat?post=450"},{"taxonomy":"product_tag","embeddable":true,"href":"http:\/\/crunchoil.com\/en\/wp-json\/wp\/v2\/product_tag?post=450"}],"curies":[{"name":"wp","href":"https:\/\/api.w.org\/{rel}","templated":true}]}}