{"id":454,"date":"2022-04-11T10:35:53","date_gmt":"2022-04-11T13:35:53","guid":{"rendered":"https:\/\/dev.jfgancia.com\/crunchoil\/?post_type=product&#038;p=454"},"modified":"2022-09-29T12:44:59","modified_gmt":"2022-09-29T15:44:59","slug":"floating-boom","status":"publish","type":"product","link":"http:\/\/crunchoil.com\/ar\/nuestros-productos\/floating-boom\/","title":{"rendered":"FLOATING BOOM"},"content":{"rendered":"","protected":false},"excerpt":{"rendered":"<p>Manga de polipropileno rellenas de fibras org\u00e1nicas naturales. Dise\u00f1ada para ser utilizada en derrames de hidrocarburos sobre agua, con accesorios que permiten su uni\u00f3n con otras mangas, para lograr barreras flotantes de contenci\u00f3n.<\/p>\n<hr \/>\n<p><strong>Peso:<\/strong> 2kg<\/p>\n<p><strong>Tama\u00f1o:<\/strong> 250x10cm<\/p>\n<p><strong>Absorci\u00f3n:<\/strong> 14L (aprox.)<\/p>","protected":false},"featured_media":492,"comment_status":"open","ping_status":"closed","template":"","meta":{"_et_pb_use_builder":"","_et_pb_old_content":"","_et_gb_content_width":"","inline_featured_image":false},"product_brand":[],"product_cat":[32,30],"product_tag":[],"class_list":{"0":"post-454","1":"product","2":"type-product","3":"status-publish","4":"has-post-thumbnail","6":"product_cat-contencion-y-absorcion-de-hidrocarburos","7":"product_cat-control-de-derrames","9":"first","10":"instock","11":"shipping-taxable","12":"product-type-simple"},"yoast_head":"<!-- This site is optimized with the Yoast SEO plugin v24.3 - https:\/\/yoast.com\/wordpress\/plugins\/seo\/ -->\n<title>FLOATING BOOM - CrunchOil<\/title>\n<meta name=\"robots\" content=\"index, follow, max-snippet:-1, max-image-preview:large, max-video-preview:-1\" \/>\n<link rel=\"canonical\" href=\"https:\/\/crunchoil.com\/ar\/nuestros-productos\/floating-boom\/\" \/>\n<meta property=\"og:locale\" content=\"ar_AR\" \/>\n<meta property=\"og:type\" content=\"article\" \/>\n<meta property=\"og:title\" content=\"FLOATING BOOM - CrunchOil\" \/>\n<meta property=\"og:description\" content=\"Manga de polipropileno rellenas de fibras org\u00e1nicas naturales. Dise\u00f1ada para ser utilizada en derrames de hidrocarburos sobre agua, con accesorios que permiten su uni\u00f3n con otras mangas, para lograr barreras flotantes de contenci\u00f3n.    Peso: 2kg  Tama\u00f1o: 250x10cm  Absorci\u00f3n: 14L (aprox.)\" \/>\n<meta property=\"og:url\" content=\"https:\/\/crunchoil.com\/ar\/nuestros-productos\/floating-boom\/\" \/>\n<meta property=\"og:site_name\" content=\"CrunchOil\" \/>\n<meta property=\"article:modified_time\" content=\"2022-09-29T15:44:59+00:00\" \/>\n<meta property=\"og:image\" content=\"https:\/\/crunchoil.com\/wp-content\/uploads\/2022\/04\/Floating-Boom-1.png\" \/>\n\t<meta property=\"og:image:width\" content=\"500\" \/>\n\t<meta property=\"og:image:height\" content=\"500\" \/>\n\t<meta property=\"og:image:type\" content=\"image\/png\" \/>\n<meta name=\"twitter:card\" content=\"summary_large_image\" \/>\n<script type=\"application\/ld+json\" class=\"yoast-schema-graph\">{\"@context\":\"https:\/\/schema.org\",\"@graph\":[{\"@type\":\"WebPage\",\"@id\":\"https:\/\/crunchoil.com\/nuestros-productos\/floating-boom\/\",\"url\":\"https:\/\/crunchoil.com\/nuestros-productos\/floating-boom\/\",\"name\":\"FLOATING BOOM - CrunchOil\",\"isPartOf\":{\"@id\":\"https:\/\/crunchoil.com\/es_es\/#website\"},\"primaryImageOfPage\":{\"@id\":\"https:\/\/crunchoil.com\/nuestros-productos\/floating-boom\/#primaryimage\"},\"image\":{\"@id\":\"https:\/\/crunchoil.com\/nuestros-productos\/floating-boom\/#primaryimage\"},\"thumbnailUrl\":\"https:\/\/crunchoil.com\/wp-content\/uploads\/2022\/04\/Floating-Boom-1.png\",\"datePublished\":\"2022-04-11T13:35:53+00:00\",\"dateModified\":\"2022-09-29T15:44:59+00:00\",\"breadcrumb\":{\"@id\":\"https:\/\/crunchoil.com\/nuestros-productos\/floating-boom\/#breadcrumb\"},\"inLanguage\":\"ar\",\"potentialAction\":[{\"@type\":\"ReadAction\",\"target\":[\"https:\/\/crunchoil.com\/nuestros-productos\/floating-boom\/\"]}]},{\"@type\":\"ImageObject\",\"inLanguage\":\"ar\",\"@id\":\"https:\/\/crunchoil.com\/nuestros-productos\/floating-boom\/#primaryimage\",\"url\":\"https:\/\/crunchoil.com\/wp-content\/uploads\/2022\/04\/Floating-Boom-1.png\",\"contentUrl\":\"https:\/\/crunchoil.com\/wp-content\/uploads\/2022\/04\/Floating-Boom-1.png\",\"width\":500,\"height\":500},{\"@type\":\"BreadcrumbList\",\"@id\":\"https:\/\/crunchoil.com\/nuestros-productos\/floating-boom\/#breadcrumb\",\"itemListElement\":[{\"@type\":\"ListItem\",\"position\":1,\"name\":\"Portada\",\"item\":\"https:\/\/crunchoil.com\/es\/\"},{\"@type\":\"ListItem\",\"position\":2,\"name\":\"NUESTROS PRODUCTOS\",\"item\":\"https:\/\/crunchoil.com\/nuestros-productos\/\"},{\"@type\":\"ListItem\",\"position\":3,\"name\":\"FLOATING BOOM\"}]},{\"@type\":\"WebSite\",\"@id\":\"https:\/\/crunchoil.com\/es_es\/#website\",\"url\":\"https:\/\/crunchoil.com\/es_es\/\",\"name\":\"CrunchOil\",\"description\":\"CrunchOil\",\"potentialAction\":[{\"@type\":\"SearchAction\",\"target\":{\"@type\":\"EntryPoint\",\"urlTemplate\":\"https:\/\/crunchoil.com\/es_es\/?s={search_term_string}\"},\"query-input\":{\"@type\":\"PropertyValueSpecification\",\"valueRequired\":true,\"valueName\":\"search_term_string\"}}],\"inLanguage\":\"ar\"}]}<\/script>\n<!-- \/ Yoast SEO plugin. -->","yoast_head_json":{"title":"FLOATING BOOM - CrunchOil","robots":{"index":"index","follow":"follow","max-snippet":"max-snippet:-1","max-image-preview":"max-image-preview:large","max-video-preview":"max-video-preview:-1"},"canonical":"https:\/\/crunchoil.com\/ar\/nuestros-productos\/floating-boom\/","og_locale":"ar_AR","og_type":"article","og_title":"FLOATING BOOM - CrunchOil","og_description":"Manga de polipropileno rellenas de fibras org\u00e1nicas naturales. Dise\u00f1ada para ser utilizada en derrames de hidrocarburos sobre agua, con accesorios que permiten su uni\u00f3n con otras mangas, para lograr barreras flotantes de contenci\u00f3n.    Peso: 2kg  Tama\u00f1o: 250x10cm  Absorci\u00f3n: 14L (aprox.)","og_url":"https:\/\/crunchoil.com\/ar\/nuestros-productos\/floating-boom\/","og_site_name":"CrunchOil","article_modified_time":"2022-09-29T15:44:59+00:00","og_image":[{"width":500,"height":500,"url":"https:\/\/crunchoil.com\/wp-content\/uploads\/2022\/04\/Floating-Boom-1.png","type":"image\/png"}],"twitter_card":"summary_large_image","schema":{"@context":"https:\/\/schema.org","@graph":[{"@type":"WebPage","@id":"https:\/\/crunchoil.com\/nuestros-productos\/floating-boom\/","url":"https:\/\/crunchoil.com\/nuestros-productos\/floating-boom\/","name":"FLOATING BOOM - CrunchOil","isPartOf":{"@id":"https:\/\/crunchoil.com\/es_es\/#website"},"primaryImageOfPage":{"@id":"https:\/\/crunchoil.com\/nuestros-productos\/floating-boom\/#primaryimage"},"image":{"@id":"https:\/\/crunchoil.com\/nuestros-productos\/floating-boom\/#primaryimage"},"thumbnailUrl":"https:\/\/crunchoil.com\/wp-content\/uploads\/2022\/04\/Floating-Boom-1.png","datePublished":"2022-04-11T13:35:53+00:00","dateModified":"2022-09-29T15:44:59+00:00","breadcrumb":{"@id":"https:\/\/crunchoil.com\/nuestros-productos\/floating-boom\/#breadcrumb"},"inLanguage":"ar","potentialAction":[{"@type":"ReadAction","target":["https:\/\/crunchoil.com\/nuestros-productos\/floating-boom\/"]}]},{"@type":"ImageObject","inLanguage":"ar","@id":"https:\/\/crunchoil.com\/nuestros-productos\/floating-boom\/#primaryimage","url":"https:\/\/crunchoil.com\/wp-content\/uploads\/2022\/04\/Floating-Boom-1.png","contentUrl":"https:\/\/crunchoil.com\/wp-content\/uploads\/2022\/04\/Floating-Boom-1.png","width":500,"height":500},{"@type":"BreadcrumbList","@id":"https:\/\/crunchoil.com\/nuestros-productos\/floating-boom\/#breadcrumb","itemListElement":[{"@type":"ListItem","position":1,"name":"Portada","item":"https:\/\/crunchoil.com\/es\/"},{"@type":"ListItem","position":2,"name":"NUESTROS PRODUCTOS","item":"https:\/\/crunchoil.com\/nuestros-productos\/"},{"@type":"ListItem","position":3,"name":"FLOATING BOOM"}]},{"@type":"WebSite","@id":"https:\/\/crunchoil.com\/es_es\/#website","url":"https:\/\/crunchoil.com\/es_es\/","name":"CrunchOil","description":"CrunchOil","potentialAction":[{"@type":"SearchAction","target":{"@type":"EntryPoint","urlTemplate":"https:\/\/crunchoil.com\/es_es\/?s={search_term_string}"},"query-input":{"@type":"PropertyValueSpecification","valueRequired":true,"valueName":"search_term_string"}}],"inLanguage":"ar"}]}},"_links":{"self":[{"href":"http:\/\/crunchoil.com\/ar\/wp-json\/wp\/v2\/product\/454","targetHints":{"allow":["GET"]}}],"collection":[{"href":"http:\/\/crunchoil.com\/ar\/wp-json\/wp\/v2\/product"}],"about":[{"href":"http:\/\/crunchoil.com\/ar\/wp-json\/wp\/v2\/types\/product"}],"replies":[{"embeddable":true,"href":"http:\/\/crunchoil.com\/ar\/wp-json\/wp\/v2\/comments?post=454"}],"wp:featuredmedia":[{"embeddable":true,"href":"http:\/\/crunchoil.com\/ar\/wp-json\/wp\/v2\/media\/492"}],"wp:attachment":[{"href":"http:\/\/crunchoil.com\/ar\/wp-json\/wp\/v2\/media?parent=454"}],"wp:term":[{"taxonomy":"product_brand","embeddable":true,"href":"http:\/\/crunchoil.com\/ar\/wp-json\/wp\/v2\/product_brand?post=454"},{"taxonomy":"product_cat","embeddable":true,"href":"http:\/\/crunchoil.com\/ar\/wp-json\/wp\/v2\/product_cat?post=454"},{"taxonomy":"product_tag","embeddable":true,"href":"http:\/\/crunchoil.com\/ar\/wp-json\/wp\/v2\/product_tag?post=454"}],"curies":[{"name":"wp","href":"https:\/\/api.w.org\/{rel}","templated":true}]}}